{"id":12985,"date":"2023-09-07T15:44:55","date_gmt":"2023-09-07T20:44:55","guid":{"rendered":"https:\/\/lebonchien.ca\/?post_type=product&#038;p=12985"},"modified":"2025-12-09T14:19:49","modified_gmt":"2025-12-09T19:19:49","slug":"tactical-collar","status":"publish","type":"product","link":"https:\/\/lebonchien.ca\/en\/product-2\/tactical-collar","title":{"rendered":"Tactical Collar"},"content":{"rendered":"<\/p>\n<h4>Tactical Dog Collar Description - Safety, Comfort, and Control<\/h4>\n<p>Give your dog the best in safety and comfort with our high-quality <strong>tactical collar<\/strong>. Designed to withstand the most extreme conditions, this collar features a <strong>Cobra buckle<\/strong> capable of withstanding over 1000 lbs of force, ensuring maximum security for your pet.<\/p>\n<p>The <strong>tactical collar<\/strong> is also equipped with a sturdy <strong>control handle<\/strong>, perfect for maintaining better control of your dog in urgent situations or during outdoor activities. The <strong>neoprene lining<\/strong> inside the collar and handle provides <strong>superior comfort<\/strong>, reduces friction, and prevents irritation, all while being <strong>odor-resistant<\/strong>.<\/p>\n<p>This collar is specially designed to pair perfectly with our <strong>tactical harness<\/strong> and <strong>tactical leash<\/strong>, offering a complete solution for active dog owners. Available in four sizes (S, M, L, XL), the <strong>tactical collar<\/strong> is suitable for various breeds and dog sizes. The <strong>Small<\/strong> (S) size has a width of 1.5 inches, while the <strong>Medium<\/strong> (M) ,<strong>Large<\/strong> (L) and <strong>X-Large<\/strong> (XL) sizes have a width of 2 inches.<\/p>\n<h3>Key Features:<\/h3>\n<ul>\n<li><strong>Ultra-durable Cobra buckle<\/strong> (supports over 1000 lbs)<\/li>\n<li><strong>Control handle<\/strong> for better grip in emergency situations<\/li>\n<li><strong>Neoprene lining<\/strong> for optimal comfort and injury prevention<\/li>\n<li><strong>Odor-resistant<\/strong> and <strong>friction-free<\/strong><\/li>\n<li><strong>Available in 4 sizes<\/strong>: Small, Medium, Large and X-Large<\/li>\n<li><strong>Matches with the Tactical Harness and Tactical Leash<\/strong><\/li>\n<\/ul>\n<h3>Why Choose Our Tactical Dog Collar:<\/h3>\n<p>Ideal for <strong>active dogs<\/strong>, <strong>working dogs<\/strong>, or those accompanying their owners on outdoor adventures. Provide your dog with the perfect combination of <strong>comfort<\/strong>, <strong>safety<\/strong>, and <strong>control<\/strong> with our <strong>premium tactical collar<\/strong>.<\/p>\n<table dir=\"ltr\" border=\"1\" cellspacing=\"0\" cellpadding=\"0\" data-sheets-root=\"1\" data-sheets-baot=\"1\">\n<colgroup>\n<col width=\"100\" \/>\n<col width=\"209\" \/>\n<col width=\"162\" \/>\n<col width=\"253\" \/><\/colgroup>\n<tbody>\n<tr>\n<td>Taille -<br \/>\nSize<\/td>\n<td>Circonf\u00e9rence du cou -<br \/>\nNeck Girth<\/td>\n<td>Largeur du collier - Collar width<\/td>\n<td>Races -<br \/>\nBreeds<\/td>\n<\/tr>\n<tr>\n<td>S<\/td>\n<td>14 - 20 po<\/td>\n<td>1,5 po<\/td>\n<td>Beagle, Cocker Spaniel, Shiba Inu, Boston Terrier, Jack Russel, Cavalier King Charles, Border Terrier<\/td>\n<\/tr>\n<tr>\n<td>M<\/td>\n<td>16 - 23 po<\/td>\n<td>2 po<\/td>\n<td>Border Collie, Bulldog Anglais \/ English Bulldog. Staffordshire Bull Terrier, Berger Australien \/ Australian Shepherd, L\u00e9vrier \/ Greyhound , Basset, Springer Spaniel<\/td>\n<\/tr>\n<tr>\n<td>L<\/td>\n<td>18 - 26 po<\/td>\n<td>2 po<\/td>\n<td>Labrador, Golden Retriever, Boxer, Husky, Doberman, Dalmatien \/ Dalmatian, Chow Chow<\/td>\n<\/tr>\n<tr>\n<td>XL<\/td>\n<td>22 - 29 po \/ in<\/td>\n<td>2 po \/ in<\/td>\n<td>Berger Allemand \/ German Shepherd, Rottweiler, Mastiff, Saint-Bernard, Grand Danois \/ Great Dane, Leonberger, Cane Corso<\/td>\n<\/tr>\n<\/tbody>\n<\/table>\n<p>","protected":false},"excerpt":{"rendered":"<p><strong>Tactical Dog Collar \u2013 Secure &amp; Comfortable<\/strong> \ud83d\udc15\u200d\ud83e\uddba<\/p>\n<p>Featuring an ultra-resistant Cobra buckle and a reinforced control handle, this collar ensures maximum security and comfort. Its odor-resistant neoprene lining makes it perfect for active dogs. Available in 3 sizes (S, M, L). \u26a1<\/p>\n<p><strong>See our size chart below under the \"Product Details\" section.<\/strong>.<\/p>","protected":false},"featured_media":13006,"template":"","meta":{"_acf_changed":false},"product_brand":[],"product_cat":[54,51,70],"product_tag":[],"class_list":{"0":"post-12985","1":"product","2":"type-product","3":"status-publish","4":"has-post-thumbnail","6":"product_cat-colliers","7":"product_cat-equipements","8":"product_cat-plein-air-qualite-de-vie","10":"first","11":"instock","12":"taxable","13":"shipping-taxable","14":"purchasable","15":"product-type-variable","16":"has-default-attributes","17":"rtwpvs-product"},"acf":[],"yoast_head":"<!-- This site is optimized with the Yoast SEO plugin v27.4 - https:\/\/yoast.com\/product\/yoast-seo-wordpress\/ -->\n<title>Collier Tactique | Le Bon Chien<\/title>\n<meta name=\"description\" content=\"Collier Tactique pour Chien \u2013 S\u00e9curis\u00e9 &amp; Confortable \ud83d\udc15\u200d\ud83e\uddba  \u00c9quip\u00e9 d\u2019une boucle Cobra ultra-r\u00e9sistante et d\u2019une poign\u00e9e de contr\u00f4le, ce collier offre s\u00e9curit\u00e9 et confort. Sa doublure en n\u00e9opr\u00e8ne anti-odeur le rend id\u00e9al pour les chiens actifs. Disponible en 3 tailles (S, M, L). \u26a1  Voir notre charte des tailles plus bas sous la rubrique &quot;D\u00e9tails sur le produit&quot;. Collier Tactique pour Chien avec Boucle Cobra | Confort, S\u00e9curit\u00e9 &amp; Contr\u00f4le\" \/>\n<meta name=\"robots\" content=\"index, follow, max-snippet:-1, max-image-preview:large, max-video-preview:-1\" \/>\n<link rel=\"canonical\" href=\"https:\/\/lebonchien.ca\/en\/product-2\/tactical-collar\" \/>\n<meta property=\"og:locale\" content=\"en_US\" \/>\n<meta property=\"og:type\" content=\"article\" \/>\n<meta property=\"og:title\" content=\"Collier Tactique | Le Bon Chien\" \/>\n<meta property=\"og:description\" content=\"Collier Tactique pour Chien \u2013 S\u00e9curis\u00e9 &amp; Confortable \ud83d\udc15\u200d\ud83e\uddba  \u00c9quip\u00e9 d\u2019une boucle Cobra ultra-r\u00e9sistante et d\u2019une poign\u00e9e de contr\u00f4le, ce collier offre s\u00e9curit\u00e9 et confort. Sa doublure en n\u00e9opr\u00e8ne anti-odeur le rend id\u00e9al pour les chiens actifs. Disponible en 3 tailles (S, M, L). \u26a1  Voir notre charte des tailles plus bas sous la rubrique &quot;D\u00e9tails sur le produit&quot;. Collier Tactique pour Chien avec Boucle Cobra | Confort, S\u00e9curit\u00e9 &amp; Contr\u00f4le\" \/>\n<meta property=\"og:url\" content=\"https:\/\/lebonchien.ca\/en\/product-2\/tactical-collar\" \/>\n<meta property=\"og:site_name\" content=\"Le Bon Chien\" \/>\n<meta property=\"article:publisher\" content=\"https:\/\/www.facebook.com\/LeBonChienQc\" \/>\n<meta property=\"article:modified_time\" content=\"2025-12-09T19:19:49+00:00\" \/>\n<meta property=\"og:image\" content=\"https:\/\/lebonchien.ca\/wp-content\/uploads\/2023\/09\/collier-noir-sans-fond.png\" \/>\n\t<meta property=\"og:image:width\" content=\"1080\" \/>\n\t<meta property=\"og:image:height\" content=\"1080\" \/>\n\t<meta property=\"og:image:type\" content=\"image\/png\" \/>\n<meta name=\"twitter:card\" content=\"summary_large_image\" \/>\n<meta name=\"twitter:label1\" content=\"Est. reading time\" \/>\n\t<meta name=\"twitter:data1\" content=\"4 minutes\" \/>\n<script type=\"application\/ld+json\" class=\"yoast-schema-graph\">{\"@context\":\"https:\\\/\\\/schema.org\",\"@graph\":[{\"@type\":\"WebPage\",\"@id\":\"https:\\\/\\\/lebonchien.ca\\\/produit\\\/collier-tactique\",\"url\":\"https:\\\/\\\/lebonchien.ca\\\/produit\\\/collier-tactique\",\"name\":\"Collier Tactique | Le Bon Chien\",\"isPartOf\":{\"@id\":\"https:\\\/\\\/lebonchien.ca\\\/#website\"},\"primaryImageOfPage\":{\"@id\":\"https:\\\/\\\/lebonchien.ca\\\/produit\\\/collier-tactique#primaryimage\"},\"image\":{\"@id\":\"https:\\\/\\\/lebonchien.ca\\\/produit\\\/collier-tactique#primaryimage\"},\"thumbnailUrl\":\"https:\\\/\\\/eyswx3xfcyq.exactdn.com\\\/wp-content\\\/uploads\\\/2023\\\/09\\\/collier-noir-sans-fond.png\",\"datePublished\":\"2023-09-07T20:44:55+00:00\",\"dateModified\":\"2025-12-09T19:19:49+00:00\",\"description\":\"Collier Tactique pour Chien \u2013 S\u00e9curis\u00e9 &amp; Confortable \ud83d\udc15\u200d\ud83e\uddba \u00c9quip\u00e9 d\u2019une boucle Cobra ultra-r\u00e9sistante et d\u2019une poign\u00e9e de contr\u00f4le, ce collier offre s\u00e9curit\u00e9 et confort. Sa doublure en n\u00e9opr\u00e8ne anti-odeur le rend id\u00e9al pour les chiens actifs. Disponible en 3 tailles (S, M, L). \u26a1 Voir notre charte des tailles plus bas sous la rubrique \\\"D\u00e9tails sur le produit\\\". Collier Tactique pour Chien avec Boucle Cobra | Confort, S\u00e9curit\u00e9 & Contr\u00f4le\",\"breadcrumb\":{\"@id\":\"https:\\\/\\\/lebonchien.ca\\\/produit\\\/collier-tactique#breadcrumb\"},\"inLanguage\":\"en-US\",\"potentialAction\":[{\"@type\":\"ReadAction\",\"target\":[\"https:\\\/\\\/lebonchien.ca\\\/produit\\\/collier-tactique\"]}]},{\"@type\":\"ImageObject\",\"inLanguage\":\"en-US\",\"@id\":\"https:\\\/\\\/lebonchien.ca\\\/produit\\\/collier-tactique#primaryimage\",\"url\":\"https:\\\/\\\/eyswx3xfcyq.exactdn.com\\\/wp-content\\\/uploads\\\/2023\\\/09\\\/collier-noir-sans-fond.png\",\"contentUrl\":\"https:\\\/\\\/eyswx3xfcyq.exactdn.com\\\/wp-content\\\/uploads\\\/2023\\\/09\\\/collier-noir-sans-fond.png\",\"width\":1080,\"height\":1080,\"caption\":\"collier tactique noir\"},{\"@type\":\"BreadcrumbList\",\"@id\":\"https:\\\/\\\/lebonchien.ca\\\/produit\\\/collier-tactique#breadcrumb\",\"itemListElement\":[{\"@type\":\"ListItem\",\"position\":1,\"name\":\"Boutique\",\"item\":\"https:\\\/\\\/lebonchien.ca\\\/boutique\"},{\"@type\":\"ListItem\",\"position\":2,\"name\":\"Accessoires pour le plein-air\",\"item\":\"https:\\\/\\\/lebonchien.ca\\\/categorie-produit\\\/plein-air\"},{\"@type\":\"ListItem\",\"position\":3,\"name\":\"\u00c9quipements\",\"item\":\"https:\\\/\\\/lebonchien.ca\\\/categorie-produit\\\/plein-air\\\/equipements\"},{\"@type\":\"ListItem\",\"position\":4,\"name\":\"Colliers pour chiens\",\"item\":\"https:\\\/\\\/lebonchien.ca\\\/categorie-produit\\\/plein-air\\\/equipements\\\/colliers\"},{\"@type\":\"ListItem\",\"position\":5,\"name\":\"Collier Tactique\"}]},{\"@type\":\"WebSite\",\"@id\":\"https:\\\/\\\/lebonchien.ca\\\/#website\",\"url\":\"https:\\\/\\\/lebonchien.ca\\\/\",\"name\":\"Le Bon Chien\",\"description\":\"Accessoires pour chien\",\"publisher\":{\"@id\":\"https:\\\/\\\/lebonchien.ca\\\/#organization\"},\"alternateName\":\"LBC\",\"potentialAction\":[{\"@type\":\"SearchAction\",\"target\":{\"@type\":\"EntryPoint\",\"urlTemplate\":\"https:\\\/\\\/lebonchien.ca\\\/?s={search_term_string}\"},\"query-input\":{\"@type\":\"PropertyValueSpecification\",\"valueRequired\":true,\"valueName\":\"search_term_string\"}}],\"inLanguage\":\"en-US\"},{\"@type\":\"Organization\",\"@id\":\"https:\\\/\\\/lebonchien.ca\\\/#organization\",\"name\":\"Le Bon Chien\",\"alternateName\":\"Le Bon Chien\",\"url\":\"https:\\\/\\\/lebonchien.ca\\\/\",\"logo\":{\"@type\":\"ImageObject\",\"inLanguage\":\"en-US\",\"@id\":\"https:\\\/\\\/lebonchien.ca\\\/#\\\/schema\\\/logo\\\/image\\\/\",\"url\":\"https:\\\/\\\/eyswx3xfcyq.exactdn.com\\\/wp-content\\\/uploads\\\/2023\\\/05\\\/logo-noir.png?lossy=1&ssl=1\",\"contentUrl\":\"https:\\\/\\\/eyswx3xfcyq.exactdn.com\\\/wp-content\\\/uploads\\\/2023\\\/05\\\/logo-noir.png?lossy=1&ssl=1\",\"width\":323,\"height\":326,\"caption\":\"Le Bon Chien\"},\"image\":{\"@id\":\"https:\\\/\\\/lebonchien.ca\\\/#\\\/schema\\\/logo\\\/image\\\/\"},\"sameAs\":[\"https:\\\/\\\/www.facebook.com\\\/LeBonChienQc\",\"https:\\\/\\\/www.instagram.com\\\/boutique_le_bon_chien\\\/\"]}]}<\/script>\n<!-- \/ Yoast SEO plugin. -->","yoast_head_json":{"title":"Tactical Leash | The Good Dog","description":"Collier Tactique pour Chien \u2013 S\u00e9curis\u00e9 &amp; Confortable \ud83d\udc15\u200d\ud83e\uddba  \u00c9quip\u00e9 d\u2019une boucle Cobra ultra-r\u00e9sistante et d\u2019une poign\u00e9e de contr\u00f4le, ce collier offre s\u00e9curit\u00e9 et confort. Sa doublure en n\u00e9opr\u00e8ne anti-odeur le rend id\u00e9al pour les chiens actifs. Disponible en 3 tailles (S, M, L). \u26a1  Voir notre charte des tailles plus bas sous la rubrique \"D\u00e9tails sur le produit\". Collier Tactique pour Chien avec Boucle Cobra | Confort, S\u00e9curit\u00e9 & Contr\u00f4le","robots":{"index":"index","follow":"follow","max-snippet":"max-snippet:-1","max-image-preview":"max-image-preview:large","max-video-preview":"max-video-preview:-1"},"canonical":"https:\/\/lebonchien.ca\/en\/product-2\/tactical-collar","og_locale":"en_US","og_type":"article","og_title":"Collier Tactique | Le Bon Chien","og_description":"Collier Tactique pour Chien \u2013 S\u00e9curis\u00e9 &amp; Confortable \ud83d\udc15\u200d\ud83e\uddba  \u00c9quip\u00e9 d\u2019une boucle Cobra ultra-r\u00e9sistante et d\u2019une poign\u00e9e de contr\u00f4le, ce collier offre s\u00e9curit\u00e9 et confort. Sa doublure en n\u00e9opr\u00e8ne anti-odeur le rend id\u00e9al pour les chiens actifs. Disponible en 3 tailles (S, M, L). \u26a1  Voir notre charte des tailles plus bas sous la rubrique \"D\u00e9tails sur le produit\". Collier Tactique pour Chien avec Boucle Cobra | Confort, S\u00e9curit\u00e9 & Contr\u00f4le","og_url":"https:\/\/lebonchien.ca\/en\/product-2\/tactical-collar","og_site_name":"Le Bon Chien","article_publisher":"https:\/\/www.facebook.com\/LeBonChienQc","article_modified_time":"2025-12-09T19:19:49+00:00","og_image":[{"width":1080,"height":1080,"url":"https:\/\/lebonchien.ca\/wp-content\/uploads\/2023\/09\/collier-noir-sans-fond.png","type":"image\/png"}],"twitter_card":"summary_large_image","twitter_misc":{"Est. reading time":"4 minutes"},"schema":{"@context":"https:\/\/schema.org","@graph":[{"@type":"WebPage","@id":"https:\/\/lebonchien.ca\/produit\/collier-tactique","url":"https:\/\/lebonchien.ca\/produit\/collier-tactique","name":"Tactical Leash | The Good Dog","isPartOf":{"@id":"https:\/\/lebonchien.ca\/#website"},"primaryImageOfPage":{"@id":"https:\/\/lebonchien.ca\/produit\/collier-tactique#primaryimage"},"image":{"@id":"https:\/\/lebonchien.ca\/produit\/collier-tactique#primaryimage"},"thumbnailUrl":"https:\/\/eyswx3xfcyq.exactdn.com\/wp-content\/uploads\/2023\/09\/collier-noir-sans-fond.png","datePublished":"2023-09-07T20:44:55+00:00","dateModified":"2025-12-09T19:19:49+00:00","description":"Collier Tactique pour Chien \u2013 S\u00e9curis\u00e9 &amp; Confortable \ud83d\udc15\u200d\ud83e\uddba \u00c9quip\u00e9 d\u2019une boucle Cobra ultra-r\u00e9sistante et d\u2019une poign\u00e9e de contr\u00f4le, ce collier offre s\u00e9curit\u00e9 et confort. Sa doublure en n\u00e9opr\u00e8ne anti-odeur le rend id\u00e9al pour les chiens actifs. Disponible en 3 tailles (S, M, L). \u26a1 Voir notre charte des tailles plus bas sous la rubrique \"D\u00e9tails sur le produit\". Collier Tactique pour Chien avec Boucle Cobra | Confort, S\u00e9curit\u00e9 & Contr\u00f4le","breadcrumb":{"@id":"https:\/\/lebonchien.ca\/produit\/collier-tactique#breadcrumb"},"inLanguage":"en-US","potentialAction":[{"@type":"ReadAction","target":["https:\/\/lebonchien.ca\/produit\/collier-tactique"]}]},{"@type":"ImageObject","inLanguage":"en-US","@id":"https:\/\/lebonchien.ca\/produit\/collier-tactique#primaryimage","url":"https:\/\/eyswx3xfcyq.exactdn.com\/wp-content\/uploads\/2023\/09\/collier-noir-sans-fond.png","contentUrl":"https:\/\/eyswx3xfcyq.exactdn.com\/wp-content\/uploads\/2023\/09\/collier-noir-sans-fond.png","width":1080,"height":1080,"caption":"collier tactique noir"},{"@type":"BreadcrumbList","@id":"https:\/\/lebonchien.ca\/produit\/collier-tactique#breadcrumb","itemListElement":[{"@type":"ListItem","position":1,"name":"Boutique","item":"https:\/\/lebonchien.ca\/boutique"},{"@type":"ListItem","position":2,"name":"Accessoires pour le plein-air","item":"https:\/\/lebonchien.ca\/categorie-produit\/plein-air"},{"@type":"ListItem","position":3,"name":"\u00c9quipements","item":"https:\/\/lebonchien.ca\/categorie-produit\/plein-air\/equipements"},{"@type":"ListItem","position":4,"name":"Colliers pour chiens","item":"https:\/\/lebonchien.ca\/categorie-produit\/plein-air\/equipements\/colliers"},{"@type":"ListItem","position":5,"name":"Collier Tactique"}]},{"@type":"WebSite","@id":"https:\/\/lebonchien.ca\/#website","url":"https:\/\/lebonchien.ca\/","name":"The Good Dog","description":"Dog accessories","publisher":{"@id":"https:\/\/lebonchien.ca\/#organization"},"alternateName":"LBC","potentialAction":[{"@type":"SearchAction","target":{"@type":"EntryPoint","urlTemplate":"https:\/\/lebonchien.ca\/?s={search_term_string}"},"query-input":{"@type":"PropertyValueSpecification","valueRequired":true,"valueName":"search_term_string"}}],"inLanguage":"en-US"},{"@type":"Organization","@id":"https:\/\/lebonchien.ca\/#organization","name":"The Good Dog","alternateName":"Le Bon Chien","url":"https:\/\/lebonchien.ca\/","logo":{"@type":"ImageObject","inLanguage":"en-US","@id":"https:\/\/lebonchien.ca\/#\/schema\/logo\/image\/","url":"https:\/\/eyswx3xfcyq.exactdn.com\/wp-content\/uploads\/2023\/05\/logo-noir.png?lossy=1&ssl=1","contentUrl":"https:\/\/eyswx3xfcyq.exactdn.com\/wp-content\/uploads\/2023\/05\/logo-noir.png?lossy=1&ssl=1","width":323,"height":326,"caption":"Le Bon Chien"},"image":{"@id":"https:\/\/lebonchien.ca\/#\/schema\/logo\/image\/"},"sameAs":["https:\/\/www.facebook.com\/LeBonChienQc","https:\/\/www.instagram.com\/boutique_le_bon_chien\/"]}]}},"_links":{"self":[{"href":"https:\/\/lebonchien.ca\/en\/wp-json\/wp\/v2\/product\/12985","targetHints":{"allow":["GET"]}}],"collection":[{"href":"https:\/\/lebonchien.ca\/en\/wp-json\/wp\/v2\/product"}],"about":[{"href":"https:\/\/lebonchien.ca\/en\/wp-json\/wp\/v2\/types\/product"}],"wp:featuredmedia":[{"embeddable":true,"href":"https:\/\/lebonchien.ca\/en\/wp-json\/wp\/v2\/media\/13006"}],"wp:attachment":[{"href":"https:\/\/lebonchien.ca\/en\/wp-json\/wp\/v2\/media?parent=12985"}],"wp:term":[{"taxonomy":"product_brand","embeddable":true,"href":"https:\/\/lebonchien.ca\/en\/wp-json\/wp\/v2\/product_brand?post=12985"},{"taxonomy":"product_cat","embeddable":true,"href":"https:\/\/lebonchien.ca\/en\/wp-json\/wp\/v2\/product_cat?post=12985"},{"taxonomy":"product_tag","embeddable":true,"href":"https:\/\/lebonchien.ca\/en\/wp-json\/wp\/v2\/product_tag?post=12985"}],"curies":[{"name":"wp","href":"https:\/\/api.w.org\/{rel}","templated":true}]}}