{"id":13025,"date":"2023-09-27T13:46:40","date_gmt":"2023-09-27T18:46:40","guid":{"rendered":"https:\/\/lebonchien.ca\/?post_type=product&#038;p=13025"},"modified":"2025-11-10T11:29:13","modified_gmt":"2025-11-10T16:29:13","slug":"tactical-leash","status":"publish","type":"product","link":"https:\/\/lebonchien.ca\/en\/product-2\/tactical-leash","title":{"rendered":"Tactical Leash"},"content":{"rendered":"<p><span data-olk-copy-source=\"MessageBody\"><\/span><\/p>\n<p><span data-olk-copy-source=\"MessageBody\"><\/span><\/p>\n<div class=\"flex max-w-full flex-col flex-grow\">\n<div class=\"min-h-8 text-message flex w-full flex-col items-end gap-2 whitespace-normal break-words text-start [.text-message+&amp;]:mt-5\" dir=\"auto\" data-message-author-role=\"assistant\" data-message-id=\"fa4bfe2a-dfbd-4898-910e-8f10e334618f\" data-message-model-slug=\"gpt-4o\">\n<div class=\"flex w-full flex-col gap-1 empty:hidden first:pt-[3px]\">\n<div class=\"markdown prose w-full break-words dark:prose-invert dark\">\n<p><strong>Durable Tactical Dog Leash \u2013 Comfort &amp; Control<\/strong><\/p>\n<p>Give your dog a <strong>high-quality tactical leash<\/strong>, designed for <strong>durability and maximum control<\/strong>. With a <strong>5-foot length and 1-inch width<\/strong>, this leash is perfect for <strong>heel walking and outdoor activities<\/strong>. Made from <strong>ultra-strong 1000D nylon<\/strong>, it can withstand up to <strong>1000 lbs of force<\/strong> without breaking, ensuring <strong>maximum safety<\/strong>.<\/p>\n<p>The <strong>neoprene lining<\/strong> eliminates odors and provides <strong>exceptional comfort<\/strong> for your hand, even on long walks. The <strong>aluminum Frog Clip buckle<\/strong> allows for <strong>quick-release<\/strong>, while the <strong>360\u00b0 swivel connector<\/strong> prevents tangling. Additionally, a <strong>control handle near the clip<\/strong> offers optimal handling in <strong>high-pressure situations<\/strong>.<\/p>\n<h3><strong>Key Features:<\/strong><\/h3>\n<p>\u2705 <strong>5-foot length<\/strong> for better freedom of movement<br \/>\n\u2705 <strong>Neoprene lining<\/strong> for superior comfort &amp; odor resistance<br \/>\n\u2705 <strong>Heavy-duty 1000D nylon construction<\/strong><br \/>\n\u2705 <strong>Aluminum Frog Clip buckle<\/strong> with quick-release function<br \/>\n\u2705 <strong>Control handle<\/strong> for enhanced grip &amp; responsiveness<br \/>\n\u2705 <strong>360\u00b0 swivel connector<\/strong> to prevent tangling<br \/>\n\u2705 <strong>Lightweight design \u2013 only 0.5 lbs<\/strong><\/p>\n<p>This <strong>tactical leash<\/strong> is perfect for <strong>active dogs<\/strong>, providing <strong>comfort, safety, and full control<\/strong>. Ideal for <strong>heel training, hiking, and all outdoor adventures<\/strong><\/p>\n<p><span data-olk-copy-source=\"MessageBody\"><\/span><\/p>\n<\/div>\n<\/div>\n<\/div>\n<\/div>\n<div class=\"mb-2 flex gap-3 empty:hidden -ml-2\">\n<div class=\"items-center justify-start rounded-xl p-1 flex\">\n<div class=\"flex items-center\"><button class=\"rounded-lg text-token-text-secondary hover:bg-token-main-surface-secondary\" aria-label=\"Copier\" data-testid=\"copy-turn-action-button\">\u00a0<\/button><\/div>\n<\/div>\n<\/div>\n","protected":false},"excerpt":{"rendered":"<p><strong>Tactical Dog Leash \u2013 Durable, Lightweight &amp; Comfortable<\/strong> \ud83d\udc15\u200d\ud83e\uddba<\/p>\n<p>Made from ultra-resistant 1000D nylon with a neoprene lining, this leash offers both comfort and durability. Its secure attachment with a Frog Clip buckle and 360\u00b0 swivel ensures smooth control. Available in 5 colors, perfect for active dogs! \ud83d\ude80<\/p>","protected":false},"featured_media":13034,"template":"","meta":{"_acf_changed":false},"product_brand":[],"product_cat":[39,51,55,70],"product_tag":[],"class_list":{"0":"post-13025","1":"product","2":"type-product","3":"status-publish","4":"has-post-thumbnail","6":"product_cat-plein-air","7":"product_cat-equipements","8":"product_cat-laisses","9":"product_cat-plein-air-qualite-de-vie","11":"first","12":"instock","13":"taxable","14":"shipping-taxable","15":"purchasable","16":"product-type-variable","17":"has-default-attributes","18":"rtwpvs-product"},"acf":[],"yoast_head":"<!-- This site is optimized with the Yoast SEO plugin v27.4 - https:\/\/yoast.com\/product\/yoast-seo-wordpress\/ -->\n<title>Laisse Tactique | Le Bon Chien<\/title>\n<meta name=\"description\" content=\"Laisse Tactique pour Chien \u2013 Robuste, L\u00e9g\u00e8re &amp; Confortable \ud83d\udc15\u200d\ud83e\uddba  Fabriqu\u00e9e en nylon 1000D ultra-r\u00e9sistant avec doublure en n\u00e9opr\u00e8ne, cette laisse offre confort et durabilit\u00e9. Son attache s\u00e9curis\u00e9e avec boucle Frog Clip et pivot 360\u00b0 assure un contr\u00f4le fluide. Disponible en 5 couleurs, parfaite pour les chiens actifs ! \ud83d\ude80\" \/>\n<meta name=\"robots\" content=\"index, follow, max-snippet:-1, max-image-preview:large, max-video-preview:-1\" \/>\n<link rel=\"canonical\" href=\"https:\/\/lebonchien.ca\/en\/product-2\/tactical-leash\" \/>\n<meta property=\"og:locale\" content=\"en_US\" \/>\n<meta property=\"og:type\" content=\"article\" \/>\n<meta property=\"og:title\" content=\"Laisse Tactique | Le Bon Chien\" \/>\n<meta property=\"og:description\" content=\"Laisse Tactique pour Chien \u2013 Robuste, L\u00e9g\u00e8re &amp; Confortable \ud83d\udc15\u200d\ud83e\uddba  Fabriqu\u00e9e en nylon 1000D ultra-r\u00e9sistant avec doublure en n\u00e9opr\u00e8ne, cette laisse offre confort et durabilit\u00e9. Son attache s\u00e9curis\u00e9e avec boucle Frog Clip et pivot 360\u00b0 assure un contr\u00f4le fluide. Disponible en 5 couleurs, parfaite pour les chiens actifs ! \ud83d\ude80\" \/>\n<meta property=\"og:url\" content=\"https:\/\/lebonchien.ca\/en\/product-2\/tactical-leash\" \/>\n<meta property=\"og:site_name\" content=\"Le Bon Chien\" \/>\n<meta property=\"article:publisher\" content=\"https:\/\/www.facebook.com\/LeBonChienQc\" \/>\n<meta property=\"article:modified_time\" content=\"2025-11-10T16:29:13+00:00\" \/>\n<meta property=\"og:image\" content=\"https:\/\/lebonchien.ca\/wp-content\/uploads\/2023\/09\/Laisse-tactique-noire-LBC.png\" \/>\n\t<meta property=\"og:image:width\" content=\"1080\" \/>\n\t<meta property=\"og:image:height\" content=\"1080\" \/>\n\t<meta property=\"og:image:type\" content=\"image\/png\" \/>\n<meta name=\"twitter:card\" content=\"summary_large_image\" \/>\n<meta name=\"twitter:label1\" content=\"Est. reading time\" \/>\n\t<meta name=\"twitter:data1\" content=\"2 minutes\" \/>\n<script type=\"application\/ld+json\" class=\"yoast-schema-graph\">{\"@context\":\"https:\\\/\\\/schema.org\",\"@graph\":[{\"@type\":\"WebPage\",\"@id\":\"https:\\\/\\\/lebonchien.ca\\\/produit\\\/laisse-tactique\",\"url\":\"https:\\\/\\\/lebonchien.ca\\\/produit\\\/laisse-tactique\",\"name\":\"Laisse Tactique | Le Bon Chien\",\"isPartOf\":{\"@id\":\"https:\\\/\\\/lebonchien.ca\\\/#website\"},\"primaryImageOfPage\":{\"@id\":\"https:\\\/\\\/lebonchien.ca\\\/produit\\\/laisse-tactique#primaryimage\"},\"image\":{\"@id\":\"https:\\\/\\\/lebonchien.ca\\\/produit\\\/laisse-tactique#primaryimage\"},\"thumbnailUrl\":\"https:\\\/\\\/eyswx3xfcyq.exactdn.com\\\/wp-content\\\/uploads\\\/2023\\\/09\\\/Laisse-tactique-noire-LBC.png\",\"datePublished\":\"2023-09-27T18:46:40+00:00\",\"dateModified\":\"2025-11-10T16:29:13+00:00\",\"description\":\"Laisse Tactique pour Chien \u2013 Robuste, L\u00e9g\u00e8re &amp; Confortable \ud83d\udc15\u200d\ud83e\uddba Fabriqu\u00e9e en nylon 1000D ultra-r\u00e9sistant avec doublure en n\u00e9opr\u00e8ne, cette laisse offre confort et durabilit\u00e9. Son attache s\u00e9curis\u00e9e avec boucle Frog Clip et pivot 360\u00b0 assure un contr\u00f4le fluide. Disponible en 5 couleurs, parfaite pour les chiens actifs ! \ud83d\ude80\",\"breadcrumb\":{\"@id\":\"https:\\\/\\\/lebonchien.ca\\\/produit\\\/laisse-tactique#breadcrumb\"},\"inLanguage\":\"en-US\",\"potentialAction\":[{\"@type\":\"ReadAction\",\"target\":[\"https:\\\/\\\/lebonchien.ca\\\/produit\\\/laisse-tactique\"]}]},{\"@type\":\"ImageObject\",\"inLanguage\":\"en-US\",\"@id\":\"https:\\\/\\\/lebonchien.ca\\\/produit\\\/laisse-tactique#primaryimage\",\"url\":\"https:\\\/\\\/eyswx3xfcyq.exactdn.com\\\/wp-content\\\/uploads\\\/2023\\\/09\\\/Laisse-tactique-noire-LBC.png\",\"contentUrl\":\"https:\\\/\\\/eyswx3xfcyq.exactdn.com\\\/wp-content\\\/uploads\\\/2023\\\/09\\\/Laisse-tactique-noire-LBC.png\",\"width\":1080,\"height\":1080,\"caption\":\"Laisse tactique noire\"},{\"@type\":\"BreadcrumbList\",\"@id\":\"https:\\\/\\\/lebonchien.ca\\\/produit\\\/laisse-tactique#breadcrumb\",\"itemListElement\":[{\"@type\":\"ListItem\",\"position\":1,\"name\":\"Boutique\",\"item\":\"https:\\\/\\\/lebonchien.ca\\\/boutique\"},{\"@type\":\"ListItem\",\"position\":2,\"name\":\"Accessoires pour le plein-air\",\"item\":\"https:\\\/\\\/lebonchien.ca\\\/categorie-produit\\\/plein-air\"},{\"@type\":\"ListItem\",\"position\":3,\"name\":\"Laisse Tactique\"}]},{\"@type\":\"WebSite\",\"@id\":\"https:\\\/\\\/lebonchien.ca\\\/#website\",\"url\":\"https:\\\/\\\/lebonchien.ca\\\/\",\"name\":\"Le Bon Chien\",\"description\":\"Accessoires pour chien\",\"publisher\":{\"@id\":\"https:\\\/\\\/lebonchien.ca\\\/#organization\"},\"alternateName\":\"LBC\",\"potentialAction\":[{\"@type\":\"SearchAction\",\"target\":{\"@type\":\"EntryPoint\",\"urlTemplate\":\"https:\\\/\\\/lebonchien.ca\\\/?s={search_term_string}\"},\"query-input\":{\"@type\":\"PropertyValueSpecification\",\"valueRequired\":true,\"valueName\":\"search_term_string\"}}],\"inLanguage\":\"en-US\"},{\"@type\":\"Organization\",\"@id\":\"https:\\\/\\\/lebonchien.ca\\\/#organization\",\"name\":\"Le Bon Chien\",\"alternateName\":\"Le Bon Chien\",\"url\":\"https:\\\/\\\/lebonchien.ca\\\/\",\"logo\":{\"@type\":\"ImageObject\",\"inLanguage\":\"en-US\",\"@id\":\"https:\\\/\\\/lebonchien.ca\\\/#\\\/schema\\\/logo\\\/image\\\/\",\"url\":\"https:\\\/\\\/eyswx3xfcyq.exactdn.com\\\/wp-content\\\/uploads\\\/2023\\\/05\\\/logo-noir.png?lossy=1&ssl=1\",\"contentUrl\":\"https:\\\/\\\/eyswx3xfcyq.exactdn.com\\\/wp-content\\\/uploads\\\/2023\\\/05\\\/logo-noir.png?lossy=1&ssl=1\",\"width\":323,\"height\":326,\"caption\":\"Le Bon Chien\"},\"image\":{\"@id\":\"https:\\\/\\\/lebonchien.ca\\\/#\\\/schema\\\/logo\\\/image\\\/\"},\"sameAs\":[\"https:\\\/\\\/www.facebook.com\\\/LeBonChienQc\",\"https:\\\/\\\/www.instagram.com\\\/boutique_le_bon_chien\\\/\"]}]}<\/script>\n<!-- \/ Yoast SEO plugin. -->","yoast_head_json":{"title":"Tactical Leash | The Good Dog","description":"Laisse Tactique pour Chien \u2013 Robuste, L\u00e9g\u00e8re &amp; Confortable \ud83d\udc15\u200d\ud83e\uddba  Fabriqu\u00e9e en nylon 1000D ultra-r\u00e9sistant avec doublure en n\u00e9opr\u00e8ne, cette laisse offre confort et durabilit\u00e9. Son attache s\u00e9curis\u00e9e avec boucle Frog Clip et pivot 360\u00b0 assure un contr\u00f4le fluide. Disponible en 5 couleurs, parfaite pour les chiens actifs ! \ud83d\ude80","robots":{"index":"index","follow":"follow","max-snippet":"max-snippet:-1","max-image-preview":"max-image-preview:large","max-video-preview":"max-video-preview:-1"},"canonical":"https:\/\/lebonchien.ca\/en\/product-2\/tactical-leash","og_locale":"en_US","og_type":"article","og_title":"Laisse Tactique | Le Bon Chien","og_description":"Laisse Tactique pour Chien \u2013 Robuste, L\u00e9g\u00e8re &amp; Confortable \ud83d\udc15\u200d\ud83e\uddba  Fabriqu\u00e9e en nylon 1000D ultra-r\u00e9sistant avec doublure en n\u00e9opr\u00e8ne, cette laisse offre confort et durabilit\u00e9. Son attache s\u00e9curis\u00e9e avec boucle Frog Clip et pivot 360\u00b0 assure un contr\u00f4le fluide. Disponible en 5 couleurs, parfaite pour les chiens actifs ! \ud83d\ude80","og_url":"https:\/\/lebonchien.ca\/en\/product-2\/tactical-leash","og_site_name":"Le Bon Chien","article_publisher":"https:\/\/www.facebook.com\/LeBonChienQc","article_modified_time":"2025-11-10T16:29:13+00:00","og_image":[{"width":1080,"height":1080,"url":"https:\/\/lebonchien.ca\/wp-content\/uploads\/2023\/09\/Laisse-tactique-noire-LBC.png","type":"image\/png"}],"twitter_card":"summary_large_image","twitter_misc":{"Est. reading time":"2 minutes"},"schema":{"@context":"https:\/\/schema.org","@graph":[{"@type":"WebPage","@id":"https:\/\/lebonchien.ca\/produit\/laisse-tactique","url":"https:\/\/lebonchien.ca\/produit\/laisse-tactique","name":"Tactical Leash | The Good Dog","isPartOf":{"@id":"https:\/\/lebonchien.ca\/#website"},"primaryImageOfPage":{"@id":"https:\/\/lebonchien.ca\/produit\/laisse-tactique#primaryimage"},"image":{"@id":"https:\/\/lebonchien.ca\/produit\/laisse-tactique#primaryimage"},"thumbnailUrl":"https:\/\/eyswx3xfcyq.exactdn.com\/wp-content\/uploads\/2023\/09\/Laisse-tactique-noire-LBC.png","datePublished":"2023-09-27T18:46:40+00:00","dateModified":"2025-11-10T16:29:13+00:00","description":"Laisse Tactique pour Chien \u2013 Robuste, L\u00e9g\u00e8re &amp; Confortable \ud83d\udc15\u200d\ud83e\uddba Fabriqu\u00e9e en nylon 1000D ultra-r\u00e9sistant avec doublure en n\u00e9opr\u00e8ne, cette laisse offre confort et durabilit\u00e9. Son attache s\u00e9curis\u00e9e avec boucle Frog Clip et pivot 360\u00b0 assure un contr\u00f4le fluide. Disponible en 5 couleurs, parfaite pour les chiens actifs ! \ud83d\ude80","breadcrumb":{"@id":"https:\/\/lebonchien.ca\/produit\/laisse-tactique#breadcrumb"},"inLanguage":"en-US","potentialAction":[{"@type":"ReadAction","target":["https:\/\/lebonchien.ca\/produit\/laisse-tactique"]}]},{"@type":"ImageObject","inLanguage":"en-US","@id":"https:\/\/lebonchien.ca\/produit\/laisse-tactique#primaryimage","url":"https:\/\/eyswx3xfcyq.exactdn.com\/wp-content\/uploads\/2023\/09\/Laisse-tactique-noire-LBC.png","contentUrl":"https:\/\/eyswx3xfcyq.exactdn.com\/wp-content\/uploads\/2023\/09\/Laisse-tactique-noire-LBC.png","width":1080,"height":1080,"caption":"Laisse tactique noire"},{"@type":"BreadcrumbList","@id":"https:\/\/lebonchien.ca\/produit\/laisse-tactique#breadcrumb","itemListElement":[{"@type":"ListItem","position":1,"name":"Boutique","item":"https:\/\/lebonchien.ca\/boutique"},{"@type":"ListItem","position":2,"name":"Accessoires pour le plein-air","item":"https:\/\/lebonchien.ca\/categorie-produit\/plein-air"},{"@type":"ListItem","position":3,"name":"Laisse Tactique"}]},{"@type":"WebSite","@id":"https:\/\/lebonchien.ca\/#website","url":"https:\/\/lebonchien.ca\/","name":"The Good Dog","description":"Dog accessories","publisher":{"@id":"https:\/\/lebonchien.ca\/#organization"},"alternateName":"LBC","potentialAction":[{"@type":"SearchAction","target":{"@type":"EntryPoint","urlTemplate":"https:\/\/lebonchien.ca\/?s={search_term_string}"},"query-input":{"@type":"PropertyValueSpecification","valueRequired":true,"valueName":"search_term_string"}}],"inLanguage":"en-US"},{"@type":"Organization","@id":"https:\/\/lebonchien.ca\/#organization","name":"The Good Dog","alternateName":"Le Bon Chien","url":"https:\/\/lebonchien.ca\/","logo":{"@type":"ImageObject","inLanguage":"en-US","@id":"https:\/\/lebonchien.ca\/#\/schema\/logo\/image\/","url":"https:\/\/eyswx3xfcyq.exactdn.com\/wp-content\/uploads\/2023\/05\/logo-noir.png?lossy=1&ssl=1","contentUrl":"https:\/\/eyswx3xfcyq.exactdn.com\/wp-content\/uploads\/2023\/05\/logo-noir.png?lossy=1&ssl=1","width":323,"height":326,"caption":"Le Bon Chien"},"image":{"@id":"https:\/\/lebonchien.ca\/#\/schema\/logo\/image\/"},"sameAs":["https:\/\/www.facebook.com\/LeBonChienQc","https:\/\/www.instagram.com\/boutique_le_bon_chien\/"]}]}},"_links":{"self":[{"href":"https:\/\/lebonchien.ca\/en\/wp-json\/wp\/v2\/product\/13025","targetHints":{"allow":["GET"]}}],"collection":[{"href":"https:\/\/lebonchien.ca\/en\/wp-json\/wp\/v2\/product"}],"about":[{"href":"https:\/\/lebonchien.ca\/en\/wp-json\/wp\/v2\/types\/product"}],"wp:featuredmedia":[{"embeddable":true,"href":"https:\/\/lebonchien.ca\/en\/wp-json\/wp\/v2\/media\/13034"}],"wp:attachment":[{"href":"https:\/\/lebonchien.ca\/en\/wp-json\/wp\/v2\/media?parent=13025"}],"wp:term":[{"taxonomy":"product_brand","embeddable":true,"href":"https:\/\/lebonchien.ca\/en\/wp-json\/wp\/v2\/product_brand?post=13025"},{"taxonomy":"product_cat","embeddable":true,"href":"https:\/\/lebonchien.ca\/en\/wp-json\/wp\/v2\/product_cat?post=13025"},{"taxonomy":"product_tag","embeddable":true,"href":"https:\/\/lebonchien.ca\/en\/wp-json\/wp\/v2\/product_tag?post=13025"}],"curies":[{"name":"wp","href":"https:\/\/api.w.org\/{rel}","templated":true}]}}