{"id":13865,"date":"2025-11-28T14:57:50","date_gmt":"2025-11-28T19:57:50","guid":{"rendered":"https:\/\/lebonchien.ca\/?post_type=product&#038;p=13865"},"modified":"2026-01-19T13:29:10","modified_gmt":"2026-01-19T18:29:10","slug":"harnais-tactique-commando-pour-chien","status":"publish","type":"product","link":"https:\/\/lebonchien.ca\/en\/product-2\/harnais-tactique-commando-pour-chien","title":{"rendered":"Commando Tactical Dog Harness"},"content":{"rendered":"<\/p>\n<p data-start=\"576\" data-end=\"597\">\u2699\ufe0f <strong data-start=\"579\" data-end=\"595\">Key Features<\/strong><\/p>\n<p data-start=\"599\" data-end=\"674\">\ud83e\udeb6 <strong data-start=\"602\" data-end=\"623\">Premium Materials<\/strong>: 900D military nylon, water- and wear-resistant.<\/p>\n<p data-start=\"676\" data-end=\"753\">\ud83e\uddf5 <strong data-start=\"679\" data-end=\"703\">Reinforced Stitching<\/strong>: prevents tears and ensures maximum durability.<\/p>\n<p data-start=\"755\" data-end=\"853\">\ud83e\uddbe <strong data-start=\"758\" data-end=\"790\">4 Ultra-Strong Cobra Buckles<\/strong>: support up to 1000 lbs of pull for perfect chest stability.<\/p>\n<p data-start=\"855\" data-end=\"947\">\ud83e\uddfd <strong data-start=\"858\" data-end=\"897\">Antibacterial Neoprene Inner Lining<\/strong>: molds to the dog\u2019s body for unmatched comfort.<\/p>\n<p data-start=\"949\" data-end=\"1001\">\ud83d\udca7 <strong data-start=\"952\" data-end=\"980\">Hand or Machine Washable<\/strong>: easy maintenance.<\/p>\n<p data-start=\"1003\" data-end=\"1096\">\ud83d\udd29 <strong data-start=\"1006\" data-end=\"1039\">Adjustable Velcro Neck Straps<\/strong>: ensure a secure, perfect fit that never comes undone.<\/p>\n<p data-start=\"1098\" data-end=\"1134\">\ud83d\udc15 <strong data-start=\"1101\" data-end=\"1131\">Multiple Attachment Points<\/strong>:<\/p>\n<ul data-start=\"1135\" data-end=\"1206\">\n<li data-start=\"1135\" data-end=\"1171\">\n<p data-start=\"1137\" data-end=\"1171\">1 front (training and anti-pull)<\/p>\n<\/li>\n<li data-start=\"1172\" data-end=\"1206\">\n<p data-start=\"1174\" data-end=\"1206\">2 dorsal (walking and control)<\/p>\n<\/li>\n<\/ul>\n<p data-start=\"1208\" data-end=\"1280\">\ud83d\udd90\ufe0f <strong data-start=\"1212\" data-end=\"1237\">Reinforced Top Handle<\/strong>: allows quick and effective dog control.<\/p>\n<p data-start=\"1282\" data-end=\"1342\">\u2728 <strong data-start=\"1284\" data-end=\"1305\">Reflective Strips<\/strong>: for optimal nighttime visibility.<\/p>\n<p data-start=\"1344\" data-end=\"1441\">\ud83c\udf96\ufe0f <strong data-start=\"1348\" data-end=\"1382\">MOLLE System and Velcro Panels<\/strong>: attach accessories or custom patches from Le Bon Chien.<\/p>\n<p data-start=\"1443\" data-end=\"1559\"><strong data-start=\"1443\" data-end=\"1475\">Adjustable top elastic bands<\/strong>: hold small objects or light accessories and ensure a snug fit on the dog\u2019s body.<\/p>\n<hr data-start=\"1561\" data-end=\"1564\" \/>\n<p data-start=\"1566\" data-end=\"1600\">\ud83c\udfaf <strong data-start=\"1569\" data-end=\"1598\">Commando Harness Benefits<\/strong><\/p>\n<ul data-start=\"1602\" data-end=\"1817\">\n<li data-start=\"1602\" data-end=\"1642\">\n<p data-start=\"1604\" data-end=\"1642\">Maximum control and enhanced safety.<\/p>\n<\/li>\n<li data-start=\"1643\" data-end=\"1696\">\n<p data-start=\"1645\" data-end=\"1696\">Superior comfort thanks to form-fitting neoprene.<\/p>\n<\/li>\n<li data-start=\"1697\" data-end=\"1737\">\n<p data-start=\"1699\" data-end=\"1737\">Modern, prestigious tactical design.<\/p>\n<\/li>\n<li data-start=\"1738\" data-end=\"1767\">\n<p data-start=\"1740\" data-end=\"1767\">Stable, customizable fit.<\/p>\n<\/li>\n<li data-start=\"1768\" data-end=\"1817\">\n<p data-start=\"1770\" data-end=\"1817\">Perfect for working, sporting, or guard dogs.<\/p>\n<\/li>\n<\/ul>\n<hr data-start=\"1819\" data-end=\"1822\" \/>\n<p data-start=\"1824\" data-end=\"1840\"><strong data-start=\"1824\" data-end=\"1838\">Size Guide<\/strong><\/p>\n<table dir=\"ltr\" border=\"1\" cellspacing=\"0\" cellpadding=\"0\" data-sheets-root=\"1\" data-sheets-baot=\"1\">\n<colgroup>\n<col width=\"100\" \/>\n<col width=\"100\" \/>\n<col width=\"100\" \/>\n<col width=\"130\" \/><\/colgroup>\n<tbody>\n<tr>\n<td>Size<\/td>\n<td>Chest Girth<\/td>\n<td>Weight<\/td>\n<td>Dog Breed<\/td>\n<\/tr>\n<tr>\n<td>M<\/td>\n<td>25 \u00e0 31 po<\/td>\n<td>45 - 70 lbs<\/td>\n<td>Labrador (female), Australian Shepherd, Husky, Boxer, Border Collie<\/td>\n<\/tr>\n<tr>\n<td>L<\/td>\n<td>29 \u00e0 35 po<\/td>\n<td>70 - 100 lbs<\/td>\n<td>German Shepherd, Labrador (male), Golden Retriever, Malinois, Doberman<\/td>\n<\/tr>\n<tr>\n<td>XL<\/td>\n<td>33 \u00e0 45 po<\/td>\n<td>100 - 145 lbs<\/td>\n<td>Rottweiler, Great Dane, Saint Bernard, Newfoundland, Leonberger<\/td>\n<\/tr>\n<\/tbody>\n<\/table>\n<div><\/div>\n<div>https:\/\/youtu.be\/Ek5vwFxOmXE<\/div>\n<div class=\"_tableContainer_1rjym_1\">\n<div class=\"group _tableWrapper_1rjym_13 flex w-fit flex-col-reverse\" tabindex=\"-1\">\n<p>\n<\/div>\n<\/div>","protected":false},"excerpt":{"rendered":"<p><strong>The luxury harness designed for strong dogs and discerning owners.<\/strong><\/p>\n<p data-start=\"497\" data-end=\"724\">The Commando Tactical Harness is a high-quality luxury harness designed for strong and active dogs. Inspired by military gear, it provides exceptional stability, comfort, and durability.<\/p>\n<p data-start=\"726\" data-end=\"1058\">Made from 900D military-grade nylon, it resists wear, tears, and harsh weather. Its antibacterial neoprene inner lining molds to the dog's body, ensuring superior comfort even on long outings.<\/p>\n<p data-start=\"726\" data-end=\"1058\">This harness is built to last \u2014 a true guarantee of performance and safety.<\/p>","protected":false},"featured_media":13871,"template":"","meta":{"_acf_changed":false},"product_brand":[],"product_cat":[39,53],"product_tag":[],"class_list":{"0":"post-13865","1":"product","2":"type-product","3":"status-publish","4":"has-post-thumbnail","6":"product_cat-plein-air","7":"product_cat-harnais","9":"first","10":"instock","11":"taxable","12":"shipping-taxable","13":"purchasable","14":"product-type-variable","15":"has-default-attributes","16":"rtwpvs-product"},"acf":[],"yoast_head":"<!-- This site is optimized with the Yoast SEO plugin v27.4 - https:\/\/yoast.com\/product\/yoast-seo-wordpress\/ -->\n<title>Harnais tactique Commando pour chien | Le Bon Chien<\/title>\n<meta name=\"description\" content=\"Le harnais de luxe con\u00e7u pour les chiens robustes et les ma\u00eetres exigeants. Le Harnais Tactique Commando est un harnais de haute qualit\u00e9 de luxe, con\u00e7u pour les chiens puissants et actifs. Inspir\u00e9 de l\u2019\u00e9quipement militaire, il offre une stabilit\u00e9, un confort et une durabilit\u00e9 exceptionnels. Fabriqu\u00e9 \u00e0 partir de nylon militaire 900D, il r\u00e9siste \u00e0 l\u2019usure, aux d\u00e9chirures et aux intemp\u00e9ries. Sa doublure int\u00e9rieure en n\u00e9opr\u00e8ne antibact\u00e9rien \u00e9pouse la morphologie du chien, assurant un confort sup\u00e9rieur m\u00eame lors de longues sorties. Ce harnais est fait pour durer \u2014 un v\u00e9ritable gage de performance et de s\u00e9curit\u00e9. D\u00e9couvrez le harnais tactique Commando, un harnais de luxe en nylon militaire 900D avec boucles Cobra ultra-r\u00e9sistantes, doublure en n\u00e9opr\u00e8ne antibact\u00e9rien et coutures renforc\u00e9es. Confort, stabilit\u00e9 et style pour les chiens robustes.\" \/>\n<meta name=\"robots\" content=\"index, follow, max-snippet:-1, max-image-preview:large, max-video-preview:-1\" \/>\n<link rel=\"canonical\" href=\"https:\/\/lebonchien.ca\/en\/product-2\/harnais-tactique-commando-pour-chien\" \/>\n<meta property=\"og:locale\" content=\"en_US\" \/>\n<meta property=\"og:type\" content=\"article\" \/>\n<meta property=\"og:title\" content=\"Harnais tactique Commando pour chien | Le Bon Chien\" \/>\n<meta property=\"og:description\" content=\"Le harnais de luxe con\u00e7u pour les chiens robustes et les ma\u00eetres exigeants. Le Harnais Tactique Commando est un harnais de haute qualit\u00e9 de luxe, con\u00e7u pour les chiens puissants et actifs. Inspir\u00e9 de l\u2019\u00e9quipement militaire, il offre une stabilit\u00e9, un confort et une durabilit\u00e9 exceptionnels. Fabriqu\u00e9 \u00e0 partir de nylon militaire 900D, il r\u00e9siste \u00e0 l\u2019usure, aux d\u00e9chirures et aux intemp\u00e9ries. Sa doublure int\u00e9rieure en n\u00e9opr\u00e8ne antibact\u00e9rien \u00e9pouse la morphologie du chien, assurant un confort sup\u00e9rieur m\u00eame lors de longues sorties. Ce harnais est fait pour durer \u2014 un v\u00e9ritable gage de performance et de s\u00e9curit\u00e9. D\u00e9couvrez le harnais tactique Commando, un harnais de luxe en nylon militaire 900D avec boucles Cobra ultra-r\u00e9sistantes, doublure en n\u00e9opr\u00e8ne antibact\u00e9rien et coutures renforc\u00e9es. Confort, stabilit\u00e9 et style pour les chiens robustes.\" \/>\n<meta property=\"og:url\" content=\"https:\/\/lebonchien.ca\/en\/product-2\/harnais-tactique-commando-pour-chien\" \/>\n<meta property=\"og:site_name\" content=\"Le Bon Chien\" \/>\n<meta property=\"article:publisher\" content=\"https:\/\/www.facebook.com\/LeBonChienQc\" \/>\n<meta property=\"article:modified_time\" content=\"2026-01-19T18:29:10+00:00\" \/>\n<meta property=\"og:image\" content=\"https:\/\/lebonchien.ca\/wp-content\/uploads\/2025\/10\/Harnais-Commando-Noir-.jpg\" \/>\n\t<meta property=\"og:image:width\" content=\"1080\" \/>\n\t<meta property=\"og:image:height\" content=\"1080\" \/>\n\t<meta property=\"og:image:type\" content=\"image\/jpeg\" \/>\n<meta name=\"twitter:card\" content=\"summary_large_image\" \/>\n<meta name=\"twitter:label1\" content=\"Est. reading time\" \/>\n\t<meta name=\"twitter:data1\" content=\"2 minutes\" \/>\n<script type=\"application\/ld+json\" class=\"yoast-schema-graph\">{\"@context\":\"https:\\\/\\\/schema.org\",\"@graph\":[{\"@type\":\"WebPage\",\"@id\":\"https:\\\/\\\/lebonchien.ca\\\/produit\\\/harnais-tactique-commando-pour-chien\",\"url\":\"https:\\\/\\\/lebonchien.ca\\\/produit\\\/harnais-tactique-commando-pour-chien\",\"name\":\"Harnais tactique Commando pour chien | Le Bon Chien\",\"isPartOf\":{\"@id\":\"https:\\\/\\\/lebonchien.ca\\\/#website\"},\"primaryImageOfPage\":{\"@id\":\"https:\\\/\\\/lebonchien.ca\\\/produit\\\/harnais-tactique-commando-pour-chien#primaryimage\"},\"image\":{\"@id\":\"https:\\\/\\\/lebonchien.ca\\\/produit\\\/harnais-tactique-commando-pour-chien#primaryimage\"},\"thumbnailUrl\":\"https:\\\/\\\/eyswx3xfcyq.exactdn.com\\\/wp-content\\\/uploads\\\/2025\\\/10\\\/Harnais-Commando-Noir-.jpg\",\"datePublished\":\"2025-11-28T19:57:50+00:00\",\"dateModified\":\"2026-01-19T18:29:10+00:00\",\"description\":\"Le harnais de luxe con\u00e7u pour les chiens robustes et les ma\u00eetres exigeants. Le Harnais Tactique Commando est un harnais de haute qualit\u00e9 de luxe, con\u00e7u pour les chiens puissants et actifs. Inspir\u00e9 de l\u2019\u00e9quipement militaire, il offre une stabilit\u00e9, un confort et une durabilit\u00e9 exceptionnels. Fabriqu\u00e9 \u00e0 partir de nylon militaire 900D, il r\u00e9siste \u00e0 l\u2019usure, aux d\u00e9chirures et aux intemp\u00e9ries. Sa doublure int\u00e9rieure en n\u00e9opr\u00e8ne antibact\u00e9rien \u00e9pouse la morphologie du chien, assurant un confort sup\u00e9rieur m\u00eame lors de longues sorties. Ce harnais est fait pour durer \u2014 un v\u00e9ritable gage de performance et de s\u00e9curit\u00e9. D\u00e9couvrez le harnais tactique Commando, un harnais de luxe en nylon militaire 900D avec boucles Cobra ultra-r\u00e9sistantes, doublure en n\u00e9opr\u00e8ne antibact\u00e9rien et coutures renforc\u00e9es. Confort, stabilit\u00e9 et style pour les chiens robustes.\",\"breadcrumb\":{\"@id\":\"https:\\\/\\\/lebonchien.ca\\\/produit\\\/harnais-tactique-commando-pour-chien#breadcrumb\"},\"inLanguage\":\"en-US\",\"potentialAction\":[{\"@type\":\"ReadAction\",\"target\":[\"https:\\\/\\\/lebonchien.ca\\\/produit\\\/harnais-tactique-commando-pour-chien\"]}]},{\"@type\":\"ImageObject\",\"inLanguage\":\"en-US\",\"@id\":\"https:\\\/\\\/lebonchien.ca\\\/produit\\\/harnais-tactique-commando-pour-chien#primaryimage\",\"url\":\"https:\\\/\\\/eyswx3xfcyq.exactdn.com\\\/wp-content\\\/uploads\\\/2025\\\/10\\\/Harnais-Commando-Noir-.jpg\",\"contentUrl\":\"https:\\\/\\\/eyswx3xfcyq.exactdn.com\\\/wp-content\\\/uploads\\\/2025\\\/10\\\/Harnais-Commando-Noir-.jpg\",\"width\":1080,\"height\":1080},{\"@type\":\"BreadcrumbList\",\"@id\":\"https:\\\/\\\/lebonchien.ca\\\/produit\\\/harnais-tactique-commando-pour-chien#breadcrumb\",\"itemListElement\":[{\"@type\":\"ListItem\",\"position\":1,\"name\":\"Boutique\",\"item\":\"https:\\\/\\\/lebonchien.ca\\\/boutique\"},{\"@type\":\"ListItem\",\"position\":2,\"name\":\"Accessoires pour le plein-air\",\"item\":\"https:\\\/\\\/lebonchien.ca\\\/categorie-produit\\\/plein-air\"},{\"@type\":\"ListItem\",\"position\":3,\"name\":\"Harnais tactique Commando pour chien\"}]},{\"@type\":\"WebSite\",\"@id\":\"https:\\\/\\\/lebonchien.ca\\\/#website\",\"url\":\"https:\\\/\\\/lebonchien.ca\\\/\",\"name\":\"Le Bon Chien\",\"description\":\"Accessoires pour chien\",\"publisher\":{\"@id\":\"https:\\\/\\\/lebonchien.ca\\\/#organization\"},\"alternateName\":\"LBC\",\"potentialAction\":[{\"@type\":\"SearchAction\",\"target\":{\"@type\":\"EntryPoint\",\"urlTemplate\":\"https:\\\/\\\/lebonchien.ca\\\/?s={search_term_string}\"},\"query-input\":{\"@type\":\"PropertyValueSpecification\",\"valueRequired\":true,\"valueName\":\"search_term_string\"}}],\"inLanguage\":\"en-US\"},{\"@type\":\"Organization\",\"@id\":\"https:\\\/\\\/lebonchien.ca\\\/#organization\",\"name\":\"Le Bon Chien\",\"alternateName\":\"Le Bon Chien\",\"url\":\"https:\\\/\\\/lebonchien.ca\\\/\",\"logo\":{\"@type\":\"ImageObject\",\"inLanguage\":\"en-US\",\"@id\":\"https:\\\/\\\/lebonchien.ca\\\/#\\\/schema\\\/logo\\\/image\\\/\",\"url\":\"https:\\\/\\\/eyswx3xfcyq.exactdn.com\\\/wp-content\\\/uploads\\\/2023\\\/05\\\/logo-noir.png?lossy=1&ssl=1\",\"contentUrl\":\"https:\\\/\\\/eyswx3xfcyq.exactdn.com\\\/wp-content\\\/uploads\\\/2023\\\/05\\\/logo-noir.png?lossy=1&ssl=1\",\"width\":323,\"height\":326,\"caption\":\"Le Bon Chien\"},\"image\":{\"@id\":\"https:\\\/\\\/lebonchien.ca\\\/#\\\/schema\\\/logo\\\/image\\\/\"},\"sameAs\":[\"https:\\\/\\\/www.facebook.com\\\/LeBonChienQc\",\"https:\\\/\\\/www.instagram.com\\\/boutique_le_bon_chien\\\/\"]}]}<\/script>\n<!-- \/ Yoast SEO plugin. -->","yoast_head_json":{"title":"Harnais tactique Commando pour chien | Le Bon Chien","description":"Le harnais de luxe con\u00e7u pour les chiens robustes et les ma\u00eetres exigeants. Le Harnais Tactique Commando est un harnais de haute qualit\u00e9 de luxe, con\u00e7u pour les chiens puissants et actifs. Inspir\u00e9 de l\u2019\u00e9quipement militaire, il offre une stabilit\u00e9, un confort et une durabilit\u00e9 exceptionnels. Fabriqu\u00e9 \u00e0 partir de nylon militaire 900D, il r\u00e9siste \u00e0 l\u2019usure, aux d\u00e9chirures et aux intemp\u00e9ries. Sa doublure int\u00e9rieure en n\u00e9opr\u00e8ne antibact\u00e9rien \u00e9pouse la morphologie du chien, assurant un confort sup\u00e9rieur m\u00eame lors de longues sorties. Ce harnais est fait pour durer \u2014 un v\u00e9ritable gage de performance et de s\u00e9curit\u00e9. D\u00e9couvrez le harnais tactique Commando, un harnais de luxe en nylon militaire 900D avec boucles Cobra ultra-r\u00e9sistantes, doublure en n\u00e9opr\u00e8ne antibact\u00e9rien et coutures renforc\u00e9es. Confort, stabilit\u00e9 et style pour les chiens robustes.","robots":{"index":"index","follow":"follow","max-snippet":"max-snippet:-1","max-image-preview":"max-image-preview:large","max-video-preview":"max-video-preview:-1"},"canonical":"https:\/\/lebonchien.ca\/en\/product-2\/harnais-tactique-commando-pour-chien","og_locale":"en_US","og_type":"article","og_title":"Harnais tactique Commando pour chien | Le Bon Chien","og_description":"Le harnais de luxe con\u00e7u pour les chiens robustes et les ma\u00eetres exigeants. Le Harnais Tactique Commando est un harnais de haute qualit\u00e9 de luxe, con\u00e7u pour les chiens puissants et actifs. Inspir\u00e9 de l\u2019\u00e9quipement militaire, il offre une stabilit\u00e9, un confort et une durabilit\u00e9 exceptionnels. Fabriqu\u00e9 \u00e0 partir de nylon militaire 900D, il r\u00e9siste \u00e0 l\u2019usure, aux d\u00e9chirures et aux intemp\u00e9ries. Sa doublure int\u00e9rieure en n\u00e9opr\u00e8ne antibact\u00e9rien \u00e9pouse la morphologie du chien, assurant un confort sup\u00e9rieur m\u00eame lors de longues sorties. Ce harnais est fait pour durer \u2014 un v\u00e9ritable gage de performance et de s\u00e9curit\u00e9. D\u00e9couvrez le harnais tactique Commando, un harnais de luxe en nylon militaire 900D avec boucles Cobra ultra-r\u00e9sistantes, doublure en n\u00e9opr\u00e8ne antibact\u00e9rien et coutures renforc\u00e9es. Confort, stabilit\u00e9 et style pour les chiens robustes.","og_url":"https:\/\/lebonchien.ca\/en\/product-2\/harnais-tactique-commando-pour-chien","og_site_name":"Le Bon Chien","article_publisher":"https:\/\/www.facebook.com\/LeBonChienQc","article_modified_time":"2026-01-19T18:29:10+00:00","og_image":[{"width":1080,"height":1080,"url":"https:\/\/lebonchien.ca\/wp-content\/uploads\/2025\/10\/Harnais-Commando-Noir-.jpg","type":"image\/jpeg"}],"twitter_card":"summary_large_image","twitter_misc":{"Est. reading time":"2 minutes"},"schema":{"@context":"https:\/\/schema.org","@graph":[{"@type":"WebPage","@id":"https:\/\/lebonchien.ca\/produit\/harnais-tactique-commando-pour-chien","url":"https:\/\/lebonchien.ca\/produit\/harnais-tactique-commando-pour-chien","name":"Harnais tactique Commando pour chien | Le Bon Chien","isPartOf":{"@id":"https:\/\/lebonchien.ca\/#website"},"primaryImageOfPage":{"@id":"https:\/\/lebonchien.ca\/produit\/harnais-tactique-commando-pour-chien#primaryimage"},"image":{"@id":"https:\/\/lebonchien.ca\/produit\/harnais-tactique-commando-pour-chien#primaryimage"},"thumbnailUrl":"https:\/\/eyswx3xfcyq.exactdn.com\/wp-content\/uploads\/2025\/10\/Harnais-Commando-Noir-.jpg","datePublished":"2025-11-28T19:57:50+00:00","dateModified":"2026-01-19T18:29:10+00:00","description":"Le harnais de luxe con\u00e7u pour les chiens robustes et les ma\u00eetres exigeants. Le Harnais Tactique Commando est un harnais de haute qualit\u00e9 de luxe, con\u00e7u pour les chiens puissants et actifs. Inspir\u00e9 de l\u2019\u00e9quipement militaire, il offre une stabilit\u00e9, un confort et une durabilit\u00e9 exceptionnels. Fabriqu\u00e9 \u00e0 partir de nylon militaire 900D, il r\u00e9siste \u00e0 l\u2019usure, aux d\u00e9chirures et aux intemp\u00e9ries. Sa doublure int\u00e9rieure en n\u00e9opr\u00e8ne antibact\u00e9rien \u00e9pouse la morphologie du chien, assurant un confort sup\u00e9rieur m\u00eame lors de longues sorties. Ce harnais est fait pour durer \u2014 un v\u00e9ritable gage de performance et de s\u00e9curit\u00e9. D\u00e9couvrez le harnais tactique Commando, un harnais de luxe en nylon militaire 900D avec boucles Cobra ultra-r\u00e9sistantes, doublure en n\u00e9opr\u00e8ne antibact\u00e9rien et coutures renforc\u00e9es. Confort, stabilit\u00e9 et style pour les chiens robustes.","breadcrumb":{"@id":"https:\/\/lebonchien.ca\/produit\/harnais-tactique-commando-pour-chien#breadcrumb"},"inLanguage":"en-US","potentialAction":[{"@type":"ReadAction","target":["https:\/\/lebonchien.ca\/produit\/harnais-tactique-commando-pour-chien"]}]},{"@type":"ImageObject","inLanguage":"en-US","@id":"https:\/\/lebonchien.ca\/produit\/harnais-tactique-commando-pour-chien#primaryimage","url":"https:\/\/eyswx3xfcyq.exactdn.com\/wp-content\/uploads\/2025\/10\/Harnais-Commando-Noir-.jpg","contentUrl":"https:\/\/eyswx3xfcyq.exactdn.com\/wp-content\/uploads\/2025\/10\/Harnais-Commando-Noir-.jpg","width":1080,"height":1080},{"@type":"BreadcrumbList","@id":"https:\/\/lebonchien.ca\/produit\/harnais-tactique-commando-pour-chien#breadcrumb","itemListElement":[{"@type":"ListItem","position":1,"name":"Boutique","item":"https:\/\/lebonchien.ca\/boutique"},{"@type":"ListItem","position":2,"name":"Accessoires pour le plein-air","item":"https:\/\/lebonchien.ca\/categorie-produit\/plein-air"},{"@type":"ListItem","position":3,"name":"Harnais tactique Commando pour chien"}]},{"@type":"WebSite","@id":"https:\/\/lebonchien.ca\/#website","url":"https:\/\/lebonchien.ca\/","name":"The Good Dog","description":"Dog accessories","publisher":{"@id":"https:\/\/lebonchien.ca\/#organization"},"alternateName":"LBC","potentialAction":[{"@type":"SearchAction","target":{"@type":"EntryPoint","urlTemplate":"https:\/\/lebonchien.ca\/?s={search_term_string}"},"query-input":{"@type":"PropertyValueSpecification","valueRequired":true,"valueName":"search_term_string"}}],"inLanguage":"en-US"},{"@type":"Organization","@id":"https:\/\/lebonchien.ca\/#organization","name":"The Good Dog","alternateName":"Le Bon Chien","url":"https:\/\/lebonchien.ca\/","logo":{"@type":"ImageObject","inLanguage":"en-US","@id":"https:\/\/lebonchien.ca\/#\/schema\/logo\/image\/","url":"https:\/\/eyswx3xfcyq.exactdn.com\/wp-content\/uploads\/2023\/05\/logo-noir.png?lossy=1&ssl=1","contentUrl":"https:\/\/eyswx3xfcyq.exactdn.com\/wp-content\/uploads\/2023\/05\/logo-noir.png?lossy=1&ssl=1","width":323,"height":326,"caption":"Le Bon Chien"},"image":{"@id":"https:\/\/lebonchien.ca\/#\/schema\/logo\/image\/"},"sameAs":["https:\/\/www.facebook.com\/LeBonChienQc","https:\/\/www.instagram.com\/boutique_le_bon_chien\/"]}]}},"_links":{"self":[{"href":"https:\/\/lebonchien.ca\/en\/wp-json\/wp\/v2\/product\/13865","targetHints":{"allow":["GET"]}}],"collection":[{"href":"https:\/\/lebonchien.ca\/en\/wp-json\/wp\/v2\/product"}],"about":[{"href":"https:\/\/lebonchien.ca\/en\/wp-json\/wp\/v2\/types\/product"}],"wp:featuredmedia":[{"embeddable":true,"href":"https:\/\/lebonchien.ca\/en\/wp-json\/wp\/v2\/media\/13871"}],"wp:attachment":[{"href":"https:\/\/lebonchien.ca\/en\/wp-json\/wp\/v2\/media?parent=13865"}],"wp:term":[{"taxonomy":"product_brand","embeddable":true,"href":"https:\/\/lebonchien.ca\/en\/wp-json\/wp\/v2\/product_brand?post=13865"},{"taxonomy":"product_cat","embeddable":true,"href":"https:\/\/lebonchien.ca\/en\/wp-json\/wp\/v2\/product_cat?post=13865"},{"taxonomy":"product_tag","embeddable":true,"href":"https:\/\/lebonchien.ca\/en\/wp-json\/wp\/v2\/product_tag?post=13865"}],"curies":[{"name":"wp","href":"https:\/\/api.w.org\/{rel}","templated":true}]}}