{"id":323,"date":"2023-05-22T09:40:06","date_gmt":"2023-05-22T14:40:06","guid":{"rendered":"https:\/\/lebonchien.ca\/?post_type=product&#038;p=323"},"modified":"2025-03-06T15:52:23","modified_gmt":"2025-03-06T20:52:23","slug":"car-seat-cover","status":"publish","type":"product","link":"https:\/\/lebonchien.ca\/en\/product-2\/car-seat-cover","title":{"rendered":"Waterproof Dog Car Seat Cover"},"content":{"rendered":"<div data-olk-copy-source=\"MessageBody\"><\/span><\/p>\n<\/div>\n<div data-olk-copy-source=\"MessageBody\"><\/div>\n<div data-olk-copy-source=\"MessageBody\">\n<h3 data-start=\"310\" data-end=\"356\">\u2705 <strong data-start=\"316\" data-end=\"354\">Why Choose Our Dog Car Seat Cover?<\/strong><\/h3>\n<p data-start=\"357\" data-end=\"1497\">\u2714 <strong data-start=\"359\" data-end=\"379\">Total Protection<\/strong> \u2013 Prevents <strong data-start=\"391\" data-end=\"440\">pet hair, dirt, liquids, scratches, and odors<\/strong> from damaging your rear seats and doors.<br data-start=\"481\" data-end=\"484\" \/>\u2714 <strong data-start=\"486\" data-end=\"503\">Universal Fit<\/strong> \u2013 Compatible with <strong data-start=\"522\" data-end=\"574\" data-is-only-node=\"\">all cars, SUVs, sedans, pick-ups, and crossovers<\/strong>.<br data-start=\"575\" data-end=\"578\" \/>\u2714 <strong data-start=\"580\" data-end=\"609\">Hammock Design for Safety<\/strong> \u2013 Keeps your dog from <strong data-start=\"632\" data-end=\"661\">falling between the seats<\/strong>, ensuring a more comfortable and secure ride.<br data-start=\"707\" data-end=\"710\" \/>\u2714 <strong data-start=\"712\" data-end=\"746\">Easy &amp; Adjustable Installation<\/strong> \u2013<br data-start=\"748\" data-end=\"751\" \/>\ud83d\udd39 <strong data-start=\"757\" data-end=\"782\">Front and rear straps<\/strong> for a perfect fit in your vehicle.<br data-start=\"817\" data-end=\"820\" \/>\ud83d\udd39 <strong data-start=\"826\" data-end=\"845\">Velcro openings<\/strong> for seat belt use.<br data-start=\"864\" data-end=\"867\" \/>\u2714 <strong data-start=\"869\" data-end=\"899\">Waterproof &amp; Ultra Durable<\/strong> \u2013 Made from <strong data-start=\"912\" data-end=\"938\">high-quality materials<\/strong> for maximum durability.<br data-start=\"962\" data-end=\"965\" \/>\u2714 <strong data-start=\"967\" data-end=\"984\">Non-Slip Base<\/strong> \u2013 Keeps the cover in place, even with an active dog.<br data-start=\"1037\" data-end=\"1040\" \/>\u2714 <strong data-start=\"1042\" data-end=\"1061\">Door Protection<\/strong> \u2013 Protects doors when your dog looks out the window.<br data-start=\"1114\" data-end=\"1117\" \/>\u2714 <strong data-start=\"1119\" data-end=\"1143\">Built-In Mesh Window<\/strong> \u2013 Allows you to <strong data-start=\"1160\" data-end=\"1176\">see your pet<\/strong> and improves air circulation.<br data-start=\"1206\" data-end=\"1209\" \/>\u2714 <strong data-start=\"1211\" data-end=\"1228\">Easy to Clean<\/strong> \u2013 <strong data-start=\"1231\" data-end=\"1251\">Machine washable<\/strong> (delicate cycle) and air dry.<br data-start=\"1281\" data-end=\"1284\" \/>\u2714 <strong data-start=\"1286\" data-end=\"1303\">Versatile Use<\/strong> \u2013 Also perfect for <strong data-start=\"1323\" data-end=\"1383\">protecting your seats from kids and food or drink spills<\/strong>.<br data-start=\"1384\" data-end=\"1387\" \/>\u2714 <strong data-start=\"1389\" data-end=\"1410\">Free Carrying Bag<\/strong> \u2013 Easily transport and store your cover with the <strong data-start=\"1460\" data-end=\"1494\">FREE Le Bon Chien carrying bag<\/strong>.<\/p>\n<h3 data-start=\"1499\" data-end=\"1576\">\ud83d\ude80 <strong data-start=\"1506\" data-end=\"1574\">Provide Comfort &amp; Safety for Your Dog While Protecting Your Car!<\/strong><\/h3>\n<p data-start=\"1578\" data-end=\"1621\" data-is-last-node=\"\" data-is-only-node=\"\">\ud83d\udc49 <strong data-start=\"1581\" data-end=\"1621\" data-is-last-node=\"\">Order your dog car seat cover today!<\/strong><\/p>\n<div data-olk-copy-source=\"MessageBody\"><\/div>\n<\/div>\n<div data-olk-copy-source=\"MessageBody\"><\/div>","protected":false},"excerpt":{"rendered":"<p class=\"h2produit red\">Complete Rear Seat Protection \ud83d\ude97\ud83d\udc36<\/p>\n<p>Provide your car with optimal protection with our dog rear seat cover. Designed to keep your seats clean, dry, and intact, this waterproof, durable, and non-slip cover is the ideal accessory for dog owners traveling by car.<\/p>","protected":false},"featured_media":72,"template":"","meta":{"_acf_changed":false},"product_brand":[],"product_cat":[47],"product_tag":[173],"class_list":{"0":"post-323","1":"product","2":"type-product","3":"status-publish","4":"has-post-thumbnail","6":"product_cat-housses-voiture-protectrices","7":"product_tag-housse","9":"first","10":"instock","11":"taxable","12":"shipping-taxable","13":"purchasable","14":"product-type-simple"},"acf":[],"yoast_head":"<!-- This site is optimized with the Yoast SEO plugin v27.4 - https:\/\/yoast.com\/product\/yoast-seo-wordpress\/ -->\n<title>Housse de Voiture Imperm\u00e9able pour Chien | Le Bon Chien<\/title>\n<meta name=\"description\" content=\"Protection Compl\u00e8te des Si\u00e8ges Arri\u00e8re \ud83d\ude97\ud83d\udc36 Offrez \u00e0 votre voiture une protection optimale avec notre housse de si\u00e8ge arri\u00e8re pour chien. Con\u00e7ue pour garder vos si\u00e8ges propres, secs et intacts, cette housse imperm\u00e9able, r\u00e9sistante et antid\u00e9rapante est l\u2019accessoire id\u00e9al pour les propri\u00e9taires de chiens qui voyagent en voiture.\" \/>\n<meta name=\"robots\" content=\"index, follow, max-snippet:-1, max-image-preview:large, max-video-preview:-1\" \/>\n<link rel=\"canonical\" href=\"https:\/\/lebonchien.ca\/en\/product-2\/car-seat-cover\" \/>\n<meta property=\"og:locale\" content=\"en_US\" \/>\n<meta property=\"og:type\" content=\"article\" \/>\n<meta property=\"og:title\" content=\"Housse de Voiture Imperm\u00e9able pour Chien | Le Bon Chien\" \/>\n<meta property=\"og:description\" content=\"Protection Compl\u00e8te des Si\u00e8ges Arri\u00e8re \ud83d\ude97\ud83d\udc36 Offrez \u00e0 votre voiture une protection optimale avec notre housse de si\u00e8ge arri\u00e8re pour chien. Con\u00e7ue pour garder vos si\u00e8ges propres, secs et intacts, cette housse imperm\u00e9able, r\u00e9sistante et antid\u00e9rapante est l\u2019accessoire id\u00e9al pour les propri\u00e9taires de chiens qui voyagent en voiture.\" \/>\n<meta property=\"og:url\" content=\"https:\/\/lebonchien.ca\/en\/product-2\/car-seat-cover\" \/>\n<meta property=\"og:site_name\" content=\"Le Bon Chien\" \/>\n<meta property=\"article:publisher\" content=\"https:\/\/www.facebook.com\/LeBonChienQc\" \/>\n<meta property=\"article:modified_time\" content=\"2025-03-06T20:52:23+00:00\" \/>\n<meta property=\"og:image\" content=\"https:\/\/lebonchien.ca\/wp-content\/uploads\/2023\/05\/lbc-housse-siege.webp\" \/>\n\t<meta property=\"og:image:width\" content=\"2000\" \/>\n\t<meta property=\"og:image:height\" content=\"2000\" \/>\n\t<meta property=\"og:image:type\" content=\"image\/webp\" \/>\n<meta name=\"twitter:card\" content=\"summary_large_image\" \/>\n<meta name=\"twitter:label1\" content=\"Est. reading time\" \/>\n\t<meta name=\"twitter:data1\" content=\"2 minutes\" \/>\n<script type=\"application\/ld+json\" class=\"yoast-schema-graph\">{\"@context\":\"https:\\\/\\\/schema.org\",\"@graph\":[{\"@type\":\"WebPage\",\"@id\":\"https:\\\/\\\/lebonchien.ca\\\/produit\\\/housse-de-voiture-pour-chien\",\"url\":\"https:\\\/\\\/lebonchien.ca\\\/produit\\\/housse-de-voiture-pour-chien\",\"name\":\"Housse de Voiture Imperm\u00e9able pour Chien | Le Bon Chien\",\"isPartOf\":{\"@id\":\"https:\\\/\\\/lebonchien.ca\\\/#website\"},\"primaryImageOfPage\":{\"@id\":\"https:\\\/\\\/lebonchien.ca\\\/produit\\\/housse-de-voiture-pour-chien#primaryimage\"},\"image\":{\"@id\":\"https:\\\/\\\/lebonchien.ca\\\/produit\\\/housse-de-voiture-pour-chien#primaryimage\"},\"thumbnailUrl\":\"https:\\\/\\\/eyswx3xfcyq.exactdn.com\\\/wp-content\\\/uploads\\\/2023\\\/05\\\/lbc-housse-siege.webp\",\"datePublished\":\"2023-05-22T14:40:06+00:00\",\"dateModified\":\"2025-03-06T20:52:23+00:00\",\"description\":\"Protection Compl\u00e8te des Si\u00e8ges Arri\u00e8re \ud83d\ude97\ud83d\udc36 Offrez \u00e0 votre voiture une protection optimale avec notre housse de si\u00e8ge arri\u00e8re pour chien. Con\u00e7ue pour garder vos si\u00e8ges propres, secs et intacts, cette housse imperm\u00e9able, r\u00e9sistante et antid\u00e9rapante est l\u2019accessoire id\u00e9al pour les propri\u00e9taires de chiens qui voyagent en voiture.\",\"breadcrumb\":{\"@id\":\"https:\\\/\\\/lebonchien.ca\\\/produit\\\/housse-de-voiture-pour-chien#breadcrumb\"},\"inLanguage\":\"en-US\",\"potentialAction\":[{\"@type\":\"ReadAction\",\"target\":[\"https:\\\/\\\/lebonchien.ca\\\/produit\\\/housse-de-voiture-pour-chien\"]}]},{\"@type\":\"ImageObject\",\"inLanguage\":\"en-US\",\"@id\":\"https:\\\/\\\/lebonchien.ca\\\/produit\\\/housse-de-voiture-pour-chien#primaryimage\",\"url\":\"https:\\\/\\\/eyswx3xfcyq.exactdn.com\\\/wp-content\\\/uploads\\\/2023\\\/05\\\/lbc-housse-siege.webp\",\"contentUrl\":\"https:\\\/\\\/eyswx3xfcyq.exactdn.com\\\/wp-content\\\/uploads\\\/2023\\\/05\\\/lbc-housse-siege.webp\",\"width\":2000,\"height\":2000},{\"@type\":\"BreadcrumbList\",\"@id\":\"https:\\\/\\\/lebonchien.ca\\\/produit\\\/housse-de-voiture-pour-chien#breadcrumb\",\"itemListElement\":[{\"@type\":\"ListItem\",\"position\":1,\"name\":\"Boutique\",\"item\":\"https:\\\/\\\/lebonchien.ca\\\/boutique\"},{\"@type\":\"ListItem\",\"position\":2,\"name\":\"Accessoires pour la voiture\",\"item\":\"https:\\\/\\\/lebonchien.ca\\\/categorie-produit\\\/voiture\"},{\"@type\":\"ListItem\",\"position\":3,\"name\":\"Housses de voiture pour chien\",\"item\":\"https:\\\/\\\/lebonchien.ca\\\/categorie-produit\\\/voiture\\\/housses-voiture-protectrices\"},{\"@type\":\"ListItem\",\"position\":4,\"name\":\"Housse de Voiture Imperm\u00e9able pour Chien\"}]},{\"@type\":\"WebSite\",\"@id\":\"https:\\\/\\\/lebonchien.ca\\\/#website\",\"url\":\"https:\\\/\\\/lebonchien.ca\\\/\",\"name\":\"Le Bon Chien\",\"description\":\"Accessoires pour chien\",\"publisher\":{\"@id\":\"https:\\\/\\\/lebonchien.ca\\\/#organization\"},\"alternateName\":\"LBC\",\"potentialAction\":[{\"@type\":\"SearchAction\",\"target\":{\"@type\":\"EntryPoint\",\"urlTemplate\":\"https:\\\/\\\/lebonchien.ca\\\/?s={search_term_string}\"},\"query-input\":{\"@type\":\"PropertyValueSpecification\",\"valueRequired\":true,\"valueName\":\"search_term_string\"}}],\"inLanguage\":\"en-US\"},{\"@type\":\"Organization\",\"@id\":\"https:\\\/\\\/lebonchien.ca\\\/#organization\",\"name\":\"Le Bon Chien\",\"alternateName\":\"Le Bon Chien\",\"url\":\"https:\\\/\\\/lebonchien.ca\\\/\",\"logo\":{\"@type\":\"ImageObject\",\"inLanguage\":\"en-US\",\"@id\":\"https:\\\/\\\/lebonchien.ca\\\/#\\\/schema\\\/logo\\\/image\\\/\",\"url\":\"https:\\\/\\\/eyswx3xfcyq.exactdn.com\\\/wp-content\\\/uploads\\\/2023\\\/05\\\/logo-noir.png?lossy=1&ssl=1\",\"contentUrl\":\"https:\\\/\\\/eyswx3xfcyq.exactdn.com\\\/wp-content\\\/uploads\\\/2023\\\/05\\\/logo-noir.png?lossy=1&ssl=1\",\"width\":323,\"height\":326,\"caption\":\"Le Bon Chien\"},\"image\":{\"@id\":\"https:\\\/\\\/lebonchien.ca\\\/#\\\/schema\\\/logo\\\/image\\\/\"},\"sameAs\":[\"https:\\\/\\\/www.facebook.com\\\/LeBonChienQc\",\"https:\\\/\\\/www.instagram.com\\\/boutique_le_bon_chien\\\/\"]}]}<\/script>\n<!-- \/ Yoast SEO plugin. -->","yoast_head_json":{"title":"Housse de Voiture Imperm\u00e9able pour Chien | Le Bon Chien","description":"Protection Compl\u00e8te des Si\u00e8ges Arri\u00e8re \ud83d\ude97\ud83d\udc36 Offrez \u00e0 votre voiture une protection optimale avec notre housse de si\u00e8ge arri\u00e8re pour chien. Con\u00e7ue pour garder vos si\u00e8ges propres, secs et intacts, cette housse imperm\u00e9able, r\u00e9sistante et antid\u00e9rapante est l\u2019accessoire id\u00e9al pour les propri\u00e9taires de chiens qui voyagent en voiture.","robots":{"index":"index","follow":"follow","max-snippet":"max-snippet:-1","max-image-preview":"max-image-preview:large","max-video-preview":"max-video-preview:-1"},"canonical":"https:\/\/lebonchien.ca\/en\/product-2\/car-seat-cover","og_locale":"en_US","og_type":"article","og_title":"Housse de Voiture Imperm\u00e9able pour Chien | Le Bon Chien","og_description":"Protection Compl\u00e8te des Si\u00e8ges Arri\u00e8re \ud83d\ude97\ud83d\udc36 Offrez \u00e0 votre voiture une protection optimale avec notre housse de si\u00e8ge arri\u00e8re pour chien. Con\u00e7ue pour garder vos si\u00e8ges propres, secs et intacts, cette housse imperm\u00e9able, r\u00e9sistante et antid\u00e9rapante est l\u2019accessoire id\u00e9al pour les propri\u00e9taires de chiens qui voyagent en voiture.","og_url":"https:\/\/lebonchien.ca\/en\/product-2\/car-seat-cover","og_site_name":"Le Bon Chien","article_publisher":"https:\/\/www.facebook.com\/LeBonChienQc","article_modified_time":"2025-03-06T20:52:23+00:00","og_image":[{"width":2000,"height":2000,"url":"https:\/\/lebonchien.ca\/wp-content\/uploads\/2023\/05\/lbc-housse-siege.webp","type":"image\/webp"}],"twitter_card":"summary_large_image","twitter_misc":{"Est. reading time":"2 minutes"},"schema":{"@context":"https:\/\/schema.org","@graph":[{"@type":"WebPage","@id":"https:\/\/lebonchien.ca\/produit\/housse-de-voiture-pour-chien","url":"https:\/\/lebonchien.ca\/produit\/housse-de-voiture-pour-chien","name":"Housse de Voiture Imperm\u00e9able pour Chien | Le Bon Chien","isPartOf":{"@id":"https:\/\/lebonchien.ca\/#website"},"primaryImageOfPage":{"@id":"https:\/\/lebonchien.ca\/produit\/housse-de-voiture-pour-chien#primaryimage"},"image":{"@id":"https:\/\/lebonchien.ca\/produit\/housse-de-voiture-pour-chien#primaryimage"},"thumbnailUrl":"https:\/\/eyswx3xfcyq.exactdn.com\/wp-content\/uploads\/2023\/05\/lbc-housse-siege.webp","datePublished":"2023-05-22T14:40:06+00:00","dateModified":"2025-03-06T20:52:23+00:00","description":"Protection Compl\u00e8te des Si\u00e8ges Arri\u00e8re \ud83d\ude97\ud83d\udc36 Offrez \u00e0 votre voiture une protection optimale avec notre housse de si\u00e8ge arri\u00e8re pour chien. Con\u00e7ue pour garder vos si\u00e8ges propres, secs et intacts, cette housse imperm\u00e9able, r\u00e9sistante et antid\u00e9rapante est l\u2019accessoire id\u00e9al pour les propri\u00e9taires de chiens qui voyagent en voiture.","breadcrumb":{"@id":"https:\/\/lebonchien.ca\/produit\/housse-de-voiture-pour-chien#breadcrumb"},"inLanguage":"en-US","potentialAction":[{"@type":"ReadAction","target":["https:\/\/lebonchien.ca\/produit\/housse-de-voiture-pour-chien"]}]},{"@type":"ImageObject","inLanguage":"en-US","@id":"https:\/\/lebonchien.ca\/produit\/housse-de-voiture-pour-chien#primaryimage","url":"https:\/\/eyswx3xfcyq.exactdn.com\/wp-content\/uploads\/2023\/05\/lbc-housse-siege.webp","contentUrl":"https:\/\/eyswx3xfcyq.exactdn.com\/wp-content\/uploads\/2023\/05\/lbc-housse-siege.webp","width":2000,"height":2000},{"@type":"BreadcrumbList","@id":"https:\/\/lebonchien.ca\/produit\/housse-de-voiture-pour-chien#breadcrumb","itemListElement":[{"@type":"ListItem","position":1,"name":"Boutique","item":"https:\/\/lebonchien.ca\/boutique"},{"@type":"ListItem","position":2,"name":"Accessoires pour la voiture","item":"https:\/\/lebonchien.ca\/categorie-produit\/voiture"},{"@type":"ListItem","position":3,"name":"Housses de voiture pour chien","item":"https:\/\/lebonchien.ca\/categorie-produit\/voiture\/housses-voiture-protectrices"},{"@type":"ListItem","position":4,"name":"Housse de Voiture Imperm\u00e9able pour Chien"}]},{"@type":"WebSite","@id":"https:\/\/lebonchien.ca\/#website","url":"https:\/\/lebonchien.ca\/","name":"The Good Dog","description":"Dog accessories","publisher":{"@id":"https:\/\/lebonchien.ca\/#organization"},"alternateName":"LBC","potentialAction":[{"@type":"SearchAction","target":{"@type":"EntryPoint","urlTemplate":"https:\/\/lebonchien.ca\/?s={search_term_string}"},"query-input":{"@type":"PropertyValueSpecification","valueRequired":true,"valueName":"search_term_string"}}],"inLanguage":"en-US"},{"@type":"Organization","@id":"https:\/\/lebonchien.ca\/#organization","name":"The Good Dog","alternateName":"Le Bon Chien","url":"https:\/\/lebonchien.ca\/","logo":{"@type":"ImageObject","inLanguage":"en-US","@id":"https:\/\/lebonchien.ca\/#\/schema\/logo\/image\/","url":"https:\/\/eyswx3xfcyq.exactdn.com\/wp-content\/uploads\/2023\/05\/logo-noir.png?lossy=1&ssl=1","contentUrl":"https:\/\/eyswx3xfcyq.exactdn.com\/wp-content\/uploads\/2023\/05\/logo-noir.png?lossy=1&ssl=1","width":323,"height":326,"caption":"Le Bon Chien"},"image":{"@id":"https:\/\/lebonchien.ca\/#\/schema\/logo\/image\/"},"sameAs":["https:\/\/www.facebook.com\/LeBonChienQc","https:\/\/www.instagram.com\/boutique_le_bon_chien\/"]}]}},"_links":{"self":[{"href":"https:\/\/lebonchien.ca\/en\/wp-json\/wp\/v2\/product\/323","targetHints":{"allow":["GET"]}}],"collection":[{"href":"https:\/\/lebonchien.ca\/en\/wp-json\/wp\/v2\/product"}],"about":[{"href":"https:\/\/lebonchien.ca\/en\/wp-json\/wp\/v2\/types\/product"}],"wp:featuredmedia":[{"embeddable":true,"href":"https:\/\/lebonchien.ca\/en\/wp-json\/wp\/v2\/media\/72"}],"wp:attachment":[{"href":"https:\/\/lebonchien.ca\/en\/wp-json\/wp\/v2\/media?parent=323"}],"wp:term":[{"taxonomy":"product_brand","embeddable":true,"href":"https:\/\/lebonchien.ca\/en\/wp-json\/wp\/v2\/product_brand?post=323"},{"taxonomy":"product_cat","embeddable":true,"href":"https:\/\/lebonchien.ca\/en\/wp-json\/wp\/v2\/product_cat?post=323"},{"taxonomy":"product_tag","embeddable":true,"href":"https:\/\/lebonchien.ca\/en\/wp-json\/wp\/v2\/product_tag?post=323"}],"curies":[{"name":"wp","href":"https:\/\/api.w.org\/{rel}","templated":true}]}}