{"id":324,"date":"2023-05-22T09:43:32","date_gmt":"2023-05-22T14:43:32","guid":{"rendered":"https:\/\/lebonchien.ca\/?post_type=product&#038;p=324"},"modified":"2025-03-06T15:36:49","modified_gmt":"2025-03-06T20:36:49","slug":"trunk-cover-for-dogs","status":"publish","type":"product","link":"https:\/\/lebonchien.ca\/en\/product-2\/trunk-cover-for-dogs","title":{"rendered":"Dog Trunk &amp; Cargo Protector Cover"},"content":{"rendered":"<p data-start=\"370\" data-end=\"423\"><span data-olk-copy-source=\"MessageBody\"><\/span><\/p>\n<p data-start=\"1705\" data-end=\"1764\" data-is-last-node=\"\" data-is-only-node=\"\"><span data-olk-copy-source=\"MessageBody\"><\/span><\/p>\n<h3 data-start=\"342\" data-end=\"393\">\u2705 <strong data-start=\"348\" data-end=\"391\">Why Choose Our Trunk &amp; Cargo Protector?<\/strong><\/h3>\n<p data-start=\"394\" data-end=\"1199\">\u2714 <strong data-start=\"396\" data-end=\"425\">Premium Quality Materials<\/strong> \u2013 Made from <strong data-start=\"438\" data-end=\"463\">600D Oxford polyester<\/strong>, ultra-resistant to claws and dirt.<br data-start=\"499\" data-end=\"502\" \/>\u2714 <strong data-start=\"504\" data-end=\"529\">Waterproof &amp; Non-Slip<\/strong> \u2013 Protects against moisture and stays in place, even with an active dog.<br data-start=\"602\" data-end=\"605\" \/>\u2714 <strong data-start=\"607\" data-end=\"624\">Universal Fit<\/strong> \u2013 Designed to fit <strong data-start=\"643\" data-end=\"682\">all types of trunks and cargo areas<\/strong> with its adjustable design.<br data-start=\"710\" data-end=\"713\" \/>\u2714 <strong data-start=\"715\" data-end=\"745\">Easy &amp; Secure Installation<\/strong> \u2013<br data-start=\"747\" data-end=\"750\" \/>\ud83d\udd39 <strong data-start=\"756\" data-end=\"785\">4 strong 3M Velcro strips<\/strong> ensure a firm grip on the trunk walls.<br data-start=\"824\" data-end=\"827\" \/>\ud83d\udd39 <strong data-start=\"833\" data-end=\"873\">Reinforced adjustable leather straps<\/strong> prevent tearing and ensure long-lasting durability.<br data-start=\"925\" data-end=\"928\" \/>\ud83d\udd39 <strong data-start=\"934\" data-end=\"966\">Integrated bumper protection<\/strong> to prevent scratches and scuffs from your dog.<br data-start=\"1013\" data-end=\"1016\" \/>\u2714 <strong data-start=\"1018\" data-end=\"1042\">Hassle-Free Cleaning<\/strong> \u2013 <strong data-start=\"1045\" data-end=\"1065\">Machine washable<\/strong> (delicate cycle) and air-dry for easy maintenance.<br data-start=\"1116\" data-end=\"1119\" \/>\u2714 <strong data-start=\"1121\" data-end=\"1146\">Portable &amp; Convenient<\/strong> \u2013 Comes with a <strong data-start=\"1162\" data-end=\"1196\">FREE Le Bon Chien carrying bag<\/strong>!<\/p>\n<h3 data-start=\"1201\" data-end=\"1240\">\ud83d\udc3e <strong data-start=\"1208\" data-end=\"1238\">Perfect for Every Car Ride<\/strong><\/h3>\n<p data-start=\"1241\" data-end=\"1430\">Whether for daily trips or long adventures, this <strong data-start=\"1290\" data-end=\"1327\">Dog Trunk &amp; Cargo Protector Cover<\/strong> keeps your car <strong data-start=\"1343\" data-end=\"1368\">clean and damage-free<\/strong>, while providing <strong data-start=\"1386\" data-end=\"1405\">maximum comfort<\/strong> for your furry friend.<\/p>\n<p data-start=\"1432\" data-end=\"1508\"><strong data-start=\"1432\" data-end=\"1506\">\ud83d\ude80 Protect your car today and enjoy stress-free travels with your dog!<\/strong><\/p>\n<p data-start=\"1510\" data-end=\"1562\" data-is-last-node=\"\" data-is-only-node=\"\">\ud83d\udc49 <strong data-start=\"1513\" data-end=\"1562\" data-is-last-node=\"\">Order your Trunk &amp; Cargo Protector Cover now!<\/strong><\/p>\n<p data-start=\"1510\" data-end=\"1562\" data-is-last-node=\"\" data-is-only-node=\"\"><span data-olk-copy-source=\"MessageBody\"><\/span><\/p>","protected":false},"excerpt":{"rendered":"<p><strong data-start=\"4\" data-end=\"87\">Ultimate Protection for Your Car<\/strong> \ud83d\ude97\ud83d\udc36<\/p>\n<p>Give your car\u2019s trunk or cargo area the best protection with our Dog Trunk &amp; Cargo Protector Cover. Perfect for SUVs, cars, and crossovers, this durable cover prevents scratches, dirt, water, mud, and pet hair from damaging your vehicle.<\/p>","protected":false},"featured_media":74,"template":"","meta":{"_acf_changed":false},"product_brand":[],"product_cat":[47],"product_tag":[173],"class_list":{"0":"post-324","1":"product","2":"type-product","3":"status-publish","4":"has-post-thumbnail","6":"product_cat-housses-voiture-protectrices","7":"product_tag-housse","9":"first","10":"instock","11":"taxable","12":"shipping-taxable","13":"purchasable","14":"product-type-simple"},"acf":[],"yoast_head":"<!-- This site is optimized with the Yoast SEO plugin v27.4 - https:\/\/yoast.com\/product\/yoast-seo-wordpress\/ -->\n<title>Housse protectrice de coffre pour chiens | Le Bon Chien<\/title>\n<meta name=\"description\" content=\"Protection Ultime pour Votre Voiture \ud83d\ude97\ud83d\udc36  Offrez \u00e0 votre coffre arri\u00e8re une protection optimale avec notre housse de protection pour chien. Id\u00e9ale pour les propri\u00e9taires de SUV, voitures et VUS, cette housse emp\u00eache les griffes, la salet\u00e9, l\u2019eau, la boue et les poils d\u2019endommager votre v\u00e9hicule.\" \/>\n<meta name=\"robots\" content=\"index, follow, max-snippet:-1, max-image-preview:large, max-video-preview:-1\" \/>\n<link rel=\"canonical\" href=\"https:\/\/lebonchien.ca\/en\/product-2\/trunk-cover-for-dogs\" \/>\n<meta property=\"og:locale\" content=\"en_US\" \/>\n<meta property=\"og:type\" content=\"article\" \/>\n<meta property=\"og:title\" content=\"Housse protectrice de coffre pour chiens | Le Bon Chien\" \/>\n<meta property=\"og:description\" content=\"Protection Ultime pour Votre Voiture \ud83d\ude97\ud83d\udc36  Offrez \u00e0 votre coffre arri\u00e8re une protection optimale avec notre housse de protection pour chien. Id\u00e9ale pour les propri\u00e9taires de SUV, voitures et VUS, cette housse emp\u00eache les griffes, la salet\u00e9, l\u2019eau, la boue et les poils d\u2019endommager votre v\u00e9hicule.\" \/>\n<meta property=\"og:url\" content=\"https:\/\/lebonchien.ca\/en\/product-2\/trunk-cover-for-dogs\" \/>\n<meta property=\"og:site_name\" content=\"Le Bon Chien\" \/>\n<meta property=\"article:publisher\" content=\"https:\/\/www.facebook.com\/LeBonChienQc\" \/>\n<meta property=\"article:modified_time\" content=\"2025-03-06T20:36:49+00:00\" \/>\n<meta property=\"og:image\" content=\"https:\/\/lebonchien.ca\/wp-content\/uploads\/2023\/05\/lbc-housse-protectrice-coffre.webp\" \/>\n\t<meta property=\"og:image:width\" content=\"1800\" \/>\n\t<meta property=\"og:image:height\" content=\"1800\" \/>\n\t<meta property=\"og:image:type\" content=\"image\/webp\" \/>\n<meta name=\"twitter:card\" content=\"summary_large_image\" \/>\n<meta name=\"twitter:label1\" content=\"Est. reading time\" \/>\n\t<meta name=\"twitter:data1\" content=\"2 minutes\" \/>\n<script type=\"application\/ld+json\" class=\"yoast-schema-graph\">{\"@context\":\"https:\\\/\\\/schema.org\",\"@graph\":[{\"@type\":\"WebPage\",\"@id\":\"https:\\\/\\\/lebonchien.ca\\\/produit\\\/housse-protectrice-de-coffre-pour-chiens\",\"url\":\"https:\\\/\\\/lebonchien.ca\\\/produit\\\/housse-protectrice-de-coffre-pour-chiens\",\"name\":\"Housse protectrice de coffre pour chiens | Le Bon Chien\",\"isPartOf\":{\"@id\":\"https:\\\/\\\/lebonchien.ca\\\/#website\"},\"primaryImageOfPage\":{\"@id\":\"https:\\\/\\\/lebonchien.ca\\\/produit\\\/housse-protectrice-de-coffre-pour-chiens#primaryimage\"},\"image\":{\"@id\":\"https:\\\/\\\/lebonchien.ca\\\/produit\\\/housse-protectrice-de-coffre-pour-chiens#primaryimage\"},\"thumbnailUrl\":\"https:\\\/\\\/eyswx3xfcyq.exactdn.com\\\/wp-content\\\/uploads\\\/2023\\\/05\\\/lbc-housse-protectrice-coffre.webp\",\"datePublished\":\"2023-05-22T14:43:32+00:00\",\"dateModified\":\"2025-03-06T20:36:49+00:00\",\"description\":\"Protection Ultime pour Votre Voiture \ud83d\ude97\ud83d\udc36 Offrez \u00e0 votre coffre arri\u00e8re une protection optimale avec notre housse de protection pour chien. Id\u00e9ale pour les propri\u00e9taires de SUV, voitures et VUS, cette housse emp\u00eache les griffes, la salet\u00e9, l\u2019eau, la boue et les poils d\u2019endommager votre v\u00e9hicule.\",\"breadcrumb\":{\"@id\":\"https:\\\/\\\/lebonchien.ca\\\/produit\\\/housse-protectrice-de-coffre-pour-chiens#breadcrumb\"},\"inLanguage\":\"en-US\",\"potentialAction\":[{\"@type\":\"ReadAction\",\"target\":[\"https:\\\/\\\/lebonchien.ca\\\/produit\\\/housse-protectrice-de-coffre-pour-chiens\"]}]},{\"@type\":\"ImageObject\",\"inLanguage\":\"en-US\",\"@id\":\"https:\\\/\\\/lebonchien.ca\\\/produit\\\/housse-protectrice-de-coffre-pour-chiens#primaryimage\",\"url\":\"https:\\\/\\\/eyswx3xfcyq.exactdn.com\\\/wp-content\\\/uploads\\\/2023\\\/05\\\/lbc-housse-protectrice-coffre.webp\",\"contentUrl\":\"https:\\\/\\\/eyswx3xfcyq.exactdn.com\\\/wp-content\\\/uploads\\\/2023\\\/05\\\/lbc-housse-protectrice-coffre.webp\",\"width\":1800,\"height\":1800},{\"@type\":\"BreadcrumbList\",\"@id\":\"https:\\\/\\\/lebonchien.ca\\\/produit\\\/housse-protectrice-de-coffre-pour-chiens#breadcrumb\",\"itemListElement\":[{\"@type\":\"ListItem\",\"position\":1,\"name\":\"Boutique\",\"item\":\"https:\\\/\\\/lebonchien.ca\\\/boutique\"},{\"@type\":\"ListItem\",\"position\":2,\"name\":\"Accessoires pour la voiture\",\"item\":\"https:\\\/\\\/lebonchien.ca\\\/categorie-produit\\\/voiture\"},{\"@type\":\"ListItem\",\"position\":3,\"name\":\"Housses de voiture pour chien\",\"item\":\"https:\\\/\\\/lebonchien.ca\\\/categorie-produit\\\/voiture\\\/housses-voiture-protectrices\"},{\"@type\":\"ListItem\",\"position\":4,\"name\":\"Housse protectrice de coffre pour chiens\"}]},{\"@type\":\"WebSite\",\"@id\":\"https:\\\/\\\/lebonchien.ca\\\/#website\",\"url\":\"https:\\\/\\\/lebonchien.ca\\\/\",\"name\":\"Le Bon Chien\",\"description\":\"Accessoires pour chien\",\"publisher\":{\"@id\":\"https:\\\/\\\/lebonchien.ca\\\/#organization\"},\"alternateName\":\"LBC\",\"potentialAction\":[{\"@type\":\"SearchAction\",\"target\":{\"@type\":\"EntryPoint\",\"urlTemplate\":\"https:\\\/\\\/lebonchien.ca\\\/?s={search_term_string}\"},\"query-input\":{\"@type\":\"PropertyValueSpecification\",\"valueRequired\":true,\"valueName\":\"search_term_string\"}}],\"inLanguage\":\"en-US\"},{\"@type\":\"Organization\",\"@id\":\"https:\\\/\\\/lebonchien.ca\\\/#organization\",\"name\":\"Le Bon Chien\",\"alternateName\":\"Le Bon Chien\",\"url\":\"https:\\\/\\\/lebonchien.ca\\\/\",\"logo\":{\"@type\":\"ImageObject\",\"inLanguage\":\"en-US\",\"@id\":\"https:\\\/\\\/lebonchien.ca\\\/#\\\/schema\\\/logo\\\/image\\\/\",\"url\":\"https:\\\/\\\/eyswx3xfcyq.exactdn.com\\\/wp-content\\\/uploads\\\/2023\\\/05\\\/logo-noir.png?lossy=1&ssl=1\",\"contentUrl\":\"https:\\\/\\\/eyswx3xfcyq.exactdn.com\\\/wp-content\\\/uploads\\\/2023\\\/05\\\/logo-noir.png?lossy=1&ssl=1\",\"width\":323,\"height\":326,\"caption\":\"Le Bon Chien\"},\"image\":{\"@id\":\"https:\\\/\\\/lebonchien.ca\\\/#\\\/schema\\\/logo\\\/image\\\/\"},\"sameAs\":[\"https:\\\/\\\/www.facebook.com\\\/LeBonChienQc\",\"https:\\\/\\\/www.instagram.com\\\/boutique_le_bon_chien\\\/\"]}]}<\/script>\n<!-- \/ Yoast SEO plugin. -->","yoast_head_json":{"title":"Trunk cover for dogs | The Good Dog","description":"Protection Ultime pour Votre Voiture \ud83d\ude97\ud83d\udc36  Offrez \u00e0 votre coffre arri\u00e8re une protection optimale avec notre housse de protection pour chien. Id\u00e9ale pour les propri\u00e9taires de SUV, voitures et VUS, cette housse emp\u00eache les griffes, la salet\u00e9, l\u2019eau, la boue et les poils d\u2019endommager votre v\u00e9hicule.","robots":{"index":"index","follow":"follow","max-snippet":"max-snippet:-1","max-image-preview":"max-image-preview:large","max-video-preview":"max-video-preview:-1"},"canonical":"https:\/\/lebonchien.ca\/en\/product-2\/trunk-cover-for-dogs","og_locale":"en_US","og_type":"article","og_title":"Housse protectrice de coffre pour chiens | Le Bon Chien","og_description":"Protection Ultime pour Votre Voiture \ud83d\ude97\ud83d\udc36  Offrez \u00e0 votre coffre arri\u00e8re une protection optimale avec notre housse de protection pour chien. Id\u00e9ale pour les propri\u00e9taires de SUV, voitures et VUS, cette housse emp\u00eache les griffes, la salet\u00e9, l\u2019eau, la boue et les poils d\u2019endommager votre v\u00e9hicule.","og_url":"https:\/\/lebonchien.ca\/en\/product-2\/trunk-cover-for-dogs","og_site_name":"Le Bon Chien","article_publisher":"https:\/\/www.facebook.com\/LeBonChienQc","article_modified_time":"2025-03-06T20:36:49+00:00","og_image":[{"width":1800,"height":1800,"url":"https:\/\/lebonchien.ca\/wp-content\/uploads\/2023\/05\/lbc-housse-protectrice-coffre.webp","type":"image\/webp"}],"twitter_card":"summary_large_image","twitter_misc":{"Est. reading time":"2 minutes"},"schema":{"@context":"https:\/\/schema.org","@graph":[{"@type":"WebPage","@id":"https:\/\/lebonchien.ca\/produit\/housse-protectrice-de-coffre-pour-chiens","url":"https:\/\/lebonchien.ca\/produit\/housse-protectrice-de-coffre-pour-chiens","name":"Trunk cover for dogs | The Good Dog","isPartOf":{"@id":"https:\/\/lebonchien.ca\/#website"},"primaryImageOfPage":{"@id":"https:\/\/lebonchien.ca\/produit\/housse-protectrice-de-coffre-pour-chiens#primaryimage"},"image":{"@id":"https:\/\/lebonchien.ca\/produit\/housse-protectrice-de-coffre-pour-chiens#primaryimage"},"thumbnailUrl":"https:\/\/eyswx3xfcyq.exactdn.com\/wp-content\/uploads\/2023\/05\/lbc-housse-protectrice-coffre.webp","datePublished":"2023-05-22T14:43:32+00:00","dateModified":"2025-03-06T20:36:49+00:00","description":"Protection Ultime pour Votre Voiture \ud83d\ude97\ud83d\udc36 Offrez \u00e0 votre coffre arri\u00e8re une protection optimale avec notre housse de protection pour chien. Id\u00e9ale pour les propri\u00e9taires de SUV, voitures et VUS, cette housse emp\u00eache les griffes, la salet\u00e9, l\u2019eau, la boue et les poils d\u2019endommager votre v\u00e9hicule.","breadcrumb":{"@id":"https:\/\/lebonchien.ca\/produit\/housse-protectrice-de-coffre-pour-chiens#breadcrumb"},"inLanguage":"en-US","potentialAction":[{"@type":"ReadAction","target":["https:\/\/lebonchien.ca\/produit\/housse-protectrice-de-coffre-pour-chiens"]}]},{"@type":"ImageObject","inLanguage":"en-US","@id":"https:\/\/lebonchien.ca\/produit\/housse-protectrice-de-coffre-pour-chiens#primaryimage","url":"https:\/\/eyswx3xfcyq.exactdn.com\/wp-content\/uploads\/2023\/05\/lbc-housse-protectrice-coffre.webp","contentUrl":"https:\/\/eyswx3xfcyq.exactdn.com\/wp-content\/uploads\/2023\/05\/lbc-housse-protectrice-coffre.webp","width":1800,"height":1800},{"@type":"BreadcrumbList","@id":"https:\/\/lebonchien.ca\/produit\/housse-protectrice-de-coffre-pour-chiens#breadcrumb","itemListElement":[{"@type":"ListItem","position":1,"name":"Boutique","item":"https:\/\/lebonchien.ca\/boutique"},{"@type":"ListItem","position":2,"name":"Accessoires pour la voiture","item":"https:\/\/lebonchien.ca\/categorie-produit\/voiture"},{"@type":"ListItem","position":3,"name":"Housses de voiture pour chien","item":"https:\/\/lebonchien.ca\/categorie-produit\/voiture\/housses-voiture-protectrices"},{"@type":"ListItem","position":4,"name":"Housse protectrice de coffre pour chiens"}]},{"@type":"WebSite","@id":"https:\/\/lebonchien.ca\/#website","url":"https:\/\/lebonchien.ca\/","name":"The Good Dog","description":"Dog accessories","publisher":{"@id":"https:\/\/lebonchien.ca\/#organization"},"alternateName":"LBC","potentialAction":[{"@type":"SearchAction","target":{"@type":"EntryPoint","urlTemplate":"https:\/\/lebonchien.ca\/?s={search_term_string}"},"query-input":{"@type":"PropertyValueSpecification","valueRequired":true,"valueName":"search_term_string"}}],"inLanguage":"en-US"},{"@type":"Organization","@id":"https:\/\/lebonchien.ca\/#organization","name":"The Good Dog","alternateName":"Le Bon Chien","url":"https:\/\/lebonchien.ca\/","logo":{"@type":"ImageObject","inLanguage":"en-US","@id":"https:\/\/lebonchien.ca\/#\/schema\/logo\/image\/","url":"https:\/\/eyswx3xfcyq.exactdn.com\/wp-content\/uploads\/2023\/05\/logo-noir.png?lossy=1&ssl=1","contentUrl":"https:\/\/eyswx3xfcyq.exactdn.com\/wp-content\/uploads\/2023\/05\/logo-noir.png?lossy=1&ssl=1","width":323,"height":326,"caption":"Le Bon Chien"},"image":{"@id":"https:\/\/lebonchien.ca\/#\/schema\/logo\/image\/"},"sameAs":["https:\/\/www.facebook.com\/LeBonChienQc","https:\/\/www.instagram.com\/boutique_le_bon_chien\/"]}]}},"_links":{"self":[{"href":"https:\/\/lebonchien.ca\/en\/wp-json\/wp\/v2\/product\/324","targetHints":{"allow":["GET"]}}],"collection":[{"href":"https:\/\/lebonchien.ca\/en\/wp-json\/wp\/v2\/product"}],"about":[{"href":"https:\/\/lebonchien.ca\/en\/wp-json\/wp\/v2\/types\/product"}],"wp:featuredmedia":[{"embeddable":true,"href":"https:\/\/lebonchien.ca\/en\/wp-json\/wp\/v2\/media\/74"}],"wp:attachment":[{"href":"https:\/\/lebonchien.ca\/en\/wp-json\/wp\/v2\/media?parent=324"}],"wp:term":[{"taxonomy":"product_brand","embeddable":true,"href":"https:\/\/lebonchien.ca\/en\/wp-json\/wp\/v2\/product_brand?post=324"},{"taxonomy":"product_cat","embeddable":true,"href":"https:\/\/lebonchien.ca\/en\/wp-json\/wp\/v2\/product_cat?post=324"},{"taxonomy":"product_tag","embeddable":true,"href":"https:\/\/lebonchien.ca\/en\/wp-json\/wp\/v2\/product_tag?post=324"}],"curies":[{"name":"wp","href":"https:\/\/api.w.org\/{rel}","templated":true}]}}