{"id":325,"date":"2023-05-22T09:47:17","date_gmt":"2023-05-22T14:47:17","guid":{"rendered":"https:\/\/lebonchien.ca\/?post_type=product&#038;p=325"},"modified":"2025-03-06T15:20:48","modified_gmt":"2025-03-06T20:20:48","slug":"folding-car-stairs-for-dogs","status":"publish","type":"product","link":"https:\/\/lebonchien.ca\/en\/product-2\/folding-car-stairs-for-dogs","title":{"rendered":"Folding Dog Car Stairs"},"content":{"rendered":"<p><span data-olk-copy-source=\"MessageBody\"><\/span><\/p>\n<p data-start=\"2058\" data-end=\"2126\" data-is-last-node=\"\" data-is-only-node=\"\"><span data-olk-copy-source=\"MessageBody\"><\/span><\/p>\n<div class=\"flex max-w-full flex-col flex-grow\">\n<div class=\"min-h-8 text-message relative flex w-full flex-col items-end gap-2 whitespace-normal break-words text-start [.text-message+&amp;]:mt-5\" dir=\"auto\" data-message-author-role=\"assistant\" data-message-id=\"2d03ae4a-1028-45ae-ad9c-9501ecf5053b\" data-message-model-slug=\"gpt-4o\">\n<div class=\"flex w-full flex-col gap-1 empty:hidden first:pt-[3px]\">\n<div class=\"markdown prose w-full break-words dark:prose-invert dark\">\n<h3 data-start=\"341\" data-end=\"366\">\u2705 <strong data-start=\"347\" data-end=\"364\">Key Features:<\/strong><\/h3>\n<p data-start=\"367\" data-end=\"1265\">\u2714 <strong data-start=\"369\" data-end=\"390\">Adjustable Height<\/strong> \u2013 Ranges from <strong data-start=\"405\" data-end=\"423\">50 cm to 77 cm<\/strong>, adapting to different vehicles and furniture.<br data-start=\"470\" data-end=\"473\" \/>\u2714 <strong data-start=\"475\" data-end=\"496\">Extendable Length<\/strong> \u2013 Expands from <strong data-start=\"512\" data-end=\"532\">100 cm to 155 cm<\/strong> for extra flexibility.<br data-start=\"555\" data-end=\"558\" \/>\u2714 <strong data-start=\"560\" data-end=\"580\">Strong &amp; Durable<\/strong> \u2013 Supports up to <strong data-start=\"598\" data-end=\"609\">150 lbs<\/strong>, ideal for large dogs.<br data-start=\"632\" data-end=\"635\" \/>\u2714 <strong data-start=\"637\" data-end=\"662\">Ultra-Light &amp; Compact<\/strong> \u2013 Weighs less than <strong data-start=\"682\" data-end=\"692\">10 lbs<\/strong> and folds easily with its <strong data-start=\"719\" data-end=\"749\">ergonomic accordion design<\/strong>.<br data-start=\"750\" data-end=\"753\" \/>\u2714 <strong data-start=\"755\" data-end=\"773\">Maximum Safety<\/strong> \u2013<br data-start=\"775\" data-end=\"778\" \/>\ud83d\udd39 <strong data-start=\"784\" data-end=\"809\">Non-slip foam padding<\/strong> on the upper structure prevents sliding and protects your vehicle.<br data-start=\"876\" data-end=\"879\" \/>\ud83d\udd39 <strong data-start=\"885\" data-end=\"925\">Reinforcement plates under each step<\/strong> for increased stability, preventing sagging under your dog\u2019s weight.<br data-start=\"994\" data-end=\"997\" \/>\ud83d\udd39 <strong data-start=\"1003\" data-end=\"1030\">Rubber pads at the base<\/strong> provide optimal grip on all surfaces.<br data-start=\"1068\" data-end=\"1071\" \/>\ud83d\udd39 <strong data-start=\"1077\" data-end=\"1091\">Wide steps<\/strong> prevent your dog from slipping or falling off the sides.<br data-start=\"1148\" data-end=\"1151\" \/>\u2714 <strong data-start=\"1153\" data-end=\"1174\">Secure Attachment<\/strong> \u2013 Comes with a <strong data-start=\"1190\" data-end=\"1210\">sturdy carabiner<\/strong> to safely secure the stairs to your vehicle\u2019s trunk.<\/p>\n<h3 data-start=\"1267\" data-end=\"1314\">\ud83d\udc3e <strong data-start=\"1274\" data-end=\"1312\">Why Choose Our Folding Dog Stairs?<\/strong><\/h3>\n<p data-start=\"1315\" data-end=\"1603\">\ud83d\udd39 <strong data-start=\"1318\" data-end=\"1356\">Perfect for senior or injured dogs<\/strong> \u2013 Reduces joint strain and prevents risky jumps.<br data-start=\"1405\" data-end=\"1408\" \/>\ud83d\udd39 <strong data-start=\"1411\" data-end=\"1428\">Versatile use<\/strong> \u2013 Ideal for car travel, but also helps dogs climb onto beds or sofas.<br data-start=\"1498\" data-end=\"1501\" \/>\ud83d\udd39 <strong data-start=\"1504\" data-end=\"1534\">Convenient &amp; Easy to Store<\/strong> \u2013 Its foldable design allows for effortless transport and storage.<\/p>\n<p data-start=\"1605\" data-end=\"1675\"><strong data-start=\"1605\" data-end=\"1668\">Choose a safe and practical solution for your furry friend!<\/strong> \ud83d\udc15\ud83d\udc99<\/p>\n<p data-start=\"1677\" data-end=\"1726\" data-is-last-node=\"\" data-is-only-node=\"\">\ud83d\udc49 <strong data-start=\"1680\" data-end=\"1726\" data-is-last-node=\"\">Order now and make your dog\u2019s life easier!<\/strong><\/p>\n<p data-start=\"1677\" data-end=\"1726\" data-is-last-node=\"\" data-is-only-node=\"\"><span data-olk-copy-source=\"MessageBody\"><\/span><\/p>\n<\/div>\n<\/div>\n<\/div>\n<\/div>\n","protected":false},"excerpt":{"rendered":"<p><strong data-start=\"4\" data-end=\"91\">Safety &amp; Comfort for Your Pet \ud83d\udc36\ud83d\ude97<\/strong> \ud83d\udc36\ud83d\ude97<\/p>\n<p>Give your dog easy and secure access to your vehicle with our folding dog car stairs. Designed for SUVs, trucks, cars, beds, and sofas, these adjustable stairs are perfect for dogs of all sizes, especially those with hip or knee joint issues.<\/p>","protected":false},"featured_media":75,"template":"","meta":{"_acf_changed":false},"product_brand":[],"product_cat":[68,38,48],"product_tag":[],"class_list":{"0":"post-325","1":"product","2":"type-product","3":"status-publish","4":"has-post-thumbnail","6":"product_cat-accessibilite","7":"product_cat-voiture","8":"product_cat-escaliers-voiture","10":"first","11":"instock","12":"taxable","13":"shipping-taxable","14":"purchasable","15":"product-type-simple"},"acf":[],"yoast_head":"<!-- This site is optimized with the Yoast SEO plugin v27.4 - https:\/\/yoast.com\/product\/yoast-seo-wordpress\/ -->\n<title>Escaliers pliables de voiture pour chiens | Le Bon Chien<\/title>\n<meta name=\"description\" content=\"S\u00e9curit\u00e9 &amp; Confort pour Votre Compagnon \ud83d\udc36\ud83d\ude97  Offrez \u00e0 votre chien un acc\u00e8s facile et s\u00e9curis\u00e9 \u00e0 votre v\u00e9hicule gr\u00e2ce \u00e0 nos escaliers pliables de voiture. Con\u00e7us pour les SUV, camions, voitures, lits et sofas, ces escaliers r\u00e9glables sont parfaits pour les chiens de toutes tailles, notamment ceux souffrant de probl\u00e8mes d\u2019articulations aux hanches ou aux genoux.\" \/>\n<meta name=\"robots\" content=\"index, follow, max-snippet:-1, max-image-preview:large, max-video-preview:-1\" \/>\n<link rel=\"canonical\" href=\"https:\/\/lebonchien.ca\/en\/product-2\/folding-car-stairs-for-dogs\" \/>\n<meta property=\"og:locale\" content=\"en_US\" \/>\n<meta property=\"og:type\" content=\"article\" \/>\n<meta property=\"og:title\" content=\"Escaliers pliables de voiture pour chiens | Le Bon Chien\" \/>\n<meta property=\"og:description\" content=\"S\u00e9curit\u00e9 &amp; Confort pour Votre Compagnon \ud83d\udc36\ud83d\ude97  Offrez \u00e0 votre chien un acc\u00e8s facile et s\u00e9curis\u00e9 \u00e0 votre v\u00e9hicule gr\u00e2ce \u00e0 nos escaliers pliables de voiture. Con\u00e7us pour les SUV, camions, voitures, lits et sofas, ces escaliers r\u00e9glables sont parfaits pour les chiens de toutes tailles, notamment ceux souffrant de probl\u00e8mes d\u2019articulations aux hanches ou aux genoux.\" \/>\n<meta property=\"og:url\" content=\"https:\/\/lebonchien.ca\/en\/product-2\/folding-car-stairs-for-dogs\" \/>\n<meta property=\"og:site_name\" content=\"Le Bon Chien\" \/>\n<meta property=\"article:publisher\" content=\"https:\/\/www.facebook.com\/LeBonChienQc\" \/>\n<meta property=\"article:modified_time\" content=\"2025-03-06T20:20:48+00:00\" \/>\n<meta property=\"og:image\" content=\"https:\/\/lebonchien.ca\/wp-content\/uploads\/2023\/05\/lbc-escaliers-pliables-voitures.webp\" \/>\n\t<meta property=\"og:image:width\" content=\"2000\" \/>\n\t<meta property=\"og:image:height\" content=\"2000\" \/>\n\t<meta property=\"og:image:type\" content=\"image\/webp\" \/>\n<meta name=\"twitter:card\" content=\"summary_large_image\" \/>\n<meta name=\"twitter:label1\" content=\"Est. reading time\" \/>\n\t<meta name=\"twitter:data1\" content=\"2 minutes\" \/>\n<script type=\"application\/ld+json\" class=\"yoast-schema-graph\">{\"@context\":\"https:\\\/\\\/schema.org\",\"@graph\":[{\"@type\":\"WebPage\",\"@id\":\"https:\\\/\\\/lebonchien.ca\\\/produit\\\/escaliers-pliables-de-voiture-pour-chiens\",\"url\":\"https:\\\/\\\/lebonchien.ca\\\/produit\\\/escaliers-pliables-de-voiture-pour-chiens\",\"name\":\"Escaliers pliables de voiture pour chiens | Le Bon Chien\",\"isPartOf\":{\"@id\":\"https:\\\/\\\/lebonchien.ca\\\/#website\"},\"primaryImageOfPage\":{\"@id\":\"https:\\\/\\\/lebonchien.ca\\\/produit\\\/escaliers-pliables-de-voiture-pour-chiens#primaryimage\"},\"image\":{\"@id\":\"https:\\\/\\\/lebonchien.ca\\\/produit\\\/escaliers-pliables-de-voiture-pour-chiens#primaryimage\"},\"thumbnailUrl\":\"https:\\\/\\\/eyswx3xfcyq.exactdn.com\\\/wp-content\\\/uploads\\\/2023\\\/05\\\/lbc-escaliers-pliables-voitures.webp\",\"datePublished\":\"2023-05-22T14:47:17+00:00\",\"dateModified\":\"2025-03-06T20:20:48+00:00\",\"description\":\"S\u00e9curit\u00e9 &amp; Confort pour Votre Compagnon \ud83d\udc36\ud83d\ude97 Offrez \u00e0 votre chien un acc\u00e8s facile et s\u00e9curis\u00e9 \u00e0 votre v\u00e9hicule gr\u00e2ce \u00e0 nos escaliers pliables de voiture. Con\u00e7us pour les SUV, camions, voitures, lits et sofas, ces escaliers r\u00e9glables sont parfaits pour les chiens de toutes tailles, notamment ceux souffrant de probl\u00e8mes d\u2019articulations aux hanches ou aux genoux.\",\"breadcrumb\":{\"@id\":\"https:\\\/\\\/lebonchien.ca\\\/produit\\\/escaliers-pliables-de-voiture-pour-chiens#breadcrumb\"},\"inLanguage\":\"en-US\",\"potentialAction\":[{\"@type\":\"ReadAction\",\"target\":[\"https:\\\/\\\/lebonchien.ca\\\/produit\\\/escaliers-pliables-de-voiture-pour-chiens\"]}]},{\"@type\":\"ImageObject\",\"inLanguage\":\"en-US\",\"@id\":\"https:\\\/\\\/lebonchien.ca\\\/produit\\\/escaliers-pliables-de-voiture-pour-chiens#primaryimage\",\"url\":\"https:\\\/\\\/eyswx3xfcyq.exactdn.com\\\/wp-content\\\/uploads\\\/2023\\\/05\\\/lbc-escaliers-pliables-voitures.webp\",\"contentUrl\":\"https:\\\/\\\/eyswx3xfcyq.exactdn.com\\\/wp-content\\\/uploads\\\/2023\\\/05\\\/lbc-escaliers-pliables-voitures.webp\",\"width\":2000,\"height\":2000},{\"@type\":\"BreadcrumbList\",\"@id\":\"https:\\\/\\\/lebonchien.ca\\\/produit\\\/escaliers-pliables-de-voiture-pour-chiens#breadcrumb\",\"itemListElement\":[{\"@type\":\"ListItem\",\"position\":1,\"name\":\"Boutique\",\"item\":\"https:\\\/\\\/lebonchien.ca\\\/boutique\"},{\"@type\":\"ListItem\",\"position\":2,\"name\":\"Accessoires pour la voiture\",\"item\":\"https:\\\/\\\/lebonchien.ca\\\/categorie-produit\\\/voiture\"},{\"@type\":\"ListItem\",\"position\":3,\"name\":\"Escaliers pour la voiture\",\"item\":\"https:\\\/\\\/lebonchien.ca\\\/categorie-produit\\\/voiture\\\/escaliers-voiture\"},{\"@type\":\"ListItem\",\"position\":4,\"name\":\"Escaliers pliables de voiture pour chiens\"}]},{\"@type\":\"WebSite\",\"@id\":\"https:\\\/\\\/lebonchien.ca\\\/#website\",\"url\":\"https:\\\/\\\/lebonchien.ca\\\/\",\"name\":\"Le Bon Chien\",\"description\":\"Accessoires pour chien\",\"publisher\":{\"@id\":\"https:\\\/\\\/lebonchien.ca\\\/#organization\"},\"alternateName\":\"LBC\",\"potentialAction\":[{\"@type\":\"SearchAction\",\"target\":{\"@type\":\"EntryPoint\",\"urlTemplate\":\"https:\\\/\\\/lebonchien.ca\\\/?s={search_term_string}\"},\"query-input\":{\"@type\":\"PropertyValueSpecification\",\"valueRequired\":true,\"valueName\":\"search_term_string\"}}],\"inLanguage\":\"en-US\"},{\"@type\":\"Organization\",\"@id\":\"https:\\\/\\\/lebonchien.ca\\\/#organization\",\"name\":\"Le Bon Chien\",\"alternateName\":\"Le Bon Chien\",\"url\":\"https:\\\/\\\/lebonchien.ca\\\/\",\"logo\":{\"@type\":\"ImageObject\",\"inLanguage\":\"en-US\",\"@id\":\"https:\\\/\\\/lebonchien.ca\\\/#\\\/schema\\\/logo\\\/image\\\/\",\"url\":\"https:\\\/\\\/eyswx3xfcyq.exactdn.com\\\/wp-content\\\/uploads\\\/2023\\\/05\\\/logo-noir.png?lossy=1&ssl=1\",\"contentUrl\":\"https:\\\/\\\/eyswx3xfcyq.exactdn.com\\\/wp-content\\\/uploads\\\/2023\\\/05\\\/logo-noir.png?lossy=1&ssl=1\",\"width\":323,\"height\":326,\"caption\":\"Le Bon Chien\"},\"image\":{\"@id\":\"https:\\\/\\\/lebonchien.ca\\\/#\\\/schema\\\/logo\\\/image\\\/\"},\"sameAs\":[\"https:\\\/\\\/www.facebook.com\\\/LeBonChienQc\",\"https:\\\/\\\/www.instagram.com\\\/boutique_le_bon_chien\\\/\"]}]}<\/script>\n<!-- \/ Yoast SEO plugin. -->","yoast_head_json":{"title":"Collapsible car stairs for dogs | The Good Dog","description":"S\u00e9curit\u00e9 &amp; Confort pour Votre Compagnon \ud83d\udc36\ud83d\ude97  Offrez \u00e0 votre chien un acc\u00e8s facile et s\u00e9curis\u00e9 \u00e0 votre v\u00e9hicule gr\u00e2ce \u00e0 nos escaliers pliables de voiture. Con\u00e7us pour les SUV, camions, voitures, lits et sofas, ces escaliers r\u00e9glables sont parfaits pour les chiens de toutes tailles, notamment ceux souffrant de probl\u00e8mes d\u2019articulations aux hanches ou aux genoux.","robots":{"index":"index","follow":"follow","max-snippet":"max-snippet:-1","max-image-preview":"max-image-preview:large","max-video-preview":"max-video-preview:-1"},"canonical":"https:\/\/lebonchien.ca\/en\/product-2\/folding-car-stairs-for-dogs","og_locale":"en_US","og_type":"article","og_title":"Escaliers pliables de voiture pour chiens | Le Bon Chien","og_description":"S\u00e9curit\u00e9 &amp; Confort pour Votre Compagnon \ud83d\udc36\ud83d\ude97  Offrez \u00e0 votre chien un acc\u00e8s facile et s\u00e9curis\u00e9 \u00e0 votre v\u00e9hicule gr\u00e2ce \u00e0 nos escaliers pliables de voiture. Con\u00e7us pour les SUV, camions, voitures, lits et sofas, ces escaliers r\u00e9glables sont parfaits pour les chiens de toutes tailles, notamment ceux souffrant de probl\u00e8mes d\u2019articulations aux hanches ou aux genoux.","og_url":"https:\/\/lebonchien.ca\/en\/product-2\/folding-car-stairs-for-dogs","og_site_name":"Le Bon Chien","article_publisher":"https:\/\/www.facebook.com\/LeBonChienQc","article_modified_time":"2025-03-06T20:20:48+00:00","og_image":[{"width":2000,"height":2000,"url":"https:\/\/lebonchien.ca\/wp-content\/uploads\/2023\/05\/lbc-escaliers-pliables-voitures.webp","type":"image\/webp"}],"twitter_card":"summary_large_image","twitter_misc":{"Est. reading time":"2 minutes"},"schema":{"@context":"https:\/\/schema.org","@graph":[{"@type":"WebPage","@id":"https:\/\/lebonchien.ca\/produit\/escaliers-pliables-de-voiture-pour-chiens","url":"https:\/\/lebonchien.ca\/produit\/escaliers-pliables-de-voiture-pour-chiens","name":"Collapsible car stairs for dogs | The Good Dog","isPartOf":{"@id":"https:\/\/lebonchien.ca\/#website"},"primaryImageOfPage":{"@id":"https:\/\/lebonchien.ca\/produit\/escaliers-pliables-de-voiture-pour-chiens#primaryimage"},"image":{"@id":"https:\/\/lebonchien.ca\/produit\/escaliers-pliables-de-voiture-pour-chiens#primaryimage"},"thumbnailUrl":"https:\/\/eyswx3xfcyq.exactdn.com\/wp-content\/uploads\/2023\/05\/lbc-escaliers-pliables-voitures.webp","datePublished":"2023-05-22T14:47:17+00:00","dateModified":"2025-03-06T20:20:48+00:00","description":"S\u00e9curit\u00e9 &amp; Confort pour Votre Compagnon \ud83d\udc36\ud83d\ude97 Offrez \u00e0 votre chien un acc\u00e8s facile et s\u00e9curis\u00e9 \u00e0 votre v\u00e9hicule gr\u00e2ce \u00e0 nos escaliers pliables de voiture. Con\u00e7us pour les SUV, camions, voitures, lits et sofas, ces escaliers r\u00e9glables sont parfaits pour les chiens de toutes tailles, notamment ceux souffrant de probl\u00e8mes d\u2019articulations aux hanches ou aux genoux.","breadcrumb":{"@id":"https:\/\/lebonchien.ca\/produit\/escaliers-pliables-de-voiture-pour-chiens#breadcrumb"},"inLanguage":"en-US","potentialAction":[{"@type":"ReadAction","target":["https:\/\/lebonchien.ca\/produit\/escaliers-pliables-de-voiture-pour-chiens"]}]},{"@type":"ImageObject","inLanguage":"en-US","@id":"https:\/\/lebonchien.ca\/produit\/escaliers-pliables-de-voiture-pour-chiens#primaryimage","url":"https:\/\/eyswx3xfcyq.exactdn.com\/wp-content\/uploads\/2023\/05\/lbc-escaliers-pliables-voitures.webp","contentUrl":"https:\/\/eyswx3xfcyq.exactdn.com\/wp-content\/uploads\/2023\/05\/lbc-escaliers-pliables-voitures.webp","width":2000,"height":2000},{"@type":"BreadcrumbList","@id":"https:\/\/lebonchien.ca\/produit\/escaliers-pliables-de-voiture-pour-chiens#breadcrumb","itemListElement":[{"@type":"ListItem","position":1,"name":"Boutique","item":"https:\/\/lebonchien.ca\/boutique"},{"@type":"ListItem","position":2,"name":"Accessoires pour la voiture","item":"https:\/\/lebonchien.ca\/categorie-produit\/voiture"},{"@type":"ListItem","position":3,"name":"Escaliers pour la voiture","item":"https:\/\/lebonchien.ca\/categorie-produit\/voiture\/escaliers-voiture"},{"@type":"ListItem","position":4,"name":"Escaliers pliables de voiture pour chiens"}]},{"@type":"WebSite","@id":"https:\/\/lebonchien.ca\/#website","url":"https:\/\/lebonchien.ca\/","name":"The Good Dog","description":"Dog accessories","publisher":{"@id":"https:\/\/lebonchien.ca\/#organization"},"alternateName":"LBC","potentialAction":[{"@type":"SearchAction","target":{"@type":"EntryPoint","urlTemplate":"https:\/\/lebonchien.ca\/?s={search_term_string}"},"query-input":{"@type":"PropertyValueSpecification","valueRequired":true,"valueName":"search_term_string"}}],"inLanguage":"en-US"},{"@type":"Organization","@id":"https:\/\/lebonchien.ca\/#organization","name":"The Good Dog","alternateName":"Le Bon Chien","url":"https:\/\/lebonchien.ca\/","logo":{"@type":"ImageObject","inLanguage":"en-US","@id":"https:\/\/lebonchien.ca\/#\/schema\/logo\/image\/","url":"https:\/\/eyswx3xfcyq.exactdn.com\/wp-content\/uploads\/2023\/05\/logo-noir.png?lossy=1&ssl=1","contentUrl":"https:\/\/eyswx3xfcyq.exactdn.com\/wp-content\/uploads\/2023\/05\/logo-noir.png?lossy=1&ssl=1","width":323,"height":326,"caption":"Le Bon Chien"},"image":{"@id":"https:\/\/lebonchien.ca\/#\/schema\/logo\/image\/"},"sameAs":["https:\/\/www.facebook.com\/LeBonChienQc","https:\/\/www.instagram.com\/boutique_le_bon_chien\/"]}]}},"_links":{"self":[{"href":"https:\/\/lebonchien.ca\/en\/wp-json\/wp\/v2\/product\/325","targetHints":{"allow":["GET"]}}],"collection":[{"href":"https:\/\/lebonchien.ca\/en\/wp-json\/wp\/v2\/product"}],"about":[{"href":"https:\/\/lebonchien.ca\/en\/wp-json\/wp\/v2\/types\/product"}],"wp:featuredmedia":[{"embeddable":true,"href":"https:\/\/lebonchien.ca\/en\/wp-json\/wp\/v2\/media\/75"}],"wp:attachment":[{"href":"https:\/\/lebonchien.ca\/en\/wp-json\/wp\/v2\/media?parent=325"}],"wp:term":[{"taxonomy":"product_brand","embeddable":true,"href":"https:\/\/lebonchien.ca\/en\/wp-json\/wp\/v2\/product_brand?post=325"},{"taxonomy":"product_cat","embeddable":true,"href":"https:\/\/lebonchien.ca\/en\/wp-json\/wp\/v2\/product_cat?post=325"},{"taxonomy":"product_tag","embeddable":true,"href":"https:\/\/lebonchien.ca\/en\/wp-json\/wp\/v2\/product_tag?post=325"}],"curies":[{"name":"wp","href":"https:\/\/api.w.org\/{rel}","templated":true}]}}