{"id":326,"date":"2023-05-22T09:54:16","date_gmt":"2023-05-22T14:54:16","guid":{"rendered":"https:\/\/lebonchien.ca\/?post_type=product&#038;p=326"},"modified":"2026-01-08T08:18:27","modified_gmt":"2026-01-08T13:18:27","slug":"adjustable-ramp-for-dogs","status":"publish","type":"product","link":"https:\/\/lebonchien.ca\/en\/product-2\/adjustable-ramp-for-dogs","title":{"rendered":"Adjustable Pet Ramp"},"content":{"rendered":"<p><span data-olk-copy-source=\"MessageBody\"><\/span><\/p>\n<p data-start=\"1573\" data-end=\"1645\" data-is-last-node=\"\" data-is-only-node=\"\"><span data-olk-copy-source=\"MessageBody\"><\/span><\/p>\n<h3 data-start=\"347\" data-end=\"372\">\u2705 <strong data-start=\"353\" data-end=\"370\">Key Features:<\/strong><\/h3>\n<p data-start=\"373\" data-end=\"882\">\u2714 <strong data-start=\"375\" data-end=\"396\">Adjustable Height<\/strong> \u2013 Two levels available: <strong data-start=\"421\" data-end=\"448\">11 inches and 16 inches<\/strong>, adapting to different furniture heights.<br data-start=\"490\" data-end=\"493\" \/>\u2714 <strong data-start=\"495\" data-end=\"515\">Non-Slip Surface<\/strong> \u2013 Textured mat prevents slipping and ensures your pet's stability.<br data-start=\"582\" data-end=\"585\" \/>\u2714 <strong data-start=\"587\" data-end=\"617\">Compact &amp; Ergonomic Design<\/strong> \u2013 Easily stores under furniture or in a closet.<br data-start=\"665\" data-end=\"668\" \/>\u2714 <strong data-start=\"670\" data-end=\"696\">Strong Weight Capacity<\/strong> \u2013 Supports up to <strong data-start=\"714\" data-end=\"724\">70 lbs<\/strong>, ideal for small and medium-sized dogs and cats.<br data-start=\"773\" data-end=\"776\" \/>\u2714 <strong data-start=\"778\" data-end=\"808\">Lightweight &amp; Easy to Move<\/strong> \u2013 Weighing only <strong data-start=\"825\" data-end=\"834\">7 lbs<\/strong>, it's convenient to transport and reposition.<\/p>\n<h3 data-start=\"884\" data-end=\"921\">\ud83d\udc3e <strong data-start=\"891\" data-end=\"919\">Why Choose Our Pet Ramp?<\/strong><\/h3>\n<p data-start=\"922\" data-end=\"1213\">\ud83d\udd39 <strong data-start=\"925\" data-end=\"943\">Maximum Safety<\/strong>: Reduces the risk of injuries by making it easier to reach furniture.<br data-start=\"1013\" data-end=\"1016\" \/>\ud83d\udd39 <strong data-start=\"1019\" data-end=\"1055\">Ideal for Senior or Injured Pets<\/strong>: Helps relieve joint stress and prevents further pain.<br data-start=\"1110\" data-end=\"1113\" \/>\ud83d\udd39 <strong data-start=\"1116\" data-end=\"1143\">Versatile &amp; Comfortable<\/strong>: Fits seamlessly into your home while catering to your pet\u2019s needs.<\/p>\n<p data-start=\"1215\" data-end=\"1314\"><strong data-start=\"1215\" data-end=\"1307\">Give your furry friend more freedom and comfort with this adjustable, non-slip pet ramp!<\/strong> \ud83d\udc36\ud83d\udc31<\/p>\n<p data-start=\"1316\" data-end=\"1365\" data-is-last-node=\"\" data-is-only-node=\"\">\ud83d\udc49 <strong data-start=\"1319\" data-end=\"1365\" data-is-last-node=\"\">Order now and make your pet\u2019s life easier!<\/strong><\/p>\n<p data-start=\"1316\" data-end=\"1365\" data-is-last-node=\"\" data-is-only-node=\"\"><span data-olk-copy-source=\"MessageBody\"><\/span><\/p>","protected":false},"excerpt":{"rendered":"<p>Perfect Aid for Reaching Furniture | Non-Slip &amp; Ergonomic<\/p>\n<p>Give your pet easy and safe access to your sofas, beds, and chairs with our adjustable pet ramp. Specially designed for small and medium-sized pets, as well as for animals with joint problems, this ramp ensures comfort and independence.<\/p>","protected":false},"featured_media":13113,"template":"","meta":{"_acf_changed":false},"product_brand":[],"product_cat":[68,37,43,62],"product_tag":[],"class_list":{"0":"post-326","1":"product","2":"type-product","3":"status-publish","4":"has-post-thumbnail","6":"product_cat-accessibilite","7":"product_cat-maison","8":"product_cat-rampes","9":"product_cat-rampes-securite-interieure","11":"first","12":"instock","13":"taxable","14":"shipping-taxable","15":"purchasable","16":"product-type-simple"},"acf":[],"yoast_head":"<!-- This site is optimized with the Yoast SEO plugin v27.4 - https:\/\/yoast.com\/product\/yoast-seo-wordpress\/ -->\n<title>Rampe Ajustable pour Animaux | Le Bon Chien<\/title>\n<meta name=\"description\" content=\"Aide Id\u00e9ale pour Acc\u00e9der aux Meubles | Antid\u00e9rapante &amp; Ergonomique  Offrez \u00e0 votre animal de compagnie un acc\u00e8s facile et s\u00e9curis\u00e9 \u00e0 vos sofas, lits et chaises gr\u00e2ce \u00e0 notre rampe ajustable. Con\u00e7ue sp\u00e9cialement pour les petits et moyens chiens, ainsi que pour les animaux souffrant de probl\u00e8mes d\u2019articulations, cette rampe garantit confort et autonomie.\" \/>\n<meta name=\"robots\" content=\"index, follow, max-snippet:-1, max-image-preview:large, max-video-preview:-1\" \/>\n<link rel=\"canonical\" href=\"https:\/\/lebonchien.ca\/en\/product-2\/adjustable-ramp-for-dogs\" \/>\n<meta property=\"og:locale\" content=\"en_US\" \/>\n<meta property=\"og:type\" content=\"article\" \/>\n<meta property=\"og:title\" content=\"Rampe Ajustable pour Animaux | Le Bon Chien\" \/>\n<meta property=\"og:description\" content=\"Aide Id\u00e9ale pour Acc\u00e9der aux Meubles | Antid\u00e9rapante &amp; Ergonomique  Offrez \u00e0 votre animal de compagnie un acc\u00e8s facile et s\u00e9curis\u00e9 \u00e0 vos sofas, lits et chaises gr\u00e2ce \u00e0 notre rampe ajustable. Con\u00e7ue sp\u00e9cialement pour les petits et moyens chiens, ainsi que pour les animaux souffrant de probl\u00e8mes d\u2019articulations, cette rampe garantit confort et autonomie.\" \/>\n<meta property=\"og:url\" content=\"https:\/\/lebonchien.ca\/en\/product-2\/adjustable-ramp-for-dogs\" \/>\n<meta property=\"og:site_name\" content=\"Le Bon Chien\" \/>\n<meta property=\"article:publisher\" content=\"https:\/\/www.facebook.com\/LeBonChienQc\" \/>\n<meta property=\"article:modified_time\" content=\"2026-01-08T13:18:27+00:00\" \/>\n<meta property=\"og:image\" content=\"https:\/\/lebonchien.ca\/wp-content\/uploads\/2023\/05\/rampe-ajustable-chien.png\" \/>\n\t<meta property=\"og:image:width\" content=\"1080\" \/>\n\t<meta property=\"og:image:height\" content=\"1080\" \/>\n\t<meta property=\"og:image:type\" content=\"image\/png\" \/>\n<meta name=\"twitter:card\" content=\"summary_large_image\" \/>\n<meta name=\"twitter:label1\" content=\"Est. reading time\" \/>\n\t<meta name=\"twitter:data1\" content=\"2 minutes\" \/>\n<script type=\"application\/ld+json\" class=\"yoast-schema-graph\">{\"@context\":\"https:\\\/\\\/schema.org\",\"@graph\":[{\"@type\":\"WebPage\",\"@id\":\"https:\\\/\\\/lebonchien.ca\\\/produit\\\/rampe-ajustable-pour-animaux\",\"url\":\"https:\\\/\\\/lebonchien.ca\\\/produit\\\/rampe-ajustable-pour-animaux\",\"name\":\"Rampe Ajustable pour Animaux | Le Bon Chien\",\"isPartOf\":{\"@id\":\"https:\\\/\\\/lebonchien.ca\\\/#website\"},\"primaryImageOfPage\":{\"@id\":\"https:\\\/\\\/lebonchien.ca\\\/produit\\\/rampe-ajustable-pour-animaux#primaryimage\"},\"image\":{\"@id\":\"https:\\\/\\\/lebonchien.ca\\\/produit\\\/rampe-ajustable-pour-animaux#primaryimage\"},\"thumbnailUrl\":\"https:\\\/\\\/eyswx3xfcyq.exactdn.com\\\/wp-content\\\/uploads\\\/2023\\\/05\\\/rampe-ajustable-chien.png\",\"datePublished\":\"2023-05-22T14:54:16+00:00\",\"dateModified\":\"2026-01-08T13:18:27+00:00\",\"description\":\"Aide Id\u00e9ale pour Acc\u00e9der aux Meubles | Antid\u00e9rapante &amp; Ergonomique Offrez \u00e0 votre animal de compagnie un acc\u00e8s facile et s\u00e9curis\u00e9 \u00e0 vos sofas, lits et chaises gr\u00e2ce \u00e0 notre rampe ajustable. Con\u00e7ue sp\u00e9cialement pour les petits et moyens chiens, ainsi que pour les animaux souffrant de probl\u00e8mes d\u2019articulations, cette rampe garantit confort et autonomie.\",\"breadcrumb\":{\"@id\":\"https:\\\/\\\/lebonchien.ca\\\/produit\\\/rampe-ajustable-pour-animaux#breadcrumb\"},\"inLanguage\":\"en-US\",\"potentialAction\":[{\"@type\":\"ReadAction\",\"target\":[\"https:\\\/\\\/lebonchien.ca\\\/produit\\\/rampe-ajustable-pour-animaux\"]}]},{\"@type\":\"ImageObject\",\"inLanguage\":\"en-US\",\"@id\":\"https:\\\/\\\/lebonchien.ca\\\/produit\\\/rampe-ajustable-pour-animaux#primaryimage\",\"url\":\"https:\\\/\\\/eyswx3xfcyq.exactdn.com\\\/wp-content\\\/uploads\\\/2023\\\/05\\\/rampe-ajustable-chien.png\",\"contentUrl\":\"https:\\\/\\\/eyswx3xfcyq.exactdn.com\\\/wp-content\\\/uploads\\\/2023\\\/05\\\/rampe-ajustable-chien.png\",\"width\":1080,\"height\":1080},{\"@type\":\"BreadcrumbList\",\"@id\":\"https:\\\/\\\/lebonchien.ca\\\/produit\\\/rampe-ajustable-pour-animaux#breadcrumb\",\"itemListElement\":[{\"@type\":\"ListItem\",\"position\":1,\"name\":\"Boutique\",\"item\":\"https:\\\/\\\/lebonchien.ca\\\/boutique\"},{\"@type\":\"ListItem\",\"position\":2,\"name\":\"Accessoires pour la maison\",\"item\":\"https:\\\/\\\/lebonchien.ca\\\/categorie-produit\\\/maison\"},{\"@type\":\"ListItem\",\"position\":3,\"name\":\"Rampes\",\"item\":\"https:\\\/\\\/lebonchien.ca\\\/categorie-produit\\\/maison\\\/rampes\"},{\"@type\":\"ListItem\",\"position\":4,\"name\":\"Rampe Ajustable pour Animaux\"}]},{\"@type\":\"WebSite\",\"@id\":\"https:\\\/\\\/lebonchien.ca\\\/#website\",\"url\":\"https:\\\/\\\/lebonchien.ca\\\/\",\"name\":\"Le Bon Chien\",\"description\":\"Accessoires pour chien\",\"publisher\":{\"@id\":\"https:\\\/\\\/lebonchien.ca\\\/#organization\"},\"alternateName\":\"LBC\",\"potentialAction\":[{\"@type\":\"SearchAction\",\"target\":{\"@type\":\"EntryPoint\",\"urlTemplate\":\"https:\\\/\\\/lebonchien.ca\\\/?s={search_term_string}\"},\"query-input\":{\"@type\":\"PropertyValueSpecification\",\"valueRequired\":true,\"valueName\":\"search_term_string\"}}],\"inLanguage\":\"en-US\"},{\"@type\":\"Organization\",\"@id\":\"https:\\\/\\\/lebonchien.ca\\\/#organization\",\"name\":\"Le Bon Chien\",\"alternateName\":\"Le Bon Chien\",\"url\":\"https:\\\/\\\/lebonchien.ca\\\/\",\"logo\":{\"@type\":\"ImageObject\",\"inLanguage\":\"en-US\",\"@id\":\"https:\\\/\\\/lebonchien.ca\\\/#\\\/schema\\\/logo\\\/image\\\/\",\"url\":\"https:\\\/\\\/eyswx3xfcyq.exactdn.com\\\/wp-content\\\/uploads\\\/2023\\\/05\\\/logo-noir.png?lossy=1&ssl=1\",\"contentUrl\":\"https:\\\/\\\/eyswx3xfcyq.exactdn.com\\\/wp-content\\\/uploads\\\/2023\\\/05\\\/logo-noir.png?lossy=1&ssl=1\",\"width\":323,\"height\":326,\"caption\":\"Le Bon Chien\"},\"image\":{\"@id\":\"https:\\\/\\\/lebonchien.ca\\\/#\\\/schema\\\/logo\\\/image\\\/\"},\"sameAs\":[\"https:\\\/\\\/www.facebook.com\\\/LeBonChienQc\",\"https:\\\/\\\/www.instagram.com\\\/boutique_le_bon_chien\\\/\"]}]}<\/script>\n<!-- \/ Yoast SEO plugin. -->","yoast_head_json":{"title":"Rampe Ajustable pour Animaux | Le Bon Chien","description":"Aide Id\u00e9ale pour Acc\u00e9der aux Meubles | Antid\u00e9rapante &amp; Ergonomique  Offrez \u00e0 votre animal de compagnie un acc\u00e8s facile et s\u00e9curis\u00e9 \u00e0 vos sofas, lits et chaises gr\u00e2ce \u00e0 notre rampe ajustable. Con\u00e7ue sp\u00e9cialement pour les petits et moyens chiens, ainsi que pour les animaux souffrant de probl\u00e8mes d\u2019articulations, cette rampe garantit confort et autonomie.","robots":{"index":"index","follow":"follow","max-snippet":"max-snippet:-1","max-image-preview":"max-image-preview:large","max-video-preview":"max-video-preview:-1"},"canonical":"https:\/\/lebonchien.ca\/en\/product-2\/adjustable-ramp-for-dogs","og_locale":"en_US","og_type":"article","og_title":"Rampe Ajustable pour Animaux | Le Bon Chien","og_description":"Aide Id\u00e9ale pour Acc\u00e9der aux Meubles | Antid\u00e9rapante &amp; Ergonomique  Offrez \u00e0 votre animal de compagnie un acc\u00e8s facile et s\u00e9curis\u00e9 \u00e0 vos sofas, lits et chaises gr\u00e2ce \u00e0 notre rampe ajustable. Con\u00e7ue sp\u00e9cialement pour les petits et moyens chiens, ainsi que pour les animaux souffrant de probl\u00e8mes d\u2019articulations, cette rampe garantit confort et autonomie.","og_url":"https:\/\/lebonchien.ca\/en\/product-2\/adjustable-ramp-for-dogs","og_site_name":"Le Bon Chien","article_publisher":"https:\/\/www.facebook.com\/LeBonChienQc","article_modified_time":"2026-01-08T13:18:27+00:00","og_image":[{"width":1080,"height":1080,"url":"https:\/\/lebonchien.ca\/wp-content\/uploads\/2023\/05\/rampe-ajustable-chien.png","type":"image\/png"}],"twitter_card":"summary_large_image","twitter_misc":{"Est. reading time":"2 minutes"},"schema":{"@context":"https:\/\/schema.org","@graph":[{"@type":"WebPage","@id":"https:\/\/lebonchien.ca\/produit\/rampe-ajustable-pour-animaux","url":"https:\/\/lebonchien.ca\/produit\/rampe-ajustable-pour-animaux","name":"Rampe Ajustable pour Animaux | Le Bon Chien","isPartOf":{"@id":"https:\/\/lebonchien.ca\/#website"},"primaryImageOfPage":{"@id":"https:\/\/lebonchien.ca\/produit\/rampe-ajustable-pour-animaux#primaryimage"},"image":{"@id":"https:\/\/lebonchien.ca\/produit\/rampe-ajustable-pour-animaux#primaryimage"},"thumbnailUrl":"https:\/\/eyswx3xfcyq.exactdn.com\/wp-content\/uploads\/2023\/05\/rampe-ajustable-chien.png","datePublished":"2023-05-22T14:54:16+00:00","dateModified":"2026-01-08T13:18:27+00:00","description":"Aide Id\u00e9ale pour Acc\u00e9der aux Meubles | Antid\u00e9rapante &amp; Ergonomique Offrez \u00e0 votre animal de compagnie un acc\u00e8s facile et s\u00e9curis\u00e9 \u00e0 vos sofas, lits et chaises gr\u00e2ce \u00e0 notre rampe ajustable. Con\u00e7ue sp\u00e9cialement pour les petits et moyens chiens, ainsi que pour les animaux souffrant de probl\u00e8mes d\u2019articulations, cette rampe garantit confort et autonomie.","breadcrumb":{"@id":"https:\/\/lebonchien.ca\/produit\/rampe-ajustable-pour-animaux#breadcrumb"},"inLanguage":"en-US","potentialAction":[{"@type":"ReadAction","target":["https:\/\/lebonchien.ca\/produit\/rampe-ajustable-pour-animaux"]}]},{"@type":"ImageObject","inLanguage":"en-US","@id":"https:\/\/lebonchien.ca\/produit\/rampe-ajustable-pour-animaux#primaryimage","url":"https:\/\/eyswx3xfcyq.exactdn.com\/wp-content\/uploads\/2023\/05\/rampe-ajustable-chien.png","contentUrl":"https:\/\/eyswx3xfcyq.exactdn.com\/wp-content\/uploads\/2023\/05\/rampe-ajustable-chien.png","width":1080,"height":1080},{"@type":"BreadcrumbList","@id":"https:\/\/lebonchien.ca\/produit\/rampe-ajustable-pour-animaux#breadcrumb","itemListElement":[{"@type":"ListItem","position":1,"name":"Boutique","item":"https:\/\/lebonchien.ca\/boutique"},{"@type":"ListItem","position":2,"name":"Accessoires pour la maison","item":"https:\/\/lebonchien.ca\/categorie-produit\/maison"},{"@type":"ListItem","position":3,"name":"Rampes","item":"https:\/\/lebonchien.ca\/categorie-produit\/maison\/rampes"},{"@type":"ListItem","position":4,"name":"Rampe Ajustable pour Animaux"}]},{"@type":"WebSite","@id":"https:\/\/lebonchien.ca\/#website","url":"https:\/\/lebonchien.ca\/","name":"The Good Dog","description":"Dog accessories","publisher":{"@id":"https:\/\/lebonchien.ca\/#organization"},"alternateName":"LBC","potentialAction":[{"@type":"SearchAction","target":{"@type":"EntryPoint","urlTemplate":"https:\/\/lebonchien.ca\/?s={search_term_string}"},"query-input":{"@type":"PropertyValueSpecification","valueRequired":true,"valueName":"search_term_string"}}],"inLanguage":"en-US"},{"@type":"Organization","@id":"https:\/\/lebonchien.ca\/#organization","name":"The Good Dog","alternateName":"Le Bon Chien","url":"https:\/\/lebonchien.ca\/","logo":{"@type":"ImageObject","inLanguage":"en-US","@id":"https:\/\/lebonchien.ca\/#\/schema\/logo\/image\/","url":"https:\/\/eyswx3xfcyq.exactdn.com\/wp-content\/uploads\/2023\/05\/logo-noir.png?lossy=1&ssl=1","contentUrl":"https:\/\/eyswx3xfcyq.exactdn.com\/wp-content\/uploads\/2023\/05\/logo-noir.png?lossy=1&ssl=1","width":323,"height":326,"caption":"Le Bon Chien"},"image":{"@id":"https:\/\/lebonchien.ca\/#\/schema\/logo\/image\/"},"sameAs":["https:\/\/www.facebook.com\/LeBonChienQc","https:\/\/www.instagram.com\/boutique_le_bon_chien\/"]}]}},"_links":{"self":[{"href":"https:\/\/lebonchien.ca\/en\/wp-json\/wp\/v2\/product\/326","targetHints":{"allow":["GET"]}}],"collection":[{"href":"https:\/\/lebonchien.ca\/en\/wp-json\/wp\/v2\/product"}],"about":[{"href":"https:\/\/lebonchien.ca\/en\/wp-json\/wp\/v2\/types\/product"}],"wp:featuredmedia":[{"embeddable":true,"href":"https:\/\/lebonchien.ca\/en\/wp-json\/wp\/v2\/media\/13113"}],"wp:attachment":[{"href":"https:\/\/lebonchien.ca\/en\/wp-json\/wp\/v2\/media?parent=326"}],"wp:term":[{"taxonomy":"product_brand","embeddable":true,"href":"https:\/\/lebonchien.ca\/en\/wp-json\/wp\/v2\/product_brand?post=326"},{"taxonomy":"product_cat","embeddable":true,"href":"https:\/\/lebonchien.ca\/en\/wp-json\/wp\/v2\/product_cat?post=326"},{"taxonomy":"product_tag","embeddable":true,"href":"https:\/\/lebonchien.ca\/en\/wp-json\/wp\/v2\/product_tag?post=326"}],"curies":[{"name":"wp","href":"https:\/\/api.w.org\/{rel}","templated":true}]}}