{"id":328,"date":"2023-05-22T09:57:40","date_gmt":"2023-05-22T14:57:40","guid":{"rendered":"https:\/\/lebonchien.ca\/?post_type=product&#038;p=328"},"modified":"2025-03-06T14:22:30","modified_gmt":"2025-03-06T19:22:30","slug":"car-bungee-leash-for-dogs","status":"publish","type":"product","link":"https:\/\/lebonchien.ca\/en\/product-2\/car-bungee-leash-for-dogs","title":{"rendered":"Car bungee leash for dogs"},"content":{"rendered":"<br \/>\n<\/p>\n<h3><strong>Features:<\/strong><\/h3>\n<p>\u2714 <strong>Elegant black color<\/strong> \u2013 Matches all types of dog collars and harnesses.<br \/>\n\u2714 <strong>Durable nylon construction<\/strong> \u2013 Sturdy and reliable for long-lasting use.<br \/>\n\u2714 <strong>Shock absorption<\/strong> \u2013 Reduces stress on the collar or harness during sudden turns.<br \/>\n\u2714 <strong>More freedom for your dog<\/strong> \u2013 Allows your companion to move more freely while safely attached.<br \/>\n\u2714 <strong data-start=\"769\" data-end=\"788\">Adjustable size<\/strong> \u2013 Extends from <strong>75 cm to 90 cm<\/strong>, allowing you to adjust the length to suit your needs.<br \/>\n\u2714 <strong>Easy to use<\/strong> \u2013 Simple to attach and detach for practical use during your car trips.<\/p>\n<h3><strong>Why choose our car bungee leash for dogs?<\/strong><\/h3>\n<ul>\n<li><strong>Enhanced safety<\/strong>: Reduces the risk of accidents in the car with a secure hold.<\/li>\n<li><strong>Optimal comfort<\/strong>: The bungee elasticity protects your dog from sudden jerks.<\/li>\n<li><strong>Practicality<\/strong>: Ideal for both short and long trips, it fits various types of vehicles and harnesses.<\/li>\n<\/ul>\n<p><\/p>","protected":false},"excerpt":{"rendered":"<p>Comfort and Safety for Your Travels<\/p>\n<p>Provide your dog with a practical and secure car bungee leash for your trips. Made from high-quality nylon, this leash is specifically designed to absorb sharp jerks on the collar or harness when taking tight turns. It gives your dog more freedom of movement while being securely attached during your car journeys.<\/p>","protected":false},"featured_media":329,"template":"","meta":{"_acf_changed":false},"product_brand":[],"product_cat":[38,39,40,63,66,55,50],"product_tag":[],"class_list":{"0":"post-328","1":"product","2":"type-product","3":"status-publish","4":"has-post-thumbnail","6":"product_cat-voiture","7":"product_cat-plein-air","8":"product_cat-securite","9":"product_cat-equipements-securite-exterieure","10":"product_cat-laisses-securite-automobile","11":"product_cat-laisses","12":"product_cat-laisses-voiture","14":"first","15":"instock","16":"taxable","17":"shipping-taxable","18":"purchasable","19":"product-type-simple"},"acf":[],"yoast_head":"<!-- This site is optimized with the Yoast SEO plugin v27.4 - https:\/\/yoast.com\/product\/yoast-seo-wordpress\/ -->\n<title>Laisse bungee de voiture pour chiens | Le Bon Chien<\/title>\n<meta name=\"description\" content=\"Confort et S\u00e9curit\u00e9 pour Vos Trajets  Offrez \u00e0 votre chien une laisse bungee de voiture pratique et s\u00e9curis\u00e9e pour vos d\u00e9placements. Fabriqu\u00e9e en nylon de haute qualit\u00e9, cette laisse est sp\u00e9cialement con\u00e7ue pour amortir les coups brusques au niveau du collier ou du harnais lorsque vous prenez des virages serr\u00e9s. Elle assure \u00e0 votre chien plus de libert\u00e9 de mouvement tout en \u00e9tant solidement attach\u00e9 pendant vos trajets en voiture.\" \/>\n<meta name=\"robots\" content=\"index, follow, max-snippet:-1, max-image-preview:large, max-video-preview:-1\" \/>\n<link rel=\"canonical\" href=\"https:\/\/lebonchien.ca\/en\/product-2\/car-bungee-leash-for-dogs\" \/>\n<meta property=\"og:locale\" content=\"en_US\" \/>\n<meta property=\"og:type\" content=\"article\" \/>\n<meta property=\"og:title\" content=\"Laisse bungee de voiture pour chiens | Le Bon Chien\" \/>\n<meta property=\"og:description\" content=\"Confort et S\u00e9curit\u00e9 pour Vos Trajets  Offrez \u00e0 votre chien une laisse bungee de voiture pratique et s\u00e9curis\u00e9e pour vos d\u00e9placements. Fabriqu\u00e9e en nylon de haute qualit\u00e9, cette laisse est sp\u00e9cialement con\u00e7ue pour amortir les coups brusques au niveau du collier ou du harnais lorsque vous prenez des virages serr\u00e9s. Elle assure \u00e0 votre chien plus de libert\u00e9 de mouvement tout en \u00e9tant solidement attach\u00e9 pendant vos trajets en voiture.\" \/>\n<meta property=\"og:url\" content=\"https:\/\/lebonchien.ca\/en\/product-2\/car-bungee-leash-for-dogs\" \/>\n<meta property=\"og:site_name\" content=\"Le Bon Chien\" \/>\n<meta property=\"article:publisher\" content=\"https:\/\/www.facebook.com\/LeBonChienQc\" \/>\n<meta property=\"article:modified_time\" content=\"2025-03-06T19:22:30+00:00\" \/>\n<meta property=\"og:image\" content=\"https:\/\/lebonchien.ca\/wp-content\/uploads\/2023\/05\/lbc-laisse-bungee-noire.webp\" \/>\n\t<meta property=\"og:image:width\" content=\"2000\" \/>\n\t<meta property=\"og:image:height\" content=\"2000\" \/>\n\t<meta property=\"og:image:type\" content=\"image\/webp\" \/>\n<meta name=\"twitter:card\" content=\"summary_large_image\" \/>\n<meta name=\"twitter:label1\" content=\"Est. reading time\" \/>\n\t<meta name=\"twitter:data1\" content=\"2 minutes\" \/>\n<script type=\"application\/ld+json\" class=\"yoast-schema-graph\">{\"@context\":\"https:\\\/\\\/schema.org\",\"@graph\":[{\"@type\":\"WebPage\",\"@id\":\"https:\\\/\\\/lebonchien.ca\\\/produit\\\/laisse-bungee-de-voiture-pour-chiens\",\"url\":\"https:\\\/\\\/lebonchien.ca\\\/produit\\\/laisse-bungee-de-voiture-pour-chiens\",\"name\":\"Laisse bungee de voiture pour chiens | Le Bon Chien\",\"isPartOf\":{\"@id\":\"https:\\\/\\\/lebonchien.ca\\\/#website\"},\"primaryImageOfPage\":{\"@id\":\"https:\\\/\\\/lebonchien.ca\\\/produit\\\/laisse-bungee-de-voiture-pour-chiens#primaryimage\"},\"image\":{\"@id\":\"https:\\\/\\\/lebonchien.ca\\\/produit\\\/laisse-bungee-de-voiture-pour-chiens#primaryimage\"},\"thumbnailUrl\":\"https:\\\/\\\/eyswx3xfcyq.exactdn.com\\\/wp-content\\\/uploads\\\/2023\\\/05\\\/lbc-laisse-bungee-noire.webp\",\"datePublished\":\"2023-05-22T14:57:40+00:00\",\"dateModified\":\"2025-03-06T19:22:30+00:00\",\"description\":\"Confort et S\u00e9curit\u00e9 pour Vos Trajets Offrez \u00e0 votre chien une laisse bungee de voiture pratique et s\u00e9curis\u00e9e pour vos d\u00e9placements. Fabriqu\u00e9e en nylon de haute qualit\u00e9, cette laisse est sp\u00e9cialement con\u00e7ue pour amortir les coups brusques au niveau du collier ou du harnais lorsque vous prenez des virages serr\u00e9s. Elle assure \u00e0 votre chien plus de libert\u00e9 de mouvement tout en \u00e9tant solidement attach\u00e9 pendant vos trajets en voiture.\",\"breadcrumb\":{\"@id\":\"https:\\\/\\\/lebonchien.ca\\\/produit\\\/laisse-bungee-de-voiture-pour-chiens#breadcrumb\"},\"inLanguage\":\"en-US\",\"potentialAction\":[{\"@type\":\"ReadAction\",\"target\":[\"https:\\\/\\\/lebonchien.ca\\\/produit\\\/laisse-bungee-de-voiture-pour-chiens\"]}]},{\"@type\":\"ImageObject\",\"inLanguage\":\"en-US\",\"@id\":\"https:\\\/\\\/lebonchien.ca\\\/produit\\\/laisse-bungee-de-voiture-pour-chiens#primaryimage\",\"url\":\"https:\\\/\\\/eyswx3xfcyq.exactdn.com\\\/wp-content\\\/uploads\\\/2023\\\/05\\\/lbc-laisse-bungee-noire.webp\",\"contentUrl\":\"https:\\\/\\\/eyswx3xfcyq.exactdn.com\\\/wp-content\\\/uploads\\\/2023\\\/05\\\/lbc-laisse-bungee-noire.webp\",\"width\":2000,\"height\":2000},{\"@type\":\"BreadcrumbList\",\"@id\":\"https:\\\/\\\/lebonchien.ca\\\/produit\\\/laisse-bungee-de-voiture-pour-chiens#breadcrumb\",\"itemListElement\":[{\"@type\":\"ListItem\",\"position\":1,\"name\":\"Boutique\",\"item\":\"https:\\\/\\\/lebonchien.ca\\\/boutique\"},{\"@type\":\"ListItem\",\"position\":2,\"name\":\"Accessoires pour la voiture\",\"item\":\"https:\\\/\\\/lebonchien.ca\\\/categorie-produit\\\/voiture\"},{\"@type\":\"ListItem\",\"position\":3,\"name\":\"Laisses pour la voiture\",\"item\":\"https:\\\/\\\/lebonchien.ca\\\/categorie-produit\\\/voiture\\\/laisses-voiture\"},{\"@type\":\"ListItem\",\"position\":4,\"name\":\"Laisse bungee de voiture pour chiens\"}]},{\"@type\":\"WebSite\",\"@id\":\"https:\\\/\\\/lebonchien.ca\\\/#website\",\"url\":\"https:\\\/\\\/lebonchien.ca\\\/\",\"name\":\"Le Bon Chien\",\"description\":\"Accessoires pour chien\",\"publisher\":{\"@id\":\"https:\\\/\\\/lebonchien.ca\\\/#organization\"},\"alternateName\":\"LBC\",\"potentialAction\":[{\"@type\":\"SearchAction\",\"target\":{\"@type\":\"EntryPoint\",\"urlTemplate\":\"https:\\\/\\\/lebonchien.ca\\\/?s={search_term_string}\"},\"query-input\":{\"@type\":\"PropertyValueSpecification\",\"valueRequired\":true,\"valueName\":\"search_term_string\"}}],\"inLanguage\":\"en-US\"},{\"@type\":\"Organization\",\"@id\":\"https:\\\/\\\/lebonchien.ca\\\/#organization\",\"name\":\"Le Bon Chien\",\"alternateName\":\"Le Bon Chien\",\"url\":\"https:\\\/\\\/lebonchien.ca\\\/\",\"logo\":{\"@type\":\"ImageObject\",\"inLanguage\":\"en-US\",\"@id\":\"https:\\\/\\\/lebonchien.ca\\\/#\\\/schema\\\/logo\\\/image\\\/\",\"url\":\"https:\\\/\\\/eyswx3xfcyq.exactdn.com\\\/wp-content\\\/uploads\\\/2023\\\/05\\\/logo-noir.png?lossy=1&ssl=1\",\"contentUrl\":\"https:\\\/\\\/eyswx3xfcyq.exactdn.com\\\/wp-content\\\/uploads\\\/2023\\\/05\\\/logo-noir.png?lossy=1&ssl=1\",\"width\":323,\"height\":326,\"caption\":\"Le Bon Chien\"},\"image\":{\"@id\":\"https:\\\/\\\/lebonchien.ca\\\/#\\\/schema\\\/logo\\\/image\\\/\"},\"sameAs\":[\"https:\\\/\\\/www.facebook.com\\\/LeBonChienQc\",\"https:\\\/\\\/www.instagram.com\\\/boutique_le_bon_chien\\\/\"]}]}<\/script>\n<!-- \/ Yoast SEO plugin. -->","yoast_head_json":{"title":"Car bungee leash for dogs\n | The Good Dog","description":"Confort et S\u00e9curit\u00e9 pour Vos Trajets  Offrez \u00e0 votre chien une laisse bungee de voiture pratique et s\u00e9curis\u00e9e pour vos d\u00e9placements. Fabriqu\u00e9e en nylon de haute qualit\u00e9, cette laisse est sp\u00e9cialement con\u00e7ue pour amortir les coups brusques au niveau du collier ou du harnais lorsque vous prenez des virages serr\u00e9s. Elle assure \u00e0 votre chien plus de libert\u00e9 de mouvement tout en \u00e9tant solidement attach\u00e9 pendant vos trajets en voiture.","robots":{"index":"index","follow":"follow","max-snippet":"max-snippet:-1","max-image-preview":"max-image-preview:large","max-video-preview":"max-video-preview:-1"},"canonical":"https:\/\/lebonchien.ca\/en\/product-2\/car-bungee-leash-for-dogs","og_locale":"en_US","og_type":"article","og_title":"Laisse bungee de voiture pour chiens | Le Bon Chien","og_description":"Confort et S\u00e9curit\u00e9 pour Vos Trajets  Offrez \u00e0 votre chien une laisse bungee de voiture pratique et s\u00e9curis\u00e9e pour vos d\u00e9placements. Fabriqu\u00e9e en nylon de haute qualit\u00e9, cette laisse est sp\u00e9cialement con\u00e7ue pour amortir les coups brusques au niveau du collier ou du harnais lorsque vous prenez des virages serr\u00e9s. Elle assure \u00e0 votre chien plus de libert\u00e9 de mouvement tout en \u00e9tant solidement attach\u00e9 pendant vos trajets en voiture.","og_url":"https:\/\/lebonchien.ca\/en\/product-2\/car-bungee-leash-for-dogs","og_site_name":"Le Bon Chien","article_publisher":"https:\/\/www.facebook.com\/LeBonChienQc","article_modified_time":"2025-03-06T19:22:30+00:00","og_image":[{"width":2000,"height":2000,"url":"https:\/\/lebonchien.ca\/wp-content\/uploads\/2023\/05\/lbc-laisse-bungee-noire.webp","type":"image\/webp"}],"twitter_card":"summary_large_image","twitter_misc":{"Est. reading time":"2 minutes"},"schema":{"@context":"https:\/\/schema.org","@graph":[{"@type":"WebPage","@id":"https:\/\/lebonchien.ca\/produit\/laisse-bungee-de-voiture-pour-chiens","url":"https:\/\/lebonchien.ca\/produit\/laisse-bungee-de-voiture-pour-chiens","name":"Car bungee leash for dogs\n | The Good Dog","isPartOf":{"@id":"https:\/\/lebonchien.ca\/#website"},"primaryImageOfPage":{"@id":"https:\/\/lebonchien.ca\/produit\/laisse-bungee-de-voiture-pour-chiens#primaryimage"},"image":{"@id":"https:\/\/lebonchien.ca\/produit\/laisse-bungee-de-voiture-pour-chiens#primaryimage"},"thumbnailUrl":"https:\/\/eyswx3xfcyq.exactdn.com\/wp-content\/uploads\/2023\/05\/lbc-laisse-bungee-noire.webp","datePublished":"2023-05-22T14:57:40+00:00","dateModified":"2025-03-06T19:22:30+00:00","description":"Confort et S\u00e9curit\u00e9 pour Vos Trajets Offrez \u00e0 votre chien une laisse bungee de voiture pratique et s\u00e9curis\u00e9e pour vos d\u00e9placements. Fabriqu\u00e9e en nylon de haute qualit\u00e9, cette laisse est sp\u00e9cialement con\u00e7ue pour amortir les coups brusques au niveau du collier ou du harnais lorsque vous prenez des virages serr\u00e9s. Elle assure \u00e0 votre chien plus de libert\u00e9 de mouvement tout en \u00e9tant solidement attach\u00e9 pendant vos trajets en voiture.","breadcrumb":{"@id":"https:\/\/lebonchien.ca\/produit\/laisse-bungee-de-voiture-pour-chiens#breadcrumb"},"inLanguage":"en-US","potentialAction":[{"@type":"ReadAction","target":["https:\/\/lebonchien.ca\/produit\/laisse-bungee-de-voiture-pour-chiens"]}]},{"@type":"ImageObject","inLanguage":"en-US","@id":"https:\/\/lebonchien.ca\/produit\/laisse-bungee-de-voiture-pour-chiens#primaryimage","url":"https:\/\/eyswx3xfcyq.exactdn.com\/wp-content\/uploads\/2023\/05\/lbc-laisse-bungee-noire.webp","contentUrl":"https:\/\/eyswx3xfcyq.exactdn.com\/wp-content\/uploads\/2023\/05\/lbc-laisse-bungee-noire.webp","width":2000,"height":2000},{"@type":"BreadcrumbList","@id":"https:\/\/lebonchien.ca\/produit\/laisse-bungee-de-voiture-pour-chiens#breadcrumb","itemListElement":[{"@type":"ListItem","position":1,"name":"Boutique","item":"https:\/\/lebonchien.ca\/boutique"},{"@type":"ListItem","position":2,"name":"Accessoires pour la voiture","item":"https:\/\/lebonchien.ca\/categorie-produit\/voiture"},{"@type":"ListItem","position":3,"name":"Laisses pour la voiture","item":"https:\/\/lebonchien.ca\/categorie-produit\/voiture\/laisses-voiture"},{"@type":"ListItem","position":4,"name":"Laisse bungee de voiture pour chiens"}]},{"@type":"WebSite","@id":"https:\/\/lebonchien.ca\/#website","url":"https:\/\/lebonchien.ca\/","name":"The Good Dog","description":"Dog accessories","publisher":{"@id":"https:\/\/lebonchien.ca\/#organization"},"alternateName":"LBC","potentialAction":[{"@type":"SearchAction","target":{"@type":"EntryPoint","urlTemplate":"https:\/\/lebonchien.ca\/?s={search_term_string}"},"query-input":{"@type":"PropertyValueSpecification","valueRequired":true,"valueName":"search_term_string"}}],"inLanguage":"en-US"},{"@type":"Organization","@id":"https:\/\/lebonchien.ca\/#organization","name":"The Good Dog","alternateName":"Le Bon Chien","url":"https:\/\/lebonchien.ca\/","logo":{"@type":"ImageObject","inLanguage":"en-US","@id":"https:\/\/lebonchien.ca\/#\/schema\/logo\/image\/","url":"https:\/\/eyswx3xfcyq.exactdn.com\/wp-content\/uploads\/2023\/05\/logo-noir.png?lossy=1&ssl=1","contentUrl":"https:\/\/eyswx3xfcyq.exactdn.com\/wp-content\/uploads\/2023\/05\/logo-noir.png?lossy=1&ssl=1","width":323,"height":326,"caption":"Le Bon Chien"},"image":{"@id":"https:\/\/lebonchien.ca\/#\/schema\/logo\/image\/"},"sameAs":["https:\/\/www.facebook.com\/LeBonChienQc","https:\/\/www.instagram.com\/boutique_le_bon_chien\/"]}]}},"_links":{"self":[{"href":"https:\/\/lebonchien.ca\/en\/wp-json\/wp\/v2\/product\/328","targetHints":{"allow":["GET"]}}],"collection":[{"href":"https:\/\/lebonchien.ca\/en\/wp-json\/wp\/v2\/product"}],"about":[{"href":"https:\/\/lebonchien.ca\/en\/wp-json\/wp\/v2\/types\/product"}],"wp:featuredmedia":[{"embeddable":true,"href":"https:\/\/lebonchien.ca\/en\/wp-json\/wp\/v2\/media\/329"}],"wp:attachment":[{"href":"https:\/\/lebonchien.ca\/en\/wp-json\/wp\/v2\/media?parent=328"}],"wp:term":[{"taxonomy":"product_brand","embeddable":true,"href":"https:\/\/lebonchien.ca\/en\/wp-json\/wp\/v2\/product_brand?post=328"},{"taxonomy":"product_cat","embeddable":true,"href":"https:\/\/lebonchien.ca\/en\/wp-json\/wp\/v2\/product_cat?post=328"},{"taxonomy":"product_tag","embeddable":true,"href":"https:\/\/lebonchien.ca\/en\/wp-json\/wp\/v2\/product_tag?post=328"}],"curies":[{"name":"wp","href":"https:\/\/api.w.org\/{rel}","templated":true}]}}