{"id":339,"date":"2023-05-22T13:18:45","date_gmt":"2023-05-22T18:18:45","guid":{"rendered":"https:\/\/lebonchien.ca\/?post_type=product&#038;p=339"},"modified":"2025-03-04T14:54:42","modified_gmt":"2025-03-04T19:54:42","slug":"patches-for-tactical-harness","status":"publish","type":"product","link":"https:\/\/lebonchien.ca\/en\/product-2\/patches-for-tactical-harness","title":{"rendered":"Velcro Embroidered Patches for Tactical Harnesses"},"content":{"rendered":"<p><span data-olk-copy-source=\"MessageBody\"><\/span><\/p>\n<p data-start=\"1081\" data-end=\"1253\"><span data-olk-copy-source=\"MessageBody\"><\/span><\/p>\n<p data-start=\"1081\" data-end=\"1253\">Personalize Your Gear with Style<\/p>\n<p data-start=\"338\" data-end=\"353\"><strong data-start=\"338\" data-end=\"351\">Features:<\/strong><\/p>\n<ul data-start=\"354\" data-end=\"883\">\n<li data-start=\"354\" data-end=\"428\"><strong data-start=\"356\" data-end=\"373\">Sold in pairs<\/strong> \u2013 Perfect for symmetrical placement on your harness.<\/li>\n<li data-start=\"429\" data-end=\"504\"><strong data-start=\"431\" data-end=\"447\">Customizable<\/strong> \u2013 Add any text you want (name, message, slogan, etc.).<\/li>\n<li data-start=\"505\" data-end=\"591\"><strong data-start=\"507\" data-end=\"533\">Durable Velcro backing<\/strong> \u2013 Easy to attach and remove without damaging your gear.<\/li>\n<li data-start=\"592\" data-end=\"684\"><strong data-start=\"594\" data-end=\"616\">Premium embroidery<\/strong> \u2013 High-quality stitching with vibrant colors and precise details.<\/li>\n<li data-start=\"685\" data-end=\"758\"><strong data-start=\"687\" data-end=\"725\">Wide variety of designs and colors<\/strong> \u2013 Match your style or mission.<\/li>\n<li data-start=\"759\" data-end=\"883\"><strong data-start=\"761\" data-end=\"803\">Compatible with all tactical harnesses<\/strong> \u2013 Ideal for working dogs, law enforcement, military, and outdoor enthusiasts.<\/li>\n<\/ul>\n<p data-start=\"885\" data-end=\"1053\"><strong data-start=\"885\" data-end=\"919\">Why choose our Velcro patches?<\/strong><br data-start=\"919\" data-end=\"922\" \/>Our embroidered patches are made from durable, weather-resistant materials, ensuring long-lasting use even in extreme conditions.<\/p>\n<p data-start=\"1055\" data-end=\"1215\"><strong data-start=\"1055\" data-end=\"1086\">Express yourself with ease!<\/strong> Whether you want to display important information, a name, or a personal message, our patches are the perfect finishing touch.<\/p>\n<p data-start=\"1055\" data-end=\"1215\"><span data-olk-copy-source=\"MessageBody\"><\/span><\/p>","protected":false},"excerpt":{"rendered":"<p>Customize Your Gear with Style<\/p>\n<p>Add a unique touch to your tactical harness with our high-quality Velcro embroidered patches. Sold in pairs, they are designed for easy attachment and a secure hold. Express your style and display clear messages on your gear effortlessly.<\/p>","protected":false},"featured_media":340,"template":"","meta":{"_acf_changed":false},"product_brand":[],"product_cat":[63,53],"product_tag":[],"class_list":{"0":"post-339","1":"product","2":"type-product","3":"status-publish","4":"has-post-thumbnail","6":"product_cat-equipements-securite-exterieure","7":"product_cat-harnais","9":"first","10":"instock","11":"taxable","12":"shipping-taxable","13":"purchasable","14":"product-type-variable","15":"rtwpvs-product"},"acf":[],"yoast_head":"<!-- This site is optimized with the Yoast SEO plugin v27.4 - https:\/\/yoast.com\/product\/yoast-seo-wordpress\/ -->\n<title>\u00c9cussons en Velcro Brod\u00e9s pour Harnais Tactiques | Le Bon Chien<\/title>\n<meta name=\"description\" content=\"Personnalisez Votre \u00c9quipement avec Style  Ajoutez une touche unique \u00e0 votre harnais tactique gr\u00e2ce \u00e0 nos \u00e9cussons brod\u00e9s en velcro de haute qualit\u00e9. Vendus par paire, ils sont con\u00e7us pour une installation facile et un maintien s\u00e9curis\u00e9. Exprimez votre style et affichez des messages clairs sur votre \u00e9quipement en toute simplicit\u00e9.\" \/>\n<meta name=\"robots\" content=\"index, follow, max-snippet:-1, max-image-preview:large, max-video-preview:-1\" \/>\n<link rel=\"canonical\" href=\"https:\/\/lebonchien.ca\/en\/product-2\/patches-for-tactical-harness\" \/>\n<meta property=\"og:locale\" content=\"en_US\" \/>\n<meta property=\"og:type\" content=\"article\" \/>\n<meta property=\"og:title\" content=\"\u00c9cussons en Velcro Brod\u00e9s pour Harnais Tactiques | Le Bon Chien\" \/>\n<meta property=\"og:description\" content=\"Personnalisez Votre \u00c9quipement avec Style  Ajoutez une touche unique \u00e0 votre harnais tactique gr\u00e2ce \u00e0 nos \u00e9cussons brod\u00e9s en velcro de haute qualit\u00e9. Vendus par paire, ils sont con\u00e7us pour une installation facile et un maintien s\u00e9curis\u00e9. Exprimez votre style et affichez des messages clairs sur votre \u00e9quipement en toute simplicit\u00e9.\" \/>\n<meta property=\"og:url\" content=\"https:\/\/lebonchien.ca\/en\/product-2\/patches-for-tactical-harness\" \/>\n<meta property=\"og:site_name\" content=\"Le Bon Chien\" \/>\n<meta property=\"article:publisher\" content=\"https:\/\/www.facebook.com\/LeBonChienQc\" \/>\n<meta property=\"article:modified_time\" content=\"2025-03-04T19:54:42+00:00\" \/>\n<meta property=\"og:image\" content=\"https:\/\/lebonchien.ca\/wp-content\/uploads\/2023\/05\/nerveux-2x.webp\" \/>\n\t<meta property=\"og:image:width\" content=\"2000\" \/>\n\t<meta property=\"og:image:height\" content=\"2000\" \/>\n\t<meta property=\"og:image:type\" content=\"image\/webp\" \/>\n<meta name=\"twitter:card\" content=\"summary_large_image\" \/>\n<meta name=\"twitter:label1\" content=\"Est. reading time\" \/>\n\t<meta name=\"twitter:data1\" content=\"1 minute\" \/>\n<script type=\"application\/ld+json\" class=\"yoast-schema-graph\">{\"@context\":\"https:\\\/\\\/schema.org\",\"@graph\":[{\"@type\":\"WebPage\",\"@id\":\"https:\\\/\\\/lebonchien.ca\\\/produit\\\/ecussons-pour-harnais-tactique\",\"url\":\"https:\\\/\\\/lebonchien.ca\\\/produit\\\/ecussons-pour-harnais-tactique\",\"name\":\"\u00c9cussons en Velcro Brod\u00e9s pour Harnais Tactiques | Le Bon Chien\",\"isPartOf\":{\"@id\":\"https:\\\/\\\/lebonchien.ca\\\/#website\"},\"primaryImageOfPage\":{\"@id\":\"https:\\\/\\\/lebonchien.ca\\\/produit\\\/ecussons-pour-harnais-tactique#primaryimage\"},\"image\":{\"@id\":\"https:\\\/\\\/lebonchien.ca\\\/produit\\\/ecussons-pour-harnais-tactique#primaryimage\"},\"thumbnailUrl\":\"https:\\\/\\\/eyswx3xfcyq.exactdn.com\\\/wp-content\\\/uploads\\\/2023\\\/05\\\/nerveux-2x.webp\",\"datePublished\":\"2023-05-22T18:18:45+00:00\",\"dateModified\":\"2025-03-04T19:54:42+00:00\",\"description\":\"Personnalisez Votre \u00c9quipement avec Style Ajoutez une touche unique \u00e0 votre harnais tactique gr\u00e2ce \u00e0 nos \u00e9cussons brod\u00e9s en velcro de haute qualit\u00e9. Vendus par paire, ils sont con\u00e7us pour une installation facile et un maintien s\u00e9curis\u00e9. Exprimez votre style et affichez des messages clairs sur votre \u00e9quipement en toute simplicit\u00e9.\",\"breadcrumb\":{\"@id\":\"https:\\\/\\\/lebonchien.ca\\\/produit\\\/ecussons-pour-harnais-tactique#breadcrumb\"},\"inLanguage\":\"en-US\",\"potentialAction\":[{\"@type\":\"ReadAction\",\"target\":[\"https:\\\/\\\/lebonchien.ca\\\/produit\\\/ecussons-pour-harnais-tactique\"]}]},{\"@type\":\"ImageObject\",\"inLanguage\":\"en-US\",\"@id\":\"https:\\\/\\\/lebonchien.ca\\\/produit\\\/ecussons-pour-harnais-tactique#primaryimage\",\"url\":\"https:\\\/\\\/eyswx3xfcyq.exactdn.com\\\/wp-content\\\/uploads\\\/2023\\\/05\\\/nerveux-2x.webp\",\"contentUrl\":\"https:\\\/\\\/eyswx3xfcyq.exactdn.com\\\/wp-content\\\/uploads\\\/2023\\\/05\\\/nerveux-2x.webp\",\"width\":2000,\"height\":2000,\"caption\":\"\u00c9cussons \u00abNerveux\u00bb pour harnais tactique de marque Le Bon Chien\"},{\"@type\":\"BreadcrumbList\",\"@id\":\"https:\\\/\\\/lebonchien.ca\\\/produit\\\/ecussons-pour-harnais-tactique#breadcrumb\",\"itemListElement\":[{\"@type\":\"ListItem\",\"position\":1,\"name\":\"Boutique\",\"item\":\"https:\\\/\\\/lebonchien.ca\\\/boutique\"},{\"@type\":\"ListItem\",\"position\":2,\"name\":\"Accessoires pour le plein-air\",\"item\":\"https:\\\/\\\/lebonchien.ca\\\/categorie-produit\\\/plein-air\"},{\"@type\":\"ListItem\",\"position\":3,\"name\":\"\u00c9quipements\",\"item\":\"https:\\\/\\\/lebonchien.ca\\\/categorie-produit\\\/plein-air\\\/equipements\"},{\"@type\":\"ListItem\",\"position\":4,\"name\":\"Harnais pour chiens\",\"item\":\"https:\\\/\\\/lebonchien.ca\\\/categorie-produit\\\/plein-air\\\/equipements\\\/harnais\"},{\"@type\":\"ListItem\",\"position\":5,\"name\":\"\u00c9cussons en Velcro Brod\u00e9s pour Harnais Tactiques\"}]},{\"@type\":\"WebSite\",\"@id\":\"https:\\\/\\\/lebonchien.ca\\\/#website\",\"url\":\"https:\\\/\\\/lebonchien.ca\\\/\",\"name\":\"Le Bon Chien\",\"description\":\"Accessoires pour chien\",\"publisher\":{\"@id\":\"https:\\\/\\\/lebonchien.ca\\\/#organization\"},\"alternateName\":\"LBC\",\"potentialAction\":[{\"@type\":\"SearchAction\",\"target\":{\"@type\":\"EntryPoint\",\"urlTemplate\":\"https:\\\/\\\/lebonchien.ca\\\/?s={search_term_string}\"},\"query-input\":{\"@type\":\"PropertyValueSpecification\",\"valueRequired\":true,\"valueName\":\"search_term_string\"}}],\"inLanguage\":\"en-US\"},{\"@type\":\"Organization\",\"@id\":\"https:\\\/\\\/lebonchien.ca\\\/#organization\",\"name\":\"Le Bon Chien\",\"alternateName\":\"Le Bon Chien\",\"url\":\"https:\\\/\\\/lebonchien.ca\\\/\",\"logo\":{\"@type\":\"ImageObject\",\"inLanguage\":\"en-US\",\"@id\":\"https:\\\/\\\/lebonchien.ca\\\/#\\\/schema\\\/logo\\\/image\\\/\",\"url\":\"https:\\\/\\\/eyswx3xfcyq.exactdn.com\\\/wp-content\\\/uploads\\\/2023\\\/05\\\/logo-noir.png?lossy=1&ssl=1\",\"contentUrl\":\"https:\\\/\\\/eyswx3xfcyq.exactdn.com\\\/wp-content\\\/uploads\\\/2023\\\/05\\\/logo-noir.png?lossy=1&ssl=1\",\"width\":323,\"height\":326,\"caption\":\"Le Bon Chien\"},\"image\":{\"@id\":\"https:\\\/\\\/lebonchien.ca\\\/#\\\/schema\\\/logo\\\/image\\\/\"},\"sameAs\":[\"https:\\\/\\\/www.facebook.com\\\/LeBonChienQc\",\"https:\\\/\\\/www.instagram.com\\\/boutique_le_bon_chien\\\/\"]}]}<\/script>\n<!-- \/ Yoast SEO plugin. -->","yoast_head_json":{"title":"\u00c9cussons en Velcro Brod\u00e9s pour Harnais Tactiques | Le Bon Chien","description":"Personnalisez Votre \u00c9quipement avec Style  Ajoutez une touche unique \u00e0 votre harnais tactique gr\u00e2ce \u00e0 nos \u00e9cussons brod\u00e9s en velcro de haute qualit\u00e9. Vendus par paire, ils sont con\u00e7us pour une installation facile et un maintien s\u00e9curis\u00e9. Exprimez votre style et affichez des messages clairs sur votre \u00e9quipement en toute simplicit\u00e9.","robots":{"index":"index","follow":"follow","max-snippet":"max-snippet:-1","max-image-preview":"max-image-preview:large","max-video-preview":"max-video-preview:-1"},"canonical":"https:\/\/lebonchien.ca\/en\/product-2\/patches-for-tactical-harness","og_locale":"en_US","og_type":"article","og_title":"\u00c9cussons en Velcro Brod\u00e9s pour Harnais Tactiques | Le Bon Chien","og_description":"Personnalisez Votre \u00c9quipement avec Style  Ajoutez une touche unique \u00e0 votre harnais tactique gr\u00e2ce \u00e0 nos \u00e9cussons brod\u00e9s en velcro de haute qualit\u00e9. Vendus par paire, ils sont con\u00e7us pour une installation facile et un maintien s\u00e9curis\u00e9. Exprimez votre style et affichez des messages clairs sur votre \u00e9quipement en toute simplicit\u00e9.","og_url":"https:\/\/lebonchien.ca\/en\/product-2\/patches-for-tactical-harness","og_site_name":"Le Bon Chien","article_publisher":"https:\/\/www.facebook.com\/LeBonChienQc","article_modified_time":"2025-03-04T19:54:42+00:00","og_image":[{"width":2000,"height":2000,"url":"https:\/\/lebonchien.ca\/wp-content\/uploads\/2023\/05\/nerveux-2x.webp","type":"image\/webp"}],"twitter_card":"summary_large_image","twitter_misc":{"Est. reading time":"1 minute"},"schema":{"@context":"https:\/\/schema.org","@graph":[{"@type":"WebPage","@id":"https:\/\/lebonchien.ca\/produit\/ecussons-pour-harnais-tactique","url":"https:\/\/lebonchien.ca\/produit\/ecussons-pour-harnais-tactique","name":"\u00c9cussons en Velcro Brod\u00e9s pour Harnais Tactiques | Le Bon Chien","isPartOf":{"@id":"https:\/\/lebonchien.ca\/#website"},"primaryImageOfPage":{"@id":"https:\/\/lebonchien.ca\/produit\/ecussons-pour-harnais-tactique#primaryimage"},"image":{"@id":"https:\/\/lebonchien.ca\/produit\/ecussons-pour-harnais-tactique#primaryimage"},"thumbnailUrl":"https:\/\/eyswx3xfcyq.exactdn.com\/wp-content\/uploads\/2023\/05\/nerveux-2x.webp","datePublished":"2023-05-22T18:18:45+00:00","dateModified":"2025-03-04T19:54:42+00:00","description":"Personnalisez Votre \u00c9quipement avec Style Ajoutez une touche unique \u00e0 votre harnais tactique gr\u00e2ce \u00e0 nos \u00e9cussons brod\u00e9s en velcro de haute qualit\u00e9. Vendus par paire, ils sont con\u00e7us pour une installation facile et un maintien s\u00e9curis\u00e9. Exprimez votre style et affichez des messages clairs sur votre \u00e9quipement en toute simplicit\u00e9.","breadcrumb":{"@id":"https:\/\/lebonchien.ca\/produit\/ecussons-pour-harnais-tactique#breadcrumb"},"inLanguage":"en-US","potentialAction":[{"@type":"ReadAction","target":["https:\/\/lebonchien.ca\/produit\/ecussons-pour-harnais-tactique"]}]},{"@type":"ImageObject","inLanguage":"en-US","@id":"https:\/\/lebonchien.ca\/produit\/ecussons-pour-harnais-tactique#primaryimage","url":"https:\/\/eyswx3xfcyq.exactdn.com\/wp-content\/uploads\/2023\/05\/nerveux-2x.webp","contentUrl":"https:\/\/eyswx3xfcyq.exactdn.com\/wp-content\/uploads\/2023\/05\/nerveux-2x.webp","width":2000,"height":2000,"caption":"\u00c9cussons \u00abNerveux\u00bb pour harnais tactique de marque Le Bon Chien"},{"@type":"BreadcrumbList","@id":"https:\/\/lebonchien.ca\/produit\/ecussons-pour-harnais-tactique#breadcrumb","itemListElement":[{"@type":"ListItem","position":1,"name":"Boutique","item":"https:\/\/lebonchien.ca\/boutique"},{"@type":"ListItem","position":2,"name":"Accessoires pour le plein-air","item":"https:\/\/lebonchien.ca\/categorie-produit\/plein-air"},{"@type":"ListItem","position":3,"name":"\u00c9quipements","item":"https:\/\/lebonchien.ca\/categorie-produit\/plein-air\/equipements"},{"@type":"ListItem","position":4,"name":"Harnais pour chiens","item":"https:\/\/lebonchien.ca\/categorie-produit\/plein-air\/equipements\/harnais"},{"@type":"ListItem","position":5,"name":"\u00c9cussons en Velcro Brod\u00e9s pour Harnais Tactiques"}]},{"@type":"WebSite","@id":"https:\/\/lebonchien.ca\/#website","url":"https:\/\/lebonchien.ca\/","name":"The Good Dog","description":"Dog accessories","publisher":{"@id":"https:\/\/lebonchien.ca\/#organization"},"alternateName":"LBC","potentialAction":[{"@type":"SearchAction","target":{"@type":"EntryPoint","urlTemplate":"https:\/\/lebonchien.ca\/?s={search_term_string}"},"query-input":{"@type":"PropertyValueSpecification","valueRequired":true,"valueName":"search_term_string"}}],"inLanguage":"en-US"},{"@type":"Organization","@id":"https:\/\/lebonchien.ca\/#organization","name":"The Good Dog","alternateName":"Le Bon Chien","url":"https:\/\/lebonchien.ca\/","logo":{"@type":"ImageObject","inLanguage":"en-US","@id":"https:\/\/lebonchien.ca\/#\/schema\/logo\/image\/","url":"https:\/\/eyswx3xfcyq.exactdn.com\/wp-content\/uploads\/2023\/05\/logo-noir.png?lossy=1&ssl=1","contentUrl":"https:\/\/eyswx3xfcyq.exactdn.com\/wp-content\/uploads\/2023\/05\/logo-noir.png?lossy=1&ssl=1","width":323,"height":326,"caption":"Le Bon Chien"},"image":{"@id":"https:\/\/lebonchien.ca\/#\/schema\/logo\/image\/"},"sameAs":["https:\/\/www.facebook.com\/LeBonChienQc","https:\/\/www.instagram.com\/boutique_le_bon_chien\/"]}]}},"_links":{"self":[{"href":"https:\/\/lebonchien.ca\/en\/wp-json\/wp\/v2\/product\/339","targetHints":{"allow":["GET"]}}],"collection":[{"href":"https:\/\/lebonchien.ca\/en\/wp-json\/wp\/v2\/product"}],"about":[{"href":"https:\/\/lebonchien.ca\/en\/wp-json\/wp\/v2\/types\/product"}],"wp:featuredmedia":[{"embeddable":true,"href":"https:\/\/lebonchien.ca\/en\/wp-json\/wp\/v2\/media\/340"}],"wp:attachment":[{"href":"https:\/\/lebonchien.ca\/en\/wp-json\/wp\/v2\/media?parent=339"}],"wp:term":[{"taxonomy":"product_brand","embeddable":true,"href":"https:\/\/lebonchien.ca\/en\/wp-json\/wp\/v2\/product_brand?post=339"},{"taxonomy":"product_cat","embeddable":true,"href":"https:\/\/lebonchien.ca\/en\/wp-json\/wp\/v2\/product_cat?post=339"},{"taxonomy":"product_tag","embeddable":true,"href":"https:\/\/lebonchien.ca\/en\/wp-json\/wp\/v2\/product_tag?post=339"}],"curies":[{"name":"wp","href":"https:\/\/api.w.org\/{rel}","templated":true}]}}