{"id":376,"date":"2023-05-23T08:37:41","date_gmt":"2023-05-23T13:37:41","guid":{"rendered":"https:\/\/lebonchien.ca\/?post_type=product&#038;p=376"},"modified":"2025-03-04T14:04:58","modified_gmt":"2025-03-04T19:04:58","slug":"lifejacket-for-dogs","status":"publish","type":"product","link":"https:\/\/lebonchien.ca\/en\/product-2\/lifejacket-for-dogs","title":{"rendered":"Life jacket for dogs"},"content":{"rendered":"<div class=\"flex-shrink-0 flex flex-col relative items-end\">\n<div>\n<div class=\"pt-0\">\n<div class=\"gizmo-bot-avatar flex h-8 w-8 items-center justify-center overflow-hidden rounded-full\">\n<div><span data-olk-copy-source=\"MessageBody\"><\/span><\/p>\n<div data-olk-copy-source=\"MessageBody\"><\/div>\n<div data-olk-copy-source=\"MessageBody\">\n<div class=\"flex-shrink-0 flex flex-col relative items-end\">\n<div>\n<div class=\"pt-0\">\n<div class=\"gizmo-bot-avatar flex h-8 w-8 items-center justify-center overflow-hidden rounded-full\">\n<div class=\"relative p-1 rounded-sm flex items-center justify-center bg-token-main-surface-primary text-token-text-primary h-8 w-8\"><\/div>\n<\/div>\n<\/div>\n<\/div>\n<\/div>\n<div class=\"group\/conversation-turn relative flex w-full min-w-0 flex-col agent-turn\">\n<div class=\"flex-col gap-1 md:gap-3\">\n<div class=\"flex max-w-full flex-col flex-grow\">\n<div class=\"min-h-8 text-message flex w-full flex-col items-end gap-2 whitespace-normal break-words text-start [.text-message+&amp;]:mt-5\" dir=\"auto\" data-message-author-role=\"assistant\" data-message-id=\"4367b320-dc39-42f8-89f2-6d0a06428b54\" data-message-model-slug=\"gpt-4o-mini\">\n<div class=\"flex w-full flex-col gap-1 empty:hidden first:pt-[3px]\">\n<div class=\"markdown prose w-full break-words dark:prose-invert dark\">\n<p><strong>Dog Life Jacket \u2013 Maximum Safety, Comfort, and Visibility<\/strong><\/p>\n<p>Give your dog the safety and visibility it deserves with our <strong>dog life jacket<\/strong>,<br \/>\nperfect for swimming, pool, lake, or sea activities. Designed with <strong>reflective strips<\/strong>,<br \/>\nthis jacket ensures <strong>optimal visibility<\/strong> day or night, even underwater.<\/p>\n<p>\u2705 <strong>Adjustable Comfort<\/strong> \u2013 Adjustable straps at the neck and abdomen for a perfect fit<br \/>\n\u2705 <strong>Durable Materials<\/strong> \u2013 Tear-resistant nylon and polyester for maximum durability<br \/>\n\u2705 <strong>Quick Drying<\/strong> \u2013 Perfect for water adventures, it dries quickly<br \/>\n\u2705 <strong>Neoprene Collar<\/strong> \u2013 Prevents irritation caused by friction<br \/>\n\u2705 <strong>Rescue Handle<\/strong> \u2013 Helps pull your dog out of the water safely<br \/>\n\u2705 <strong>Ideal for Swimming, Pools, Lakes, and the Sea<\/strong><\/p>\n<p><strong>Available in 7 sizes<\/strong> from XXS to XXL \u2013 Be sure to measure your dog properly before purchasing.<br \/>\nIf your dog falls between sizes, we recommend choosing the larger size.<\/p>\n<p>\ud83d\ude80 <strong>Perfect for dogs who love water and aquatic adventures!<\/strong><\/p>\n<table style=\"height: 259px\" width=\"351\">\n<tbody>\n<tr>\n<td width=\"80\">Size<\/td>\n<td width=\"179\">Chest circumference<\/td>\n<\/tr>\n<tr>\n<td>XXS<\/td>\n<td>42 to 49 cm<\/td>\n<\/tr>\n<tr>\n<td>XS<\/td>\n<td>45 to 59 cm<\/td>\n<\/tr>\n<tr>\n<td>S<\/td>\n<td>48 to 63 cm<\/td>\n<\/tr>\n<tr>\n<td>M<\/td>\n<td>51 to 68 cm<\/td>\n<\/tr>\n<tr>\n<td>L<\/td>\n<td>63 to 76 cm<\/td>\n<\/tr>\n<tr>\n<td>XL<\/td>\n<td>67 to 90 cm<\/td>\n<\/tr>\n<tr>\n<td>XXL<\/td>\n<td>83 to 110 cm<\/td>\n<\/tr>\n<\/tbody>\n<\/table>\n<\/div>\n<\/div>\n<\/div>\n<\/div>\n<\/div>\n<\/div>\n<\/div>\n<div data-olk-copy-source=\"MessageBody\">\n<p><span data-olk-copy-source=\"MessageBody\"><\/span><\/p>\n<\/div>\n","protected":false},"excerpt":{"rendered":"<div class=\"flex-shrink-0 flex flex-col relative items-end\">\n<div>\n<div class=\"pt-0\">\n<div class=\"gizmo-bot-avatar flex h-8 w-8 items-center justify-center overflow-hidden rounded-full\">\n<div class=\"relative p-1 rounded-sm flex items-center justify-center bg-token-main-surface-primary text-token-text-primary h-8 w-8\"><span data-olk-copy-source=\"MessageBody\">[trp_language language=\"fr_CA\"]<\/span><\/div>\n<\/div>\n<\/div>\n<\/div>\n<\/div>\n<div class=\"group\/conversation-turn relative flex w-full min-w-0 flex-col agent-turn\">\n<div class=\"flex-col gap-1 md:gap-3\">\n<div class=\"flex max-w-full flex-col flex-grow\">\n<div class=\"min-h-8 text-message flex w-full flex-col items-end gap-2 whitespace-normal break-words text-start [.text-message+&amp;]:mt-5\" dir=\"auto\" data-message-author-role=\"assistant\" data-message-id=\"8889caea-1381-4cb7-b183-5ee28c829ebf\" data-message-model-slug=\"gpt-4o-mini\">\n<div class=\"flex w-full flex-col gap-1 empty:hidden first:pt-[3px]\">\n<div class=\"markdown prose w-full break-words dark:prose-invert dark\">\n<p><strong>Veste de Flottaison pour Chien \u2013 S\u00e9curit\u00e9 &amp; Confort Aquatique<\/strong><\/p>\n<p>Assurez la <strong>s\u00e9curit\u00e9 et la visibilit\u00e9<\/strong> de votre chien avec cette <strong>veste de flottaison<\/strong> \u00e9quip\u00e9e de <strong>bandes r\u00e9fl\u00e9chissantes<\/strong> pour une <strong>meilleure visibilit\u00e9 sous l\u2019eau et la nuit<\/strong>. Fabriqu\u00e9e en <strong>nylon et polyester r\u00e9sistants<\/strong>, elle s\u00e8che rapidement et offre un <strong>confort optimal<\/strong> gr\u00e2ce \u00e0 ses sangles ajustables et son col en n\u00e9opr\u00e8ne. Parfaite pour la <strong>natation<\/strong>, la <strong>piscine<\/strong>, le <strong>lac<\/strong> et la <strong>mer<\/strong>.<\/p>\n<p><strong>Disponible en 7 tailles<\/strong> \u2013 Mesurez bien votre chien avant achat ! \ud83d\udc36\ud83c\udf0a<\/p>\n<p>Consultez la charte de taille plus bas sous la section: Description de produit<\/p>\n<p><span data-olk-copy-source=\"MessageBody\">[\/trp_language]<\/span><\/p>\n<p><span data-olk-copy-source=\"MessageBody\">[trp_language language=\"en_US\"]<\/span><\/p>\n<p><strong>Dog Life Jacket \u2013 Safety &amp; Comfort for Water Activities<\/strong><\/p>\n<p>Ensure your dog\u2019s <strong>safety and visibility<\/strong> with this <strong>life jacket<\/strong>, featuring <strong>reflective strips<\/strong> for <strong>better visibility underwater and at night<\/strong>. Made from <strong>durable nylon and polyester<\/strong>, it dries quickly and provides <strong>optimal comfort<\/strong> with adjustable straps and a neoprene collar. Perfect for <strong>swimming<\/strong>, the <strong>pool<\/strong>, the <strong>lake<\/strong>, and the <strong>sea<\/strong>.<\/p>\n<p><strong>Available in 7 sizes<\/strong> \u2013 Make sure to measure your dog before purchase! \ud83d\udc36\ud83c\udf0a<\/p>\n<p>Check the size chart below under the \"Product Description\" section.<\/p>\n<p><span data-olk-copy-source=\"MessageBody\">[\/trp_language]<\/span><\/p>\n<\/div>\n<\/div>\n<\/div>\n<\/div>\n<\/div>\n<\/div>\n","protected":false},"featured_media":391,"template":"","meta":{"_acf_changed":false},"product_brand":[],"product_cat":[58,64],"product_tag":[],"class_list":{"0":"post-376","1":"product","2":"type-product","3":"status-publish","4":"has-post-thumbnail","6":"product_cat-vestes-flottaisons","7":"product_cat-vetements-securite-exterieure","9":"first","10":"instock","11":"taxable","12":"shipping-taxable","13":"purchasable","14":"product-type-variable","15":"has-default-attributes","16":"rtwpvs-product"},"acf":[],"yoast_head":"<!-- This site is optimized with the Yoast SEO plugin v27.4 - https:\/\/yoast.com\/product\/yoast-seo-wordpress\/ -->\n<title>Veste de flottaison pour chiens | Le Bon Chien<\/title>\n<meta name=\"robots\" content=\"index, follow, max-snippet:-1, max-image-preview:large, max-video-preview:-1\" \/>\n<link rel=\"canonical\" href=\"https:\/\/lebonchien.ca\/en\/product-2\/lifejacket-for-dogs\" \/>\n<meta property=\"og:locale\" content=\"en_US\" \/>\n<meta property=\"og:type\" content=\"article\" \/>\n<meta property=\"og:title\" content=\"Veste de flottaison pour chiens | Le Bon Chien\" \/>\n<meta property=\"og:url\" content=\"https:\/\/lebonchien.ca\/en\/product-2\/lifejacket-for-dogs\" \/>\n<meta property=\"og:site_name\" content=\"Le Bon Chien\" \/>\n<meta property=\"article:publisher\" content=\"https:\/\/www.facebook.com\/LeBonChienQc\" \/>\n<meta property=\"article:modified_time\" content=\"2025-03-04T19:04:58+00:00\" \/>\n<meta property=\"og:image\" content=\"https:\/\/lebonchien.ca\/wp-content\/uploads\/2023\/05\/lbc-veste-flottaisonjaune.webp\" \/>\n\t<meta property=\"og:image:width\" content=\"2000\" \/>\n\t<meta property=\"og:image:height\" content=\"2000\" \/>\n\t<meta property=\"og:image:type\" content=\"image\/webp\" \/>\n<meta name=\"twitter:card\" content=\"summary_large_image\" \/>\n<meta name=\"twitter:label1\" content=\"Est. reading time\" \/>\n\t<meta name=\"twitter:data1\" content=\"2 minutes\" \/>\n<script type=\"application\/ld+json\" class=\"yoast-schema-graph\">{\"@context\":\"https:\\\/\\\/schema.org\",\"@graph\":[{\"@type\":\"WebPage\",\"@id\":\"https:\\\/\\\/lebonchien.ca\\\/produit\\\/veste-de-flottaison-pour-chiens\",\"url\":\"https:\\\/\\\/lebonchien.ca\\\/produit\\\/veste-de-flottaison-pour-chiens\",\"name\":\"Veste de flottaison pour chiens | Le Bon Chien\",\"isPartOf\":{\"@id\":\"https:\\\/\\\/lebonchien.ca\\\/#website\"},\"primaryImageOfPage\":{\"@id\":\"https:\\\/\\\/lebonchien.ca\\\/produit\\\/veste-de-flottaison-pour-chiens#primaryimage\"},\"image\":{\"@id\":\"https:\\\/\\\/lebonchien.ca\\\/produit\\\/veste-de-flottaison-pour-chiens#primaryimage\"},\"thumbnailUrl\":\"https:\\\/\\\/eyswx3xfcyq.exactdn.com\\\/wp-content\\\/uploads\\\/2023\\\/05\\\/lbc-veste-flottaisonjaune.webp\",\"datePublished\":\"2023-05-23T13:37:41+00:00\",\"dateModified\":\"2025-03-04T19:04:58+00:00\",\"breadcrumb\":{\"@id\":\"https:\\\/\\\/lebonchien.ca\\\/produit\\\/veste-de-flottaison-pour-chiens#breadcrumb\"},\"inLanguage\":\"en-US\",\"potentialAction\":[{\"@type\":\"ReadAction\",\"target\":[\"https:\\\/\\\/lebonchien.ca\\\/produit\\\/veste-de-flottaison-pour-chiens\"]}]},{\"@type\":\"ImageObject\",\"inLanguage\":\"en-US\",\"@id\":\"https:\\\/\\\/lebonchien.ca\\\/produit\\\/veste-de-flottaison-pour-chiens#primaryimage\",\"url\":\"https:\\\/\\\/eyswx3xfcyq.exactdn.com\\\/wp-content\\\/uploads\\\/2023\\\/05\\\/lbc-veste-flottaisonjaune.webp\",\"contentUrl\":\"https:\\\/\\\/eyswx3xfcyq.exactdn.com\\\/wp-content\\\/uploads\\\/2023\\\/05\\\/lbc-veste-flottaisonjaune.webp\",\"width\":2000,\"height\":2000},{\"@type\":\"BreadcrumbList\",\"@id\":\"https:\\\/\\\/lebonchien.ca\\\/produit\\\/veste-de-flottaison-pour-chiens#breadcrumb\",\"itemListElement\":[{\"@type\":\"ListItem\",\"position\":1,\"name\":\"Boutique\",\"item\":\"https:\\\/\\\/lebonchien.ca\\\/boutique\"},{\"@type\":\"ListItem\",\"position\":2,\"name\":\"Accessoires pour le plein-air\",\"item\":\"https:\\\/\\\/lebonchien.ca\\\/categorie-produit\\\/plein-air\"},{\"@type\":\"ListItem\",\"position\":3,\"name\":\"V\u00eatements\",\"item\":\"https:\\\/\\\/lebonchien.ca\\\/categorie-produit\\\/plein-air\\\/vetements\"},{\"@type\":\"ListItem\",\"position\":4,\"name\":\"Vestes de flottaison\",\"item\":\"https:\\\/\\\/lebonchien.ca\\\/categorie-produit\\\/plein-air\\\/vetements\\\/vestes-flottaisons\"},{\"@type\":\"ListItem\",\"position\":5,\"name\":\"Veste de flottaison pour chiens\"}]},{\"@type\":\"WebSite\",\"@id\":\"https:\\\/\\\/lebonchien.ca\\\/#website\",\"url\":\"https:\\\/\\\/lebonchien.ca\\\/\",\"name\":\"Le Bon Chien\",\"description\":\"Accessoires pour chien\",\"publisher\":{\"@id\":\"https:\\\/\\\/lebonchien.ca\\\/#organization\"},\"alternateName\":\"LBC\",\"potentialAction\":[{\"@type\":\"SearchAction\",\"target\":{\"@type\":\"EntryPoint\",\"urlTemplate\":\"https:\\\/\\\/lebonchien.ca\\\/?s={search_term_string}\"},\"query-input\":{\"@type\":\"PropertyValueSpecification\",\"valueRequired\":true,\"valueName\":\"search_term_string\"}}],\"inLanguage\":\"en-US\"},{\"@type\":\"Organization\",\"@id\":\"https:\\\/\\\/lebonchien.ca\\\/#organization\",\"name\":\"Le Bon Chien\",\"alternateName\":\"Le Bon Chien\",\"url\":\"https:\\\/\\\/lebonchien.ca\\\/\",\"logo\":{\"@type\":\"ImageObject\",\"inLanguage\":\"en-US\",\"@id\":\"https:\\\/\\\/lebonchien.ca\\\/#\\\/schema\\\/logo\\\/image\\\/\",\"url\":\"https:\\\/\\\/eyswx3xfcyq.exactdn.com\\\/wp-content\\\/uploads\\\/2023\\\/05\\\/logo-noir.png?lossy=1&ssl=1\",\"contentUrl\":\"https:\\\/\\\/eyswx3xfcyq.exactdn.com\\\/wp-content\\\/uploads\\\/2023\\\/05\\\/logo-noir.png?lossy=1&ssl=1\",\"width\":323,\"height\":326,\"caption\":\"Le Bon Chien\"},\"image\":{\"@id\":\"https:\\\/\\\/lebonchien.ca\\\/#\\\/schema\\\/logo\\\/image\\\/\"},\"sameAs\":[\"https:\\\/\\\/www.facebook.com\\\/LeBonChienQc\",\"https:\\\/\\\/www.instagram.com\\\/boutique_le_bon_chien\\\/\"]}]}<\/script>\n<!-- \/ Yoast SEO plugin. -->","yoast_head_json":{"title":"Life jacket for dogs | The Good Dog","robots":{"index":"index","follow":"follow","max-snippet":"max-snippet:-1","max-image-preview":"max-image-preview:large","max-video-preview":"max-video-preview:-1"},"canonical":"https:\/\/lebonchien.ca\/en\/product-2\/lifejacket-for-dogs","og_locale":"en_US","og_type":"article","og_title":"Veste de flottaison pour chiens | Le Bon Chien","og_url":"https:\/\/lebonchien.ca\/en\/product-2\/lifejacket-for-dogs","og_site_name":"Le Bon Chien","article_publisher":"https:\/\/www.facebook.com\/LeBonChienQc","article_modified_time":"2025-03-04T19:04:58+00:00","og_image":[{"width":2000,"height":2000,"url":"https:\/\/lebonchien.ca\/wp-content\/uploads\/2023\/05\/lbc-veste-flottaisonjaune.webp","type":"image\/webp"}],"twitter_card":"summary_large_image","twitter_misc":{"Est. reading time":"2 minutes"},"schema":{"@context":"https:\/\/schema.org","@graph":[{"@type":"WebPage","@id":"https:\/\/lebonchien.ca\/produit\/veste-de-flottaison-pour-chiens","url":"https:\/\/lebonchien.ca\/produit\/veste-de-flottaison-pour-chiens","name":"Life jacket for dogs | The Good Dog","isPartOf":{"@id":"https:\/\/lebonchien.ca\/#website"},"primaryImageOfPage":{"@id":"https:\/\/lebonchien.ca\/produit\/veste-de-flottaison-pour-chiens#primaryimage"},"image":{"@id":"https:\/\/lebonchien.ca\/produit\/veste-de-flottaison-pour-chiens#primaryimage"},"thumbnailUrl":"https:\/\/eyswx3xfcyq.exactdn.com\/wp-content\/uploads\/2023\/05\/lbc-veste-flottaisonjaune.webp","datePublished":"2023-05-23T13:37:41+00:00","dateModified":"2025-03-04T19:04:58+00:00","breadcrumb":{"@id":"https:\/\/lebonchien.ca\/produit\/veste-de-flottaison-pour-chiens#breadcrumb"},"inLanguage":"en-US","potentialAction":[{"@type":"ReadAction","target":["https:\/\/lebonchien.ca\/produit\/veste-de-flottaison-pour-chiens"]}]},{"@type":"ImageObject","inLanguage":"en-US","@id":"https:\/\/lebonchien.ca\/produit\/veste-de-flottaison-pour-chiens#primaryimage","url":"https:\/\/eyswx3xfcyq.exactdn.com\/wp-content\/uploads\/2023\/05\/lbc-veste-flottaisonjaune.webp","contentUrl":"https:\/\/eyswx3xfcyq.exactdn.com\/wp-content\/uploads\/2023\/05\/lbc-veste-flottaisonjaune.webp","width":2000,"height":2000},{"@type":"BreadcrumbList","@id":"https:\/\/lebonchien.ca\/produit\/veste-de-flottaison-pour-chiens#breadcrumb","itemListElement":[{"@type":"ListItem","position":1,"name":"Boutique","item":"https:\/\/lebonchien.ca\/boutique"},{"@type":"ListItem","position":2,"name":"Accessoires pour le plein-air","item":"https:\/\/lebonchien.ca\/categorie-produit\/plein-air"},{"@type":"ListItem","position":3,"name":"V\u00eatements","item":"https:\/\/lebonchien.ca\/categorie-produit\/plein-air\/vetements"},{"@type":"ListItem","position":4,"name":"Vestes de flottaison","item":"https:\/\/lebonchien.ca\/categorie-produit\/plein-air\/vetements\/vestes-flottaisons"},{"@type":"ListItem","position":5,"name":"Veste de flottaison pour chiens"}]},{"@type":"WebSite","@id":"https:\/\/lebonchien.ca\/#website","url":"https:\/\/lebonchien.ca\/","name":"The Good Dog","description":"Dog accessories","publisher":{"@id":"https:\/\/lebonchien.ca\/#organization"},"alternateName":"LBC","potentialAction":[{"@type":"SearchAction","target":{"@type":"EntryPoint","urlTemplate":"https:\/\/lebonchien.ca\/?s={search_term_string}"},"query-input":{"@type":"PropertyValueSpecification","valueRequired":true,"valueName":"search_term_string"}}],"inLanguage":"en-US"},{"@type":"Organization","@id":"https:\/\/lebonchien.ca\/#organization","name":"The Good Dog","alternateName":"Le Bon Chien","url":"https:\/\/lebonchien.ca\/","logo":{"@type":"ImageObject","inLanguage":"en-US","@id":"https:\/\/lebonchien.ca\/#\/schema\/logo\/image\/","url":"https:\/\/eyswx3xfcyq.exactdn.com\/wp-content\/uploads\/2023\/05\/logo-noir.png?lossy=1&ssl=1","contentUrl":"https:\/\/eyswx3xfcyq.exactdn.com\/wp-content\/uploads\/2023\/05\/logo-noir.png?lossy=1&ssl=1","width":323,"height":326,"caption":"Le Bon Chien"},"image":{"@id":"https:\/\/lebonchien.ca\/#\/schema\/logo\/image\/"},"sameAs":["https:\/\/www.facebook.com\/LeBonChienQc","https:\/\/www.instagram.com\/boutique_le_bon_chien\/"]}]}},"_links":{"self":[{"href":"https:\/\/lebonchien.ca\/en\/wp-json\/wp\/v2\/product\/376","targetHints":{"allow":["GET"]}}],"collection":[{"href":"https:\/\/lebonchien.ca\/en\/wp-json\/wp\/v2\/product"}],"about":[{"href":"https:\/\/lebonchien.ca\/en\/wp-json\/wp\/v2\/types\/product"}],"wp:featuredmedia":[{"embeddable":true,"href":"https:\/\/lebonchien.ca\/en\/wp-json\/wp\/v2\/media\/391"}],"wp:attachment":[{"href":"https:\/\/lebonchien.ca\/en\/wp-json\/wp\/v2\/media?parent=376"}],"wp:term":[{"taxonomy":"product_brand","embeddable":true,"href":"https:\/\/lebonchien.ca\/en\/wp-json\/wp\/v2\/product_brand?post=376"},{"taxonomy":"product_cat","embeddable":true,"href":"https:\/\/lebonchien.ca\/en\/wp-json\/wp\/v2\/product_cat?post=376"},{"taxonomy":"product_tag","embeddable":true,"href":"https:\/\/lebonchien.ca\/en\/wp-json\/wp\/v2\/product_tag?post=376"}],"curies":[{"name":"wp","href":"https:\/\/api.w.org\/{rel}","templated":true}]}}