{"id":397,"date":"2023-05-23T15:52:01","date_gmt":"2023-05-23T20:52:01","guid":{"rendered":"https:\/\/lebonchien.ca\/?post_type=product&#038;p=397"},"modified":"2025-02-10T16:00:20","modified_gmt":"2025-02-10T21:00:20","slug":"foldable-bowl-for-dogs","status":"publish","type":"product","link":"https:\/\/lebonchien.ca\/en\/product-2\/foldable-bowl-for-dogs","title":{"rendered":"Dog Travel Bowl"},"content":{"rendered":"<p><span data-olk-copy-source=\"MessageBody\"><\/span><\/p>\n<p><span data-olk-copy-source=\"MessageBody\"><\/span><\/p>\n<p>Easily attach this travel bowl to your belt, bag, or leash with its sturdy carabiner. Made from ultra-resistant, machine-washable, and waterproof material, it holds up to <strong>7 cups of water or food<\/strong>. The <strong>zippered closure<\/strong> ensures mess-free transport, while its <strong>compact design (19 cm x 10 cm)<\/strong> makes it perfect for hiking, camping, and outdoor adventures. <strong>Sleek black exterior with a gray interior<\/strong> for a stylish, functional look. \ud83d\udc3e\ud83d\ude80<\/p>\n<p><span data-olk-copy-source=\"MessageBody\"><\/span><\/p>\n<p><iframe loading=\"lazy\" title=\"Bol de transport pliable\" width=\"500\" height=\"281\" src=\"https:\/\/www.youtube.com\/embed\/8TkATayzObU?start=1&feature=oembed\" frameborder=\"0\" allow=\"accelerometer; autoplay; clipboard-write; encrypted-media; gyroscope; picture-in-picture; web-share\" referrerpolicy=\"strict-origin-when-cross-origin\" allowfullscreen><\/iframe><\/p>","protected":false},"excerpt":{"rendered":"<h4>Dog travel bowl, waterproof and ultra-durable, perfect for outdoor adventures. Holds up to 7 cups of water or food, with a zippered closure for mess-free transport. Compact, lightweight, and easy to attach with its sturdy carabiner. \ud83d\udc3e\ud83d\ude80<\/h4>\n<p>&nbsp;<\/p>","protected":false},"featured_media":398,"template":"","meta":{"_acf_changed":false},"product_brand":[],"product_cat":[56,69],"product_tag":[],"class_list":{"0":"post-397","1":"product","2":"type-product","3":"status-publish","4":"has-post-thumbnail","6":"product_cat-bols-bouteilles","7":"product_cat-transport","9":"first","10":"instock","11":"taxable","12":"shipping-taxable","13":"purchasable","14":"product-type-simple"},"acf":[],"yoast_head":"<!-- This site is optimized with the Yoast SEO plugin v27.4 - https:\/\/yoast.com\/product\/yoast-seo-wordpress\/ -->\n<title>Bol de Voyage pour Chien | Le Bon Chien<\/title>\n<meta name=\"description\" content=\"Bol de voyage pour chien, imperm\u00e9able et ultra-r\u00e9sistant, id\u00e9al pour le plein air. Capacit\u00e9 de 7 tasses d\u2019eau ou de nourriture, avec fermeture \u00e9clair pour un transport propre. Compact, l\u00e9ger et facile \u00e0 attacher gr\u00e2ce \u00e0 son mousqueton robuste. \ud83d\udc3e\ud83d\ude80 &nbsp;\" \/>\n<meta name=\"robots\" content=\"index, follow, max-snippet:-1, max-image-preview:large, max-video-preview:-1\" \/>\n<link rel=\"canonical\" href=\"https:\/\/lebonchien.ca\/en\/product-2\/foldable-bowl-for-dogs\" \/>\n<meta property=\"og:locale\" content=\"en_US\" \/>\n<meta property=\"og:type\" content=\"article\" \/>\n<meta property=\"og:title\" content=\"Bol de Voyage pour Chien | Le Bon Chien\" \/>\n<meta property=\"og:description\" content=\"Bol de voyage pour chien, imperm\u00e9able et ultra-r\u00e9sistant, id\u00e9al pour le plein air. Capacit\u00e9 de 7 tasses d\u2019eau ou de nourriture, avec fermeture \u00e9clair pour un transport propre. Compact, l\u00e9ger et facile \u00e0 attacher gr\u00e2ce \u00e0 son mousqueton robuste. \ud83d\udc3e\ud83d\ude80 &nbsp;\" \/>\n<meta property=\"og:url\" content=\"https:\/\/lebonchien.ca\/en\/product-2\/foldable-bowl-for-dogs\" \/>\n<meta property=\"og:site_name\" content=\"Le Bon Chien\" \/>\n<meta property=\"article:publisher\" content=\"https:\/\/www.facebook.com\/LeBonChienQc\" \/>\n<meta property=\"article:modified_time\" content=\"2025-02-10T21:00:20+00:00\" \/>\n<meta property=\"og:image\" content=\"https:\/\/lebonchien.ca\/wp-content\/uploads\/2023\/05\/lbc-bol-transport-copy.webp\" \/>\n\t<meta property=\"og:image:width\" content=\"2000\" \/>\n\t<meta property=\"og:image:height\" content=\"2000\" \/>\n\t<meta property=\"og:image:type\" content=\"image\/webp\" \/>\n<meta name=\"twitter:card\" content=\"summary_large_image\" \/>\n<meta name=\"twitter:label1\" content=\"Est. reading time\" \/>\n\t<meta name=\"twitter:data1\" content=\"1 minute\" \/>\n<script type=\"application\/ld+json\" class=\"yoast-schema-graph\">{\"@context\":\"https:\\\/\\\/schema.org\",\"@graph\":[{\"@type\":\"WebPage\",\"@id\":\"https:\\\/\\\/lebonchien.ca\\\/produit\\\/bol-de-transport-pour-chiens\",\"url\":\"https:\\\/\\\/lebonchien.ca\\\/produit\\\/bol-de-transport-pour-chiens\",\"name\":\"Bol de Voyage pour Chien | Le Bon Chien\",\"isPartOf\":{\"@id\":\"https:\\\/\\\/lebonchien.ca\\\/#website\"},\"primaryImageOfPage\":{\"@id\":\"https:\\\/\\\/lebonchien.ca\\\/produit\\\/bol-de-transport-pour-chiens#primaryimage\"},\"image\":{\"@id\":\"https:\\\/\\\/lebonchien.ca\\\/produit\\\/bol-de-transport-pour-chiens#primaryimage\"},\"thumbnailUrl\":\"https:\\\/\\\/eyswx3xfcyq.exactdn.com\\\/wp-content\\\/uploads\\\/2023\\\/05\\\/lbc-bol-transport-copy.webp\",\"datePublished\":\"2023-05-23T20:52:01+00:00\",\"dateModified\":\"2025-02-10T21:00:20+00:00\",\"description\":\"Bol de voyage pour chien, imperm\u00e9able et ultra-r\u00e9sistant, id\u00e9al pour le plein air. Capacit\u00e9 de 7 tasses d\u2019eau ou de nourriture, avec fermeture \u00e9clair pour un transport propre. Compact, l\u00e9ger et facile \u00e0 attacher gr\u00e2ce \u00e0 son mousqueton robuste. \ud83d\udc3e\ud83d\ude80 &nbsp;\",\"breadcrumb\":{\"@id\":\"https:\\\/\\\/lebonchien.ca\\\/produit\\\/bol-de-transport-pour-chiens#breadcrumb\"},\"inLanguage\":\"en-US\",\"potentialAction\":[{\"@type\":\"ReadAction\",\"target\":[\"https:\\\/\\\/lebonchien.ca\\\/produit\\\/bol-de-transport-pour-chiens\"]}]},{\"@type\":\"ImageObject\",\"inLanguage\":\"en-US\",\"@id\":\"https:\\\/\\\/lebonchien.ca\\\/produit\\\/bol-de-transport-pour-chiens#primaryimage\",\"url\":\"https:\\\/\\\/eyswx3xfcyq.exactdn.com\\\/wp-content\\\/uploads\\\/2023\\\/05\\\/lbc-bol-transport-copy.webp\",\"contentUrl\":\"https:\\\/\\\/eyswx3xfcyq.exactdn.com\\\/wp-content\\\/uploads\\\/2023\\\/05\\\/lbc-bol-transport-copy.webp\",\"width\":2000,\"height\":2000},{\"@type\":\"BreadcrumbList\",\"@id\":\"https:\\\/\\\/lebonchien.ca\\\/produit\\\/bol-de-transport-pour-chiens#breadcrumb\",\"itemListElement\":[{\"@type\":\"ListItem\",\"position\":1,\"name\":\"Boutique\",\"item\":\"https:\\\/\\\/lebonchien.ca\\\/boutique\"},{\"@type\":\"ListItem\",\"position\":2,\"name\":\"Accessoires pour leur qualit\u00e9 de vie\",\"item\":\"https:\\\/\\\/lebonchien.ca\\\/categorie-produit\\\/qualite-de-vie\"},{\"@type\":\"ListItem\",\"position\":3,\"name\":\"Transport\",\"item\":\"https:\\\/\\\/lebonchien.ca\\\/categorie-produit\\\/qualite-de-vie\\\/transport\"},{\"@type\":\"ListItem\",\"position\":4,\"name\":\"Bol de Voyage pour Chien\"}]},{\"@type\":\"WebSite\",\"@id\":\"https:\\\/\\\/lebonchien.ca\\\/#website\",\"url\":\"https:\\\/\\\/lebonchien.ca\\\/\",\"name\":\"Le Bon Chien\",\"description\":\"Accessoires pour chien\",\"publisher\":{\"@id\":\"https:\\\/\\\/lebonchien.ca\\\/#organization\"},\"alternateName\":\"LBC\",\"potentialAction\":[{\"@type\":\"SearchAction\",\"target\":{\"@type\":\"EntryPoint\",\"urlTemplate\":\"https:\\\/\\\/lebonchien.ca\\\/?s={search_term_string}\"},\"query-input\":{\"@type\":\"PropertyValueSpecification\",\"valueRequired\":true,\"valueName\":\"search_term_string\"}}],\"inLanguage\":\"en-US\"},{\"@type\":\"Organization\",\"@id\":\"https:\\\/\\\/lebonchien.ca\\\/#organization\",\"name\":\"Le Bon Chien\",\"alternateName\":\"Le Bon Chien\",\"url\":\"https:\\\/\\\/lebonchien.ca\\\/\",\"logo\":{\"@type\":\"ImageObject\",\"inLanguage\":\"en-US\",\"@id\":\"https:\\\/\\\/lebonchien.ca\\\/#\\\/schema\\\/logo\\\/image\\\/\",\"url\":\"https:\\\/\\\/eyswx3xfcyq.exactdn.com\\\/wp-content\\\/uploads\\\/2023\\\/05\\\/logo-noir.png?lossy=1&ssl=1\",\"contentUrl\":\"https:\\\/\\\/eyswx3xfcyq.exactdn.com\\\/wp-content\\\/uploads\\\/2023\\\/05\\\/logo-noir.png?lossy=1&ssl=1\",\"width\":323,\"height\":326,\"caption\":\"Le Bon Chien\"},\"image\":{\"@id\":\"https:\\\/\\\/lebonchien.ca\\\/#\\\/schema\\\/logo\\\/image\\\/\"},\"sameAs\":[\"https:\\\/\\\/www.facebook.com\\\/LeBonChienQc\",\"https:\\\/\\\/www.instagram.com\\\/boutique_le_bon_chien\\\/\"]}]}<\/script>\n<!-- \/ Yoast SEO plugin. -->","yoast_head_json":{"title":"Bol de Voyage pour Chien | Le Bon Chien","description":"Dog travel bowl, waterproof and ultra-durable, perfect for outdoor adventures. Holds up to 7 cups of water or food, with a zippered closure for mess-free transport. Compact, lightweight, and easy to attach with its sturdy carabiner. \ud83d\udc3e\ud83d\ude80 &nbsp;","robots":{"index":"index","follow":"follow","max-snippet":"max-snippet:-1","max-image-preview":"max-image-preview:large","max-video-preview":"max-video-preview:-1"},"canonical":"https:\/\/lebonchien.ca\/en\/product-2\/foldable-bowl-for-dogs","og_locale":"en_US","og_type":"article","og_title":"Bol de Voyage pour Chien | Le Bon Chien","og_description":"Bol de voyage pour chien, imperm\u00e9able et ultra-r\u00e9sistant, id\u00e9al pour le plein air. Capacit\u00e9 de 7 tasses d\u2019eau ou de nourriture, avec fermeture \u00e9clair pour un transport propre. Compact, l\u00e9ger et facile \u00e0 attacher gr\u00e2ce \u00e0 son mousqueton robuste. \ud83d\udc3e\ud83d\ude80 &nbsp;","og_url":"https:\/\/lebonchien.ca\/en\/product-2\/foldable-bowl-for-dogs","og_site_name":"Le Bon Chien","article_publisher":"https:\/\/www.facebook.com\/LeBonChienQc","article_modified_time":"2025-02-10T21:00:20+00:00","og_image":[{"width":2000,"height":2000,"url":"https:\/\/lebonchien.ca\/wp-content\/uploads\/2023\/05\/lbc-bol-transport-copy.webp","type":"image\/webp"}],"twitter_card":"summary_large_image","twitter_misc":{"Est. reading time":"1 minute"},"schema":{"@context":"https:\/\/schema.org","@graph":[{"@type":"WebPage","@id":"https:\/\/lebonchien.ca\/produit\/bol-de-transport-pour-chiens","url":"https:\/\/lebonchien.ca\/produit\/bol-de-transport-pour-chiens","name":"Bol de Voyage pour Chien | Le Bon Chien","isPartOf":{"@id":"https:\/\/lebonchien.ca\/#website"},"primaryImageOfPage":{"@id":"https:\/\/lebonchien.ca\/produit\/bol-de-transport-pour-chiens#primaryimage"},"image":{"@id":"https:\/\/lebonchien.ca\/produit\/bol-de-transport-pour-chiens#primaryimage"},"thumbnailUrl":"https:\/\/eyswx3xfcyq.exactdn.com\/wp-content\/uploads\/2023\/05\/lbc-bol-transport-copy.webp","datePublished":"2023-05-23T20:52:01+00:00","dateModified":"2025-02-10T21:00:20+00:00","description":"Dog travel bowl, waterproof and ultra-durable, perfect for outdoor adventures. Holds up to 7 cups of water or food, with a zippered closure for mess-free transport. Compact, lightweight, and easy to attach with its sturdy carabiner. \ud83d\udc3e\ud83d\ude80 &nbsp;","breadcrumb":{"@id":"https:\/\/lebonchien.ca\/produit\/bol-de-transport-pour-chiens#breadcrumb"},"inLanguage":"en-US","potentialAction":[{"@type":"ReadAction","target":["https:\/\/lebonchien.ca\/produit\/bol-de-transport-pour-chiens"]}]},{"@type":"ImageObject","inLanguage":"en-US","@id":"https:\/\/lebonchien.ca\/produit\/bol-de-transport-pour-chiens#primaryimage","url":"https:\/\/eyswx3xfcyq.exactdn.com\/wp-content\/uploads\/2023\/05\/lbc-bol-transport-copy.webp","contentUrl":"https:\/\/eyswx3xfcyq.exactdn.com\/wp-content\/uploads\/2023\/05\/lbc-bol-transport-copy.webp","width":2000,"height":2000},{"@type":"BreadcrumbList","@id":"https:\/\/lebonchien.ca\/produit\/bol-de-transport-pour-chiens#breadcrumb","itemListElement":[{"@type":"ListItem","position":1,"name":"Boutique","item":"https:\/\/lebonchien.ca\/boutique"},{"@type":"ListItem","position":2,"name":"Accessoires pour leur qualit\u00e9 de vie","item":"https:\/\/lebonchien.ca\/categorie-produit\/qualite-de-vie"},{"@type":"ListItem","position":3,"name":"Transport","item":"https:\/\/lebonchien.ca\/categorie-produit\/qualite-de-vie\/transport"},{"@type":"ListItem","position":4,"name":"Bol de Voyage pour Chien"}]},{"@type":"WebSite","@id":"https:\/\/lebonchien.ca\/#website","url":"https:\/\/lebonchien.ca\/","name":"The Good Dog","description":"Dog accessories","publisher":{"@id":"https:\/\/lebonchien.ca\/#organization"},"alternateName":"LBC","potentialAction":[{"@type":"SearchAction","target":{"@type":"EntryPoint","urlTemplate":"https:\/\/lebonchien.ca\/?s={search_term_string}"},"query-input":{"@type":"PropertyValueSpecification","valueRequired":true,"valueName":"search_term_string"}}],"inLanguage":"en-US"},{"@type":"Organization","@id":"https:\/\/lebonchien.ca\/#organization","name":"The Good Dog","alternateName":"Le Bon Chien","url":"https:\/\/lebonchien.ca\/","logo":{"@type":"ImageObject","inLanguage":"en-US","@id":"https:\/\/lebonchien.ca\/#\/schema\/logo\/image\/","url":"https:\/\/eyswx3xfcyq.exactdn.com\/wp-content\/uploads\/2023\/05\/logo-noir.png?lossy=1&ssl=1","contentUrl":"https:\/\/eyswx3xfcyq.exactdn.com\/wp-content\/uploads\/2023\/05\/logo-noir.png?lossy=1&ssl=1","width":323,"height":326,"caption":"Le Bon Chien"},"image":{"@id":"https:\/\/lebonchien.ca\/#\/schema\/logo\/image\/"},"sameAs":["https:\/\/www.facebook.com\/LeBonChienQc","https:\/\/www.instagram.com\/boutique_le_bon_chien\/"]}]}},"_links":{"self":[{"href":"https:\/\/lebonchien.ca\/en\/wp-json\/wp\/v2\/product\/397","targetHints":{"allow":["GET"]}}],"collection":[{"href":"https:\/\/lebonchien.ca\/en\/wp-json\/wp\/v2\/product"}],"about":[{"href":"https:\/\/lebonchien.ca\/en\/wp-json\/wp\/v2\/types\/product"}],"wp:featuredmedia":[{"embeddable":true,"href":"https:\/\/lebonchien.ca\/en\/wp-json\/wp\/v2\/media\/398"}],"wp:attachment":[{"href":"https:\/\/lebonchien.ca\/en\/wp-json\/wp\/v2\/media?parent=397"}],"wp:term":[{"taxonomy":"product_brand","embeddable":true,"href":"https:\/\/lebonchien.ca\/en\/wp-json\/wp\/v2\/product_brand?post=397"},{"taxonomy":"product_cat","embeddable":true,"href":"https:\/\/lebonchien.ca\/en\/wp-json\/wp\/v2\/product_cat?post=397"},{"taxonomy":"product_tag","embeddable":true,"href":"https:\/\/lebonchien.ca\/en\/wp-json\/wp\/v2\/product_tag?post=397"}],"curies":[{"name":"wp","href":"https:\/\/api.w.org\/{rel}","templated":true}]}}