{"id":421,"date":"2023-05-23T17:52:29","date_gmt":"2023-05-23T22:52:29","guid":{"rendered":"https:\/\/lebonchien.ca\/?post_type=product&#038;p=421"},"modified":"2025-02-10T15:31:35","modified_gmt":"2025-02-10T20:31:35","slug":"sleeve-for-leash","status":"publish","type":"product","link":"https:\/\/lebonchien.ca\/en\/product-2\/sleeve-for-leash","title":{"rendered":"Warning Sleeve for Dog Leash"},"content":{"rendered":"<p><span data-olk-copy-source=\"MessageBody\"><\/span><\/p>\n<p><span data-olk-copy-source=\"MessageBody\"><\/span><\/p>\n<p><strong>Safety &amp; Awareness<\/strong><\/p>\n<p>Enhance your dog's safety with our <strong>warning sleeve for leashes<\/strong>, designed to clearly inform passersby and other dog owners. Easily attachable with its <strong>durable Velcro system<\/strong>, this sleeve is available in <strong>two versions<\/strong>:<\/p>\n<p>\ud83d\udd34 <strong>NE PAS TOUCHER<\/strong>\u00a0\u2013 For dogs that should not be approached<br \/>\n\ud83d\udfe1 <strong>R\u00c9ACTIF<\/strong> \u2013 Ideal for dogs that need extra space<\/p>\n<p>\ud83d\udccf <strong>Dimensions:<\/strong> 25 cm (length) x 3.5 cm (width)<br \/>\n\u2705 <strong>Quick &amp; easy installation<\/strong> on any leash<br \/>\n\u2705 <strong>Durable &amp; high-quality materials<\/strong><br \/>\n\u2705 <strong>Perfect for peaceful walks<\/strong><\/p>\n<p>\ud83d\ude80 <strong>A must-have to prevent unwanted interactions!<\/strong><\/p>\n<p><span data-olk-copy-source=\"MessageBody\"><\/span><\/p>","protected":false},"excerpt":{"rendered":"<p>This dog leash sleeve, easy to attach with its durable Velcro, signals your dog\u2019s needs clearly. Available in 2 versions: \"NE PAS TOUCHER\" and \"R\u00c9ACTIF.\" Perfect for safe, stress-free walks with your dog. \ud83d\ude80 Ideal for dog owners looking for added safety and control during outdoor walks.<\/p>","protected":false},"featured_media":423,"template":"","meta":{"_acf_changed":false},"product_brand":[],"product_cat":[53,55],"product_tag":[],"class_list":{"0":"post-421","1":"product","2":"type-product","3":"status-publish","4":"has-post-thumbnail","6":"product_cat-harnais","7":"product_cat-laisses","9":"first","10":"instock","11":"taxable","12":"shipping-taxable","13":"purchasable","14":"product-type-variable","15":"rtwpvs-product"},"acf":[],"yoast_head":"<!-- This site is optimized with the Yoast SEO plugin v27.4 - https:\/\/yoast.com\/product\/yoast-seo-wordpress\/ -->\n<title>Manchon d\u2019Avertissement pour Laisse de Chien | Le Bon Chien<\/title>\n<meta name=\"description\" content=\"Ce manchon pour laisse de chien, facile \u00e0 attacher avec son Velcro r\u00e9sistant, signale les besoins de votre chien. Disponible en 2 versions : &quot;NE PAS TOUCHER&quot; et &quot;R\u00c9ACTIF&quot;. Parfait pour des promenades s\u00e9curis\u00e9es et sans stress. \ud83d\ude80\" \/>\n<meta name=\"robots\" content=\"index, follow, max-snippet:-1, max-image-preview:large, max-video-preview:-1\" \/>\n<link rel=\"canonical\" href=\"https:\/\/lebonchien.ca\/en\/product-2\/sleeve-for-leash\" \/>\n<meta property=\"og:locale\" content=\"en_US\" \/>\n<meta property=\"og:type\" content=\"article\" \/>\n<meta property=\"og:title\" content=\"Manchon d\u2019Avertissement pour Laisse de Chien | Le Bon Chien\" \/>\n<meta property=\"og:description\" content=\"Ce manchon pour laisse de chien, facile \u00e0 attacher avec son Velcro r\u00e9sistant, signale les besoins de votre chien. Disponible en 2 versions : &quot;NE PAS TOUCHER&quot; et &quot;R\u00c9ACTIF&quot;. Parfait pour des promenades s\u00e9curis\u00e9es et sans stress. \ud83d\ude80\" \/>\n<meta property=\"og:url\" content=\"https:\/\/lebonchien.ca\/en\/product-2\/sleeve-for-leash\" \/>\n<meta property=\"og:site_name\" content=\"Le Bon Chien\" \/>\n<meta property=\"article:publisher\" content=\"https:\/\/www.facebook.com\/LeBonChienQc\" \/>\n<meta property=\"article:modified_time\" content=\"2025-02-10T20:31:35+00:00\" \/>\n<meta property=\"og:image\" content=\"https:\/\/lebonchien.ca\/wp-content\/uploads\/2023\/05\/lbc-manchon-nepastoucher.webp\" \/>\n\t<meta property=\"og:image:width\" content=\"2000\" \/>\n\t<meta property=\"og:image:height\" content=\"2000\" \/>\n\t<meta property=\"og:image:type\" content=\"image\/webp\" \/>\n<meta name=\"twitter:card\" content=\"summary_large_image\" \/>\n<meta name=\"twitter:label1\" content=\"Est. reading time\" \/>\n\t<meta name=\"twitter:data1\" content=\"1 minute\" \/>\n<script type=\"application\/ld+json\" class=\"yoast-schema-graph\">{\"@context\":\"https:\\\/\\\/schema.org\",\"@graph\":[{\"@type\":\"WebPage\",\"@id\":\"https:\\\/\\\/lebonchien.ca\\\/produit\\\/manchon-pour-laisse\",\"url\":\"https:\\\/\\\/lebonchien.ca\\\/produit\\\/manchon-pour-laisse\",\"name\":\"Manchon d\u2019Avertissement pour Laisse de Chien | Le Bon Chien\",\"isPartOf\":{\"@id\":\"https:\\\/\\\/lebonchien.ca\\\/#website\"},\"primaryImageOfPage\":{\"@id\":\"https:\\\/\\\/lebonchien.ca\\\/produit\\\/manchon-pour-laisse#primaryimage\"},\"image\":{\"@id\":\"https:\\\/\\\/lebonchien.ca\\\/produit\\\/manchon-pour-laisse#primaryimage\"},\"thumbnailUrl\":\"https:\\\/\\\/eyswx3xfcyq.exactdn.com\\\/wp-content\\\/uploads\\\/2023\\\/05\\\/lbc-manchon-nepastoucher.webp\",\"datePublished\":\"2023-05-23T22:52:29+00:00\",\"dateModified\":\"2025-02-10T20:31:35+00:00\",\"description\":\"Ce manchon pour laisse de chien, facile \u00e0 attacher avec son Velcro r\u00e9sistant, signale les besoins de votre chien. Disponible en 2 versions : \\\"NE PAS TOUCHER\\\" et \\\"R\u00c9ACTIF\\\". Parfait pour des promenades s\u00e9curis\u00e9es et sans stress. \ud83d\ude80\",\"breadcrumb\":{\"@id\":\"https:\\\/\\\/lebonchien.ca\\\/produit\\\/manchon-pour-laisse#breadcrumb\"},\"inLanguage\":\"en-US\",\"potentialAction\":[{\"@type\":\"ReadAction\",\"target\":[\"https:\\\/\\\/lebonchien.ca\\\/produit\\\/manchon-pour-laisse\"]}]},{\"@type\":\"ImageObject\",\"inLanguage\":\"en-US\",\"@id\":\"https:\\\/\\\/lebonchien.ca\\\/produit\\\/manchon-pour-laisse#primaryimage\",\"url\":\"https:\\\/\\\/eyswx3xfcyq.exactdn.com\\\/wp-content\\\/uploads\\\/2023\\\/05\\\/lbc-manchon-nepastoucher.webp\",\"contentUrl\":\"https:\\\/\\\/eyswx3xfcyq.exactdn.com\\\/wp-content\\\/uploads\\\/2023\\\/05\\\/lbc-manchon-nepastoucher.webp\",\"width\":2000,\"height\":2000,\"caption\":\"Manchon \u00abNe pas toucher\u00bb pour laisse de marque Le Bon Chien\"},{\"@type\":\"BreadcrumbList\",\"@id\":\"https:\\\/\\\/lebonchien.ca\\\/produit\\\/manchon-pour-laisse#breadcrumb\",\"itemListElement\":[{\"@type\":\"ListItem\",\"position\":1,\"name\":\"Boutique\",\"item\":\"https:\\\/\\\/lebonchien.ca\\\/boutique\"},{\"@type\":\"ListItem\",\"position\":2,\"name\":\"Accessoires pour le plein-air\",\"item\":\"https:\\\/\\\/lebonchien.ca\\\/categorie-produit\\\/plein-air\"},{\"@type\":\"ListItem\",\"position\":3,\"name\":\"\u00c9quipements\",\"item\":\"https:\\\/\\\/lebonchien.ca\\\/categorie-produit\\\/plein-air\\\/equipements\"},{\"@type\":\"ListItem\",\"position\":4,\"name\":\"Harnais pour chiens\",\"item\":\"https:\\\/\\\/lebonchien.ca\\\/categorie-produit\\\/plein-air\\\/equipements\\\/harnais\"},{\"@type\":\"ListItem\",\"position\":5,\"name\":\"Manchon d\u2019Avertissement pour Laisse de Chien\"}]},{\"@type\":\"WebSite\",\"@id\":\"https:\\\/\\\/lebonchien.ca\\\/#website\",\"url\":\"https:\\\/\\\/lebonchien.ca\\\/\",\"name\":\"Le Bon Chien\",\"description\":\"Accessoires pour chien\",\"publisher\":{\"@id\":\"https:\\\/\\\/lebonchien.ca\\\/#organization\"},\"alternateName\":\"LBC\",\"potentialAction\":[{\"@type\":\"SearchAction\",\"target\":{\"@type\":\"EntryPoint\",\"urlTemplate\":\"https:\\\/\\\/lebonchien.ca\\\/?s={search_term_string}\"},\"query-input\":{\"@type\":\"PropertyValueSpecification\",\"valueRequired\":true,\"valueName\":\"search_term_string\"}}],\"inLanguage\":\"en-US\"},{\"@type\":\"Organization\",\"@id\":\"https:\\\/\\\/lebonchien.ca\\\/#organization\",\"name\":\"Le Bon Chien\",\"alternateName\":\"Le Bon Chien\",\"url\":\"https:\\\/\\\/lebonchien.ca\\\/\",\"logo\":{\"@type\":\"ImageObject\",\"inLanguage\":\"en-US\",\"@id\":\"https:\\\/\\\/lebonchien.ca\\\/#\\\/schema\\\/logo\\\/image\\\/\",\"url\":\"https:\\\/\\\/eyswx3xfcyq.exactdn.com\\\/wp-content\\\/uploads\\\/2023\\\/05\\\/logo-noir.png?lossy=1&ssl=1\",\"contentUrl\":\"https:\\\/\\\/eyswx3xfcyq.exactdn.com\\\/wp-content\\\/uploads\\\/2023\\\/05\\\/logo-noir.png?lossy=1&ssl=1\",\"width\":323,\"height\":326,\"caption\":\"Le Bon Chien\"},\"image\":{\"@id\":\"https:\\\/\\\/lebonchien.ca\\\/#\\\/schema\\\/logo\\\/image\\\/\"},\"sameAs\":[\"https:\\\/\\\/www.facebook.com\\\/LeBonChienQc\",\"https:\\\/\\\/www.instagram.com\\\/boutique_le_bon_chien\\\/\"]}]}<\/script>\n<!-- \/ Yoast SEO plugin. -->","yoast_head_json":{"title":"Manchon d\u2019Avertissement pour Laisse de Chien | Le Bon Chien","description":"This dog leash sleeve, easy to attach with its durable Velcro, signals your dog\u2019s needs clearly. Available in 2 versions: \"NE PAS TOUCHER\" and \"R\u00c9ACTIF.\" Perfect for safe, stress-free walks with your dog. \ud83d\ude80 Ideal for dog owners looking for added safety and control during outdoor walks.","robots":{"index":"index","follow":"follow","max-snippet":"max-snippet:-1","max-image-preview":"max-image-preview:large","max-video-preview":"max-video-preview:-1"},"canonical":"https:\/\/lebonchien.ca\/en\/product-2\/sleeve-for-leash","og_locale":"en_US","og_type":"article","og_title":"Manchon d\u2019Avertissement pour Laisse de Chien | Le Bon Chien","og_description":"Ce manchon pour laisse de chien, facile \u00e0 attacher avec son Velcro r\u00e9sistant, signale les besoins de votre chien. Disponible en 2 versions : \"NE PAS TOUCHER\" et \"R\u00c9ACTIF\". Parfait pour des promenades s\u00e9curis\u00e9es et sans stress. \ud83d\ude80","og_url":"https:\/\/lebonchien.ca\/en\/product-2\/sleeve-for-leash","og_site_name":"Le Bon Chien","article_publisher":"https:\/\/www.facebook.com\/LeBonChienQc","article_modified_time":"2025-02-10T20:31:35+00:00","og_image":[{"width":2000,"height":2000,"url":"https:\/\/lebonchien.ca\/wp-content\/uploads\/2023\/05\/lbc-manchon-nepastoucher.webp","type":"image\/webp"}],"twitter_card":"summary_large_image","twitter_misc":{"Est. reading time":"1 minute"},"schema":{"@context":"https:\/\/schema.org","@graph":[{"@type":"WebPage","@id":"https:\/\/lebonchien.ca\/produit\/manchon-pour-laisse","url":"https:\/\/lebonchien.ca\/produit\/manchon-pour-laisse","name":"Manchon d\u2019Avertissement pour Laisse de Chien | Le Bon Chien","isPartOf":{"@id":"https:\/\/lebonchien.ca\/#website"},"primaryImageOfPage":{"@id":"https:\/\/lebonchien.ca\/produit\/manchon-pour-laisse#primaryimage"},"image":{"@id":"https:\/\/lebonchien.ca\/produit\/manchon-pour-laisse#primaryimage"},"thumbnailUrl":"https:\/\/eyswx3xfcyq.exactdn.com\/wp-content\/uploads\/2023\/05\/lbc-manchon-nepastoucher.webp","datePublished":"2023-05-23T22:52:29+00:00","dateModified":"2025-02-10T20:31:35+00:00","description":"This dog leash sleeve, easy to attach with its durable Velcro, signals your dog\u2019s needs clearly. Available in 2 versions: \"NE PAS TOUCHER\" and \"R\u00c9ACTIF.\" Perfect for safe, stress-free walks with your dog. \ud83d\ude80 Ideal for dog owners looking for added safety and control during outdoor walks.","breadcrumb":{"@id":"https:\/\/lebonchien.ca\/produit\/manchon-pour-laisse#breadcrumb"},"inLanguage":"en-US","potentialAction":[{"@type":"ReadAction","target":["https:\/\/lebonchien.ca\/produit\/manchon-pour-laisse"]}]},{"@type":"ImageObject","inLanguage":"en-US","@id":"https:\/\/lebonchien.ca\/produit\/manchon-pour-laisse#primaryimage","url":"https:\/\/eyswx3xfcyq.exactdn.com\/wp-content\/uploads\/2023\/05\/lbc-manchon-nepastoucher.webp","contentUrl":"https:\/\/eyswx3xfcyq.exactdn.com\/wp-content\/uploads\/2023\/05\/lbc-manchon-nepastoucher.webp","width":2000,"height":2000,"caption":"Manchon \u00abNe pas toucher\u00bb pour laisse de marque Le Bon Chien"},{"@type":"BreadcrumbList","@id":"https:\/\/lebonchien.ca\/produit\/manchon-pour-laisse#breadcrumb","itemListElement":[{"@type":"ListItem","position":1,"name":"Boutique","item":"https:\/\/lebonchien.ca\/boutique"},{"@type":"ListItem","position":2,"name":"Accessoires pour le plein-air","item":"https:\/\/lebonchien.ca\/categorie-produit\/plein-air"},{"@type":"ListItem","position":3,"name":"\u00c9quipements","item":"https:\/\/lebonchien.ca\/categorie-produit\/plein-air\/equipements"},{"@type":"ListItem","position":4,"name":"Harnais pour chiens","item":"https:\/\/lebonchien.ca\/categorie-produit\/plein-air\/equipements\/harnais"},{"@type":"ListItem","position":5,"name":"Manchon d\u2019Avertissement pour Laisse de Chien"}]},{"@type":"WebSite","@id":"https:\/\/lebonchien.ca\/#website","url":"https:\/\/lebonchien.ca\/","name":"The Good Dog","description":"Dog accessories","publisher":{"@id":"https:\/\/lebonchien.ca\/#organization"},"alternateName":"LBC","potentialAction":[{"@type":"SearchAction","target":{"@type":"EntryPoint","urlTemplate":"https:\/\/lebonchien.ca\/?s={search_term_string}"},"query-input":{"@type":"PropertyValueSpecification","valueRequired":true,"valueName":"search_term_string"}}],"inLanguage":"en-US"},{"@type":"Organization","@id":"https:\/\/lebonchien.ca\/#organization","name":"The Good Dog","alternateName":"Le Bon Chien","url":"https:\/\/lebonchien.ca\/","logo":{"@type":"ImageObject","inLanguage":"en-US","@id":"https:\/\/lebonchien.ca\/#\/schema\/logo\/image\/","url":"https:\/\/eyswx3xfcyq.exactdn.com\/wp-content\/uploads\/2023\/05\/logo-noir.png?lossy=1&ssl=1","contentUrl":"https:\/\/eyswx3xfcyq.exactdn.com\/wp-content\/uploads\/2023\/05\/logo-noir.png?lossy=1&ssl=1","width":323,"height":326,"caption":"Le Bon Chien"},"image":{"@id":"https:\/\/lebonchien.ca\/#\/schema\/logo\/image\/"},"sameAs":["https:\/\/www.facebook.com\/LeBonChienQc","https:\/\/www.instagram.com\/boutique_le_bon_chien\/"]}]}},"_links":{"self":[{"href":"https:\/\/lebonchien.ca\/en\/wp-json\/wp\/v2\/product\/421","targetHints":{"allow":["GET"]}}],"collection":[{"href":"https:\/\/lebonchien.ca\/en\/wp-json\/wp\/v2\/product"}],"about":[{"href":"https:\/\/lebonchien.ca\/en\/wp-json\/wp\/v2\/types\/product"}],"wp:featuredmedia":[{"embeddable":true,"href":"https:\/\/lebonchien.ca\/en\/wp-json\/wp\/v2\/media\/423"}],"wp:attachment":[{"href":"https:\/\/lebonchien.ca\/en\/wp-json\/wp\/v2\/media?parent=421"}],"wp:term":[{"taxonomy":"product_brand","embeddable":true,"href":"https:\/\/lebonchien.ca\/en\/wp-json\/wp\/v2\/product_brand?post=421"},{"taxonomy":"product_cat","embeddable":true,"href":"https:\/\/lebonchien.ca\/en\/wp-json\/wp\/v2\/product_cat?post=421"},{"taxonomy":"product_tag","embeddable":true,"href":"https:\/\/lebonchien.ca\/en\/wp-json\/wp\/v2\/product_tag?post=421"}],"curies":[{"name":"wp","href":"https:\/\/api.w.org\/{rel}","templated":true}]}}