{"id":76,"date":"2023-05-01T15:38:32","date_gmt":"2023-05-01T20:38:32","guid":{"rendered":"https:\/\/lebonchien.ca\/?post_type=product&#038;p=76"},"modified":"2025-12-09T14:23:42","modified_gmt":"2025-12-09T19:23:42","slug":"pouches-for-tactical-harness","status":"publish","type":"product","link":"https:\/\/lebonchien.ca\/en\/product-2\/pouches-for-tactical-harness","title":{"rendered":"Tactical Harness Pouches"},"content":{"rendered":"<div data-olk-copy-source=\"MessageBody\"><\/div>\n<div data-olk-copy-source=\"MessageBody\"><\/div>\n<div data-olk-copy-source=\"MessageBody\">\n<div data-olk-copy-source=\"MessageBody\"><\/div>\n<div data-olk-copy-source=\"MessageBody\">\n<h3 data-start=\"332\" data-end=\"357\">\u2705 <strong data-start=\"338\" data-end=\"354\">Key Features<\/strong>:<\/h3>\n<p data-start=\"358\" data-end=\"736\">\u2714 <strong data-start=\"360\" data-end=\"382\">Set of two pouches<\/strong>: Convenient for securely storing multiple items<br data-start=\"430\" data-end=\"433\" \/>\u2714 <strong data-start=\"435\" data-end=\"454\">Easy attachment<\/strong>: Quickly attaches to your <strong data-start=\"481\" data-end=\"501\">tactical harness<\/strong> using dedicated straps and buttons<br data-start=\"536\" data-end=\"539\" \/>\u2714 <strong data-start=\"541\" data-end=\"561\">Durable material<\/strong>: Made from <strong data-start=\"573\" data-end=\"597\">military-grade nylon<\/strong>, resistant to the elements and extreme conditions<br data-start=\"647\" data-end=\"650\" \/>\u2714 <strong data-start=\"652\" data-end=\"673\">Integrated Velcro<\/strong>: For quick detachment and easy access during your activities<\/p>\n<h3 data-start=\"738\" data-end=\"778\">\ud83d\udce6 <strong data-start=\"745\" data-end=\"775\">Versatility and Durability<\/strong>:<\/h3>\n<ul data-start=\"779\" data-end=\"886\">\n<li data-start=\"779\" data-end=\"838\"><strong data-start=\"781\" data-end=\"836\">Perfect for walks, training, and outdoor adventures<\/strong><\/li>\n<li data-start=\"839\" data-end=\"886\"><strong data-start=\"841\" data-end=\"884\">Compatible with our tactical harnesses<\/strong><\/li>\n<\/ul>\n<p data-start=\"888\" data-end=\"975\">\ud83d\udd39 <strong data-start=\"891\" data-end=\"973\">Keep your gear accessible and secure with these practical and durable pouches!<\/strong><\/p>\n<h3 data-start=\"977\" data-end=\"1075\">\ud83d\uded2 <strong data-start=\"984\" data-end=\"1073\">Order now for a convenient and functional storage solution for your tactical harness!<\/strong><\/h3>\n<p><\/p>\n<\/div>\n<\/div>","protected":false},"excerpt":{"rendered":"<p>Versatile and Durable<\/p>\n<p>Optimize the organization of your accessories and gear with our tactical harness pouches. Perfect for carrying treats, food, pet waste, medical supplies, and much more, these practical pouches are designed to meet your everyday and adventure needs.<\/p>\n<p>&nbsp;<\/p>","protected":false},"featured_media":81,"template":"","meta":{"_acf_changed":false},"product_brand":[],"product_cat":[53,69],"product_tag":[],"class_list":{"0":"post-76","1":"product","2":"type-product","3":"status-publish","4":"has-post-thumbnail","6":"product_cat-harnais","7":"product_cat-transport","9":"first","10":"instock","11":"featured","12":"taxable","13":"shipping-taxable","14":"purchasable","15":"product-type-variable","16":"has-default-attributes","17":"rtwpvs-product"},"acf":[],"yoast_head":"<!-- This site is optimized with the Yoast SEO plugin v27.4 - https:\/\/yoast.com\/product\/yoast-seo-wordpress\/ -->\n<title>Pochettes pour harnais tactique | Le Bon Chien<\/title>\n<meta name=\"description\" content=\"Polyvalentes et R\u00e9sistantes  Optimisez l\u2019organisation de vos accessoires et \u00e9quipements avec nos pochettes pour harnais tactique. Id\u00e9ales pour transporter des g\u00e2teries, des aliments, des d\u00e9chets d&#039;animaux, du mat\u00e9riel m\u00e9dical, et bien plus encore, ces pochettes pratiques sont con\u00e7ues pour r\u00e9pondre \u00e0 vos besoins quotidiens et d&#039;aventure.  &nbsp;\" \/>\n<meta name=\"robots\" content=\"index, follow, max-snippet:-1, max-image-preview:large, max-video-preview:-1\" \/>\n<link rel=\"canonical\" href=\"https:\/\/lebonchien.ca\/en\/product-2\/pouches-for-tactical-harness\" \/>\n<meta property=\"og:locale\" content=\"en_US\" \/>\n<meta property=\"og:type\" content=\"article\" \/>\n<meta property=\"og:title\" content=\"Pochettes pour harnais tactique | Le Bon Chien\" \/>\n<meta property=\"og:description\" content=\"Polyvalentes et R\u00e9sistantes  Optimisez l\u2019organisation de vos accessoires et \u00e9quipements avec nos pochettes pour harnais tactique. Id\u00e9ales pour transporter des g\u00e2teries, des aliments, des d\u00e9chets d&#039;animaux, du mat\u00e9riel m\u00e9dical, et bien plus encore, ces pochettes pratiques sont con\u00e7ues pour r\u00e9pondre \u00e0 vos besoins quotidiens et d&#039;aventure.  &nbsp;\" \/>\n<meta property=\"og:url\" content=\"https:\/\/lebonchien.ca\/en\/product-2\/pouches-for-tactical-harness\" \/>\n<meta property=\"og:site_name\" content=\"Le Bon Chien\" \/>\n<meta property=\"article:publisher\" content=\"https:\/\/www.facebook.com\/LeBonChienQc\" \/>\n<meta property=\"article:modified_time\" content=\"2025-12-09T19:23:42+00:00\" \/>\n<meta property=\"og:image\" content=\"https:\/\/lebonchien.ca\/wp-content\/uploads\/2023\/05\/lbc-pochettes-noire.webp\" \/>\n\t<meta property=\"og:image:width\" content=\"2000\" \/>\n\t<meta property=\"og:image:height\" content=\"2000\" \/>\n\t<meta property=\"og:image:type\" content=\"image\/webp\" \/>\n<meta name=\"twitter:card\" content=\"summary_large_image\" \/>\n<meta name=\"twitter:label1\" content=\"Est. reading time\" \/>\n\t<meta name=\"twitter:data1\" content=\"1 minute\" \/>\n<script type=\"application\/ld+json\" class=\"yoast-schema-graph\">{\"@context\":\"https:\\\/\\\/schema.org\",\"@graph\":[{\"@type\":\"WebPage\",\"@id\":\"https:\\\/\\\/lebonchien.ca\\\/produit\\\/pochettes-harnais-tactique\",\"url\":\"https:\\\/\\\/lebonchien.ca\\\/produit\\\/pochettes-harnais-tactique\",\"name\":\"Pochettes pour harnais tactique | Le Bon Chien\",\"isPartOf\":{\"@id\":\"https:\\\/\\\/lebonchien.ca\\\/#website\"},\"primaryImageOfPage\":{\"@id\":\"https:\\\/\\\/lebonchien.ca\\\/produit\\\/pochettes-harnais-tactique#primaryimage\"},\"image\":{\"@id\":\"https:\\\/\\\/lebonchien.ca\\\/produit\\\/pochettes-harnais-tactique#primaryimage\"},\"thumbnailUrl\":\"https:\\\/\\\/eyswx3xfcyq.exactdn.com\\\/wp-content\\\/uploads\\\/2023\\\/05\\\/lbc-pochettes-noire.webp\",\"datePublished\":\"2023-05-01T20:38:32+00:00\",\"dateModified\":\"2025-12-09T19:23:42+00:00\",\"description\":\"Polyvalentes et R\u00e9sistantes Optimisez l\u2019organisation de vos accessoires et \u00e9quipements avec nos pochettes pour harnais tactique. Id\u00e9ales pour transporter des g\u00e2teries, des aliments, des d\u00e9chets d'animaux, du mat\u00e9riel m\u00e9dical, et bien plus encore, ces pochettes pratiques sont con\u00e7ues pour r\u00e9pondre \u00e0 vos besoins quotidiens et d'aventure. &nbsp;\",\"breadcrumb\":{\"@id\":\"https:\\\/\\\/lebonchien.ca\\\/produit\\\/pochettes-harnais-tactique#breadcrumb\"},\"inLanguage\":\"en-US\",\"potentialAction\":[{\"@type\":\"ReadAction\",\"target\":[\"https:\\\/\\\/lebonchien.ca\\\/produit\\\/pochettes-harnais-tactique\"]}]},{\"@type\":\"ImageObject\",\"inLanguage\":\"en-US\",\"@id\":\"https:\\\/\\\/lebonchien.ca\\\/produit\\\/pochettes-harnais-tactique#primaryimage\",\"url\":\"https:\\\/\\\/eyswx3xfcyq.exactdn.com\\\/wp-content\\\/uploads\\\/2023\\\/05\\\/lbc-pochettes-noire.webp\",\"contentUrl\":\"https:\\\/\\\/eyswx3xfcyq.exactdn.com\\\/wp-content\\\/uploads\\\/2023\\\/05\\\/lbc-pochettes-noire.webp\",\"width\":2000,\"height\":2000},{\"@type\":\"BreadcrumbList\",\"@id\":\"https:\\\/\\\/lebonchien.ca\\\/produit\\\/pochettes-harnais-tactique#breadcrumb\",\"itemListElement\":[{\"@type\":\"ListItem\",\"position\":1,\"name\":\"Boutique\",\"item\":\"https:\\\/\\\/lebonchien.ca\\\/boutique\"},{\"@type\":\"ListItem\",\"position\":2,\"name\":\"Accessoires pour le plein-air\",\"item\":\"https:\\\/\\\/lebonchien.ca\\\/categorie-produit\\\/plein-air\"},{\"@type\":\"ListItem\",\"position\":3,\"name\":\"\u00c9quipements\",\"item\":\"https:\\\/\\\/lebonchien.ca\\\/categorie-produit\\\/plein-air\\\/equipements\"},{\"@type\":\"ListItem\",\"position\":4,\"name\":\"Harnais pour chiens\",\"item\":\"https:\\\/\\\/lebonchien.ca\\\/categorie-produit\\\/plein-air\\\/equipements\\\/harnais\"},{\"@type\":\"ListItem\",\"position\":5,\"name\":\"Pochettes pour harnais tactique\"}]},{\"@type\":\"WebSite\",\"@id\":\"https:\\\/\\\/lebonchien.ca\\\/#website\",\"url\":\"https:\\\/\\\/lebonchien.ca\\\/\",\"name\":\"Le Bon Chien\",\"description\":\"Accessoires pour chien\",\"publisher\":{\"@id\":\"https:\\\/\\\/lebonchien.ca\\\/#organization\"},\"alternateName\":\"LBC\",\"potentialAction\":[{\"@type\":\"SearchAction\",\"target\":{\"@type\":\"EntryPoint\",\"urlTemplate\":\"https:\\\/\\\/lebonchien.ca\\\/?s={search_term_string}\"},\"query-input\":{\"@type\":\"PropertyValueSpecification\",\"valueRequired\":true,\"valueName\":\"search_term_string\"}}],\"inLanguage\":\"en-US\"},{\"@type\":\"Organization\",\"@id\":\"https:\\\/\\\/lebonchien.ca\\\/#organization\",\"name\":\"Le Bon Chien\",\"alternateName\":\"Le Bon Chien\",\"url\":\"https:\\\/\\\/lebonchien.ca\\\/\",\"logo\":{\"@type\":\"ImageObject\",\"inLanguage\":\"en-US\",\"@id\":\"https:\\\/\\\/lebonchien.ca\\\/#\\\/schema\\\/logo\\\/image\\\/\",\"url\":\"https:\\\/\\\/eyswx3xfcyq.exactdn.com\\\/wp-content\\\/uploads\\\/2023\\\/05\\\/logo-noir.png?lossy=1&ssl=1\",\"contentUrl\":\"https:\\\/\\\/eyswx3xfcyq.exactdn.com\\\/wp-content\\\/uploads\\\/2023\\\/05\\\/logo-noir.png?lossy=1&ssl=1\",\"width\":323,\"height\":326,\"caption\":\"Le Bon Chien\"},\"image\":{\"@id\":\"https:\\\/\\\/lebonchien.ca\\\/#\\\/schema\\\/logo\\\/image\\\/\"},\"sameAs\":[\"https:\\\/\\\/www.facebook.com\\\/LeBonChienQc\",\"https:\\\/\\\/www.instagram.com\\\/boutique_le_bon_chien\\\/\"]}]}<\/script>\n<!-- \/ Yoast SEO plugin. -->","yoast_head_json":{"title":"Pouches for tactical harness | The Good Dog","description":"Polyvalentes et R\u00e9sistantes  Optimisez l\u2019organisation de vos accessoires et \u00e9quipements avec nos pochettes pour harnais tactique. Id\u00e9ales pour transporter des g\u00e2teries, des aliments, des d\u00e9chets d'animaux, du mat\u00e9riel m\u00e9dical, et bien plus encore, ces pochettes pratiques sont con\u00e7ues pour r\u00e9pondre \u00e0 vos besoins quotidiens et d'aventure.  &nbsp;","robots":{"index":"index","follow":"follow","max-snippet":"max-snippet:-1","max-image-preview":"max-image-preview:large","max-video-preview":"max-video-preview:-1"},"canonical":"https:\/\/lebonchien.ca\/en\/product-2\/pouches-for-tactical-harness","og_locale":"en_US","og_type":"article","og_title":"Pochettes pour harnais tactique | Le Bon Chien","og_description":"Polyvalentes et R\u00e9sistantes  Optimisez l\u2019organisation de vos accessoires et \u00e9quipements avec nos pochettes pour harnais tactique. Id\u00e9ales pour transporter des g\u00e2teries, des aliments, des d\u00e9chets d'animaux, du mat\u00e9riel m\u00e9dical, et bien plus encore, ces pochettes pratiques sont con\u00e7ues pour r\u00e9pondre \u00e0 vos besoins quotidiens et d'aventure.  &nbsp;","og_url":"https:\/\/lebonchien.ca\/en\/product-2\/pouches-for-tactical-harness","og_site_name":"Le Bon Chien","article_publisher":"https:\/\/www.facebook.com\/LeBonChienQc","article_modified_time":"2025-12-09T19:23:42+00:00","og_image":[{"width":2000,"height":2000,"url":"https:\/\/lebonchien.ca\/wp-content\/uploads\/2023\/05\/lbc-pochettes-noire.webp","type":"image\/webp"}],"twitter_card":"summary_large_image","twitter_misc":{"Est. reading time":"1 minute"},"schema":{"@context":"https:\/\/schema.org","@graph":[{"@type":"WebPage","@id":"https:\/\/lebonchien.ca\/produit\/pochettes-harnais-tactique","url":"https:\/\/lebonchien.ca\/produit\/pochettes-harnais-tactique","name":"Pouches for tactical harness | The Good Dog","isPartOf":{"@id":"https:\/\/lebonchien.ca\/#website"},"primaryImageOfPage":{"@id":"https:\/\/lebonchien.ca\/produit\/pochettes-harnais-tactique#primaryimage"},"image":{"@id":"https:\/\/lebonchien.ca\/produit\/pochettes-harnais-tactique#primaryimage"},"thumbnailUrl":"https:\/\/eyswx3xfcyq.exactdn.com\/wp-content\/uploads\/2023\/05\/lbc-pochettes-noire.webp","datePublished":"2023-05-01T20:38:32+00:00","dateModified":"2025-12-09T19:23:42+00:00","description":"Polyvalentes et R\u00e9sistantes Optimisez l\u2019organisation de vos accessoires et \u00e9quipements avec nos pochettes pour harnais tactique. Id\u00e9ales pour transporter des g\u00e2teries, des aliments, des d\u00e9chets d'animaux, du mat\u00e9riel m\u00e9dical, et bien plus encore, ces pochettes pratiques sont con\u00e7ues pour r\u00e9pondre \u00e0 vos besoins quotidiens et d'aventure. &nbsp;","breadcrumb":{"@id":"https:\/\/lebonchien.ca\/produit\/pochettes-harnais-tactique#breadcrumb"},"inLanguage":"en-US","potentialAction":[{"@type":"ReadAction","target":["https:\/\/lebonchien.ca\/produit\/pochettes-harnais-tactique"]}]},{"@type":"ImageObject","inLanguage":"en-US","@id":"https:\/\/lebonchien.ca\/produit\/pochettes-harnais-tactique#primaryimage","url":"https:\/\/eyswx3xfcyq.exactdn.com\/wp-content\/uploads\/2023\/05\/lbc-pochettes-noire.webp","contentUrl":"https:\/\/eyswx3xfcyq.exactdn.com\/wp-content\/uploads\/2023\/05\/lbc-pochettes-noire.webp","width":2000,"height":2000},{"@type":"BreadcrumbList","@id":"https:\/\/lebonchien.ca\/produit\/pochettes-harnais-tactique#breadcrumb","itemListElement":[{"@type":"ListItem","position":1,"name":"Boutique","item":"https:\/\/lebonchien.ca\/boutique"},{"@type":"ListItem","position":2,"name":"Accessoires pour le plein-air","item":"https:\/\/lebonchien.ca\/categorie-produit\/plein-air"},{"@type":"ListItem","position":3,"name":"\u00c9quipements","item":"https:\/\/lebonchien.ca\/categorie-produit\/plein-air\/equipements"},{"@type":"ListItem","position":4,"name":"Harnais pour chiens","item":"https:\/\/lebonchien.ca\/categorie-produit\/plein-air\/equipements\/harnais"},{"@type":"ListItem","position":5,"name":"Pochettes pour harnais tactique"}]},{"@type":"WebSite","@id":"https:\/\/lebonchien.ca\/#website","url":"https:\/\/lebonchien.ca\/","name":"The Good Dog","description":"Dog accessories","publisher":{"@id":"https:\/\/lebonchien.ca\/#organization"},"alternateName":"LBC","potentialAction":[{"@type":"SearchAction","target":{"@type":"EntryPoint","urlTemplate":"https:\/\/lebonchien.ca\/?s={search_term_string}"},"query-input":{"@type":"PropertyValueSpecification","valueRequired":true,"valueName":"search_term_string"}}],"inLanguage":"en-US"},{"@type":"Organization","@id":"https:\/\/lebonchien.ca\/#organization","name":"The Good Dog","alternateName":"Le Bon Chien","url":"https:\/\/lebonchien.ca\/","logo":{"@type":"ImageObject","inLanguage":"en-US","@id":"https:\/\/lebonchien.ca\/#\/schema\/logo\/image\/","url":"https:\/\/eyswx3xfcyq.exactdn.com\/wp-content\/uploads\/2023\/05\/logo-noir.png?lossy=1&ssl=1","contentUrl":"https:\/\/eyswx3xfcyq.exactdn.com\/wp-content\/uploads\/2023\/05\/logo-noir.png?lossy=1&ssl=1","width":323,"height":326,"caption":"Le Bon Chien"},"image":{"@id":"https:\/\/lebonchien.ca\/#\/schema\/logo\/image\/"},"sameAs":["https:\/\/www.facebook.com\/LeBonChienQc","https:\/\/www.instagram.com\/boutique_le_bon_chien\/"]}]}},"_links":{"self":[{"href":"https:\/\/lebonchien.ca\/en\/wp-json\/wp\/v2\/product\/76","targetHints":{"allow":["GET"]}}],"collection":[{"href":"https:\/\/lebonchien.ca\/en\/wp-json\/wp\/v2\/product"}],"about":[{"href":"https:\/\/lebonchien.ca\/en\/wp-json\/wp\/v2\/types\/product"}],"wp:featuredmedia":[{"embeddable":true,"href":"https:\/\/lebonchien.ca\/en\/wp-json\/wp\/v2\/media\/81"}],"wp:attachment":[{"href":"https:\/\/lebonchien.ca\/en\/wp-json\/wp\/v2\/media?parent=76"}],"wp:term":[{"taxonomy":"product_brand","embeddable":true,"href":"https:\/\/lebonchien.ca\/en\/wp-json\/wp\/v2\/product_brand?post=76"},{"taxonomy":"product_cat","embeddable":true,"href":"https:\/\/lebonchien.ca\/en\/wp-json\/wp\/v2\/product_cat?post=76"},{"taxonomy":"product_tag","embeddable":true,"href":"https:\/\/lebonchien.ca\/en\/wp-json\/wp\/v2\/product_tag?post=76"}],"curies":[{"name":"wp","href":"https:\/\/api.w.org\/{rel}","templated":true}]}}