{"id":82,"date":"2023-05-01T15:59:13","date_gmt":"2023-05-01T20:59:13","guid":{"rendered":"https:\/\/lebonchien.ca\/?post_type=product&#038;p=82"},"modified":"2025-03-11T12:05:05","modified_gmt":"2025-03-11T17:05:05","slug":"car-basket-for-dogs","status":"publish","type":"product","link":"https:\/\/lebonchien.ca\/en\/product-2\/car-basket-for-dogs","title":{"rendered":"Dog Car Booster Seat"},"content":{"rendered":"<div data-olk-copy-source=\"MessageBody\"><\/span><\/p>\n<p><span data-olk-copy-source=\"MessageBody\"><\/span><\/p>\n<h3 data-start=\"308\" data-end=\"349\">\u2705 <strong data-start=\"314\" data-end=\"347\">Why Choose This Dog Car Seat?<\/strong><\/h3>\n<p data-start=\"350\" data-end=\"799\">\u2714 <strong data-start=\"352\" data-end=\"371\">Enhanced safety<\/strong>: Protects your dog in the event of sudden braking or collision<br data-start=\"434\" data-end=\"437\" \/>\u2714 <strong data-start=\"439\" data-end=\"459\">Integrated leash<\/strong>: Attaches to the harness or collar to prevent movement<br data-start=\"514\" data-end=\"517\" \/>\u2714 <strong data-start=\"519\" data-end=\"551\">Easy and stable installation<\/strong>: Attaches to <strong data-start=\"565\" data-end=\"591\">headrests and the seat<\/strong> for optimal support<br data-start=\"611\" data-end=\"614\" \/>\u2714 <strong data-start=\"616\" data-end=\"635\">Maximum comfort<\/strong>: <strong data-start=\"637\" data-end=\"669\">Machine-washable micro-suede<\/strong> lining, soft and pleasant<br data-start=\"695\" data-end=\"698\" data-is-only-node=\"\" \/>\u2714 <strong data-start=\"700\" data-end=\"730\">Ideal for reducing anxiety<\/strong>: Allows your dog to see outside, easing stress and motion sickness<\/p>\n<h3 data-start=\"801\" data-end=\"825\">\ud83d\udccf <strong data-start=\"808\" data-end=\"822\">Dimensions<\/strong>:<\/h3>\n<p data-start=\"826\" data-end=\"918\">\ud83d\udcd0 <strong data-start=\"829\" data-end=\"876\">17\u2019\u2019 (width) x 13\u2019\u2019 (depth) x 10\u2019\u2019 (height)<\/strong><br data-start=\"876\" data-end=\"879\" \/>\ud83d\udc15 <strong data-start=\"882\" data-end=\"916\">Suitable for dogs up to 25 lbs<\/strong><\/p>\n<p data-start=\"920\" data-end=\"1012\">\ud83d\udd39 <strong data-start=\"923\" data-end=\"1010\">Perfect for short or long trips \u2013 Give your dog a secure and cozy space in the car!<\/strong><\/p>\n<h3 data-start=\"1014\" data-end=\"1091\">\ud83d\uded2 <strong data-start=\"1021\" data-end=\"1089\">Order now and travel peacefully with your four-legged companion!<\/strong><\/h3>\n<div data-olk-copy-source=\"MessageBody\"><\/div><\/div>","protected":false},"excerpt":{"rendered":"<p><strong data-start=\"4\" data-end=\"74\">Safe &amp; Comfortable<\/strong> \ud83d\udc36\ud83d\ude97<\/p>\n<p>Provide your small dog with a safe and comfortable ride with our car booster seat. Designed for dogs weighing up to 25 lbs, it allows them to have a clear view while staying securely in place thanks to the integrated safety leash.<\/p>\n<p>&nbsp;<\/p>","protected":false},"featured_media":103,"template":"","meta":{"_acf_changed":false},"product_brand":[],"product_cat":[68,38,67,49,69],"product_tag":[],"class_list":{"0":"post-82","1":"product","2":"type-product","3":"status-publish","4":"has-post-thumbnail","6":"product_cat-accessibilite","7":"product_cat-voiture","8":"product_cat-paniers","9":"product_cat-paniers-voiture","10":"product_cat-transport","12":"first","13":"instock","14":"taxable","15":"shipping-taxable","16":"purchasable","17":"product-type-simple"},"acf":[],"yoast_head":"<!-- This site is optimized with the Yoast SEO plugin v27.4 - https:\/\/yoast.com\/product\/yoast-seo-wordpress\/ -->\n<title>Panier d\u2019appoint de voiture pour chiens | Le Bon Chien<\/title>\n<meta name=\"description\" content=\"S\u00e9curitaire &amp; Confortable \ud83d\udc36\ud83d\ude97  Offrez \u00e0 votre petit chien un trajet s\u00e9curitaire et confortable avec notre panier rehausseur pour voiture. Con\u00e7u pour les chiens de moins de 25 livres, il leur permet d\u2019avoir une vue d\u00e9gag\u00e9e tout en restant bien en place gr\u00e2ce \u00e0 sa laisse de s\u00e9curit\u00e9 int\u00e9gr\u00e9e.  &nbsp;\" \/>\n<meta name=\"robots\" content=\"index, follow, max-snippet:-1, max-image-preview:large, max-video-preview:-1\" \/>\n<link rel=\"canonical\" href=\"https:\/\/lebonchien.ca\/en\/product-2\/car-basket-for-dogs\" \/>\n<meta property=\"og:locale\" content=\"en_US\" \/>\n<meta property=\"og:type\" content=\"article\" \/>\n<meta property=\"og:title\" content=\"Panier d\u2019appoint de voiture pour chiens | Le Bon Chien\" \/>\n<meta property=\"og:description\" content=\"S\u00e9curitaire &amp; Confortable \ud83d\udc36\ud83d\ude97  Offrez \u00e0 votre petit chien un trajet s\u00e9curitaire et confortable avec notre panier rehausseur pour voiture. Con\u00e7u pour les chiens de moins de 25 livres, il leur permet d\u2019avoir une vue d\u00e9gag\u00e9e tout en restant bien en place gr\u00e2ce \u00e0 sa laisse de s\u00e9curit\u00e9 int\u00e9gr\u00e9e.  &nbsp;\" \/>\n<meta property=\"og:url\" content=\"https:\/\/lebonchien.ca\/en\/product-2\/car-basket-for-dogs\" \/>\n<meta property=\"og:site_name\" content=\"Le Bon Chien\" \/>\n<meta property=\"article:publisher\" content=\"https:\/\/www.facebook.com\/LeBonChienQc\" \/>\n<meta property=\"article:modified_time\" content=\"2025-03-11T17:05:05+00:00\" \/>\n<meta property=\"og:image\" content=\"https:\/\/lebonchien.ca\/wp-content\/uploads\/2023\/05\/lbc-panier-appoint-4.webp\" \/>\n\t<meta property=\"og:image:width\" content=\"2000\" \/>\n\t<meta property=\"og:image:height\" content=\"2000\" \/>\n\t<meta property=\"og:image:type\" content=\"image\/webp\" \/>\n<meta name=\"twitter:card\" content=\"summary_large_image\" \/>\n<meta name=\"twitter:label1\" content=\"Est. reading time\" \/>\n\t<meta name=\"twitter:data1\" content=\"1 minute\" \/>\n<script type=\"application\/ld+json\" class=\"yoast-schema-graph\">{\"@context\":\"https:\\\/\\\/schema.org\",\"@graph\":[{\"@type\":\"WebPage\",\"@id\":\"https:\\\/\\\/lebonchien.ca\\\/produit\\\/panier-appoint-voiture\",\"url\":\"https:\\\/\\\/lebonchien.ca\\\/produit\\\/panier-appoint-voiture\",\"name\":\"Panier d\u2019appoint de voiture pour chiens | Le Bon Chien\",\"isPartOf\":{\"@id\":\"https:\\\/\\\/lebonchien.ca\\\/#website\"},\"primaryImageOfPage\":{\"@id\":\"https:\\\/\\\/lebonchien.ca\\\/produit\\\/panier-appoint-voiture#primaryimage\"},\"image\":{\"@id\":\"https:\\\/\\\/lebonchien.ca\\\/produit\\\/panier-appoint-voiture#primaryimage\"},\"thumbnailUrl\":\"https:\\\/\\\/eyswx3xfcyq.exactdn.com\\\/wp-content\\\/uploads\\\/2023\\\/05\\\/lbc-panier-appoint-4.webp\",\"datePublished\":\"2023-05-01T20:59:13+00:00\",\"dateModified\":\"2025-03-11T17:05:05+00:00\",\"description\":\"S\u00e9curitaire &amp; Confortable \ud83d\udc36\ud83d\ude97 Offrez \u00e0 votre petit chien un trajet s\u00e9curitaire et confortable avec notre panier rehausseur pour voiture. Con\u00e7u pour les chiens de moins de 25 livres, il leur permet d\u2019avoir une vue d\u00e9gag\u00e9e tout en restant bien en place gr\u00e2ce \u00e0 sa laisse de s\u00e9curit\u00e9 int\u00e9gr\u00e9e. &nbsp;\",\"breadcrumb\":{\"@id\":\"https:\\\/\\\/lebonchien.ca\\\/produit\\\/panier-appoint-voiture#breadcrumb\"},\"inLanguage\":\"en-US\",\"potentialAction\":[{\"@type\":\"ReadAction\",\"target\":[\"https:\\\/\\\/lebonchien.ca\\\/produit\\\/panier-appoint-voiture\"]}]},{\"@type\":\"ImageObject\",\"inLanguage\":\"en-US\",\"@id\":\"https:\\\/\\\/lebonchien.ca\\\/produit\\\/panier-appoint-voiture#primaryimage\",\"url\":\"https:\\\/\\\/eyswx3xfcyq.exactdn.com\\\/wp-content\\\/uploads\\\/2023\\\/05\\\/lbc-panier-appoint-4.webp\",\"contentUrl\":\"https:\\\/\\\/eyswx3xfcyq.exactdn.com\\\/wp-content\\\/uploads\\\/2023\\\/05\\\/lbc-panier-appoint-4.webp\",\"width\":2000,\"height\":2000},{\"@type\":\"BreadcrumbList\",\"@id\":\"https:\\\/\\\/lebonchien.ca\\\/produit\\\/panier-appoint-voiture#breadcrumb\",\"itemListElement\":[{\"@type\":\"ListItem\",\"position\":1,\"name\":\"Boutique\",\"item\":\"https:\\\/\\\/lebonchien.ca\\\/boutique\"},{\"@type\":\"ListItem\",\"position\":2,\"name\":\"Accessoires pour la voiture\",\"item\":\"https:\\\/\\\/lebonchien.ca\\\/categorie-produit\\\/voiture\"},{\"@type\":\"ListItem\",\"position\":3,\"name\":\"Paniers pour la voiture\",\"item\":\"https:\\\/\\\/lebonchien.ca\\\/categorie-produit\\\/voiture\\\/paniers-voiture\"},{\"@type\":\"ListItem\",\"position\":4,\"name\":\"Panier d\u2019appoint de voiture pour chiens\"}]},{\"@type\":\"WebSite\",\"@id\":\"https:\\\/\\\/lebonchien.ca\\\/#website\",\"url\":\"https:\\\/\\\/lebonchien.ca\\\/\",\"name\":\"Le Bon Chien\",\"description\":\"Accessoires pour chien\",\"publisher\":{\"@id\":\"https:\\\/\\\/lebonchien.ca\\\/#organization\"},\"alternateName\":\"LBC\",\"potentialAction\":[{\"@type\":\"SearchAction\",\"target\":{\"@type\":\"EntryPoint\",\"urlTemplate\":\"https:\\\/\\\/lebonchien.ca\\\/?s={search_term_string}\"},\"query-input\":{\"@type\":\"PropertyValueSpecification\",\"valueRequired\":true,\"valueName\":\"search_term_string\"}}],\"inLanguage\":\"en-US\"},{\"@type\":\"Organization\",\"@id\":\"https:\\\/\\\/lebonchien.ca\\\/#organization\",\"name\":\"Le Bon Chien\",\"alternateName\":\"Le Bon Chien\",\"url\":\"https:\\\/\\\/lebonchien.ca\\\/\",\"logo\":{\"@type\":\"ImageObject\",\"inLanguage\":\"en-US\",\"@id\":\"https:\\\/\\\/lebonchien.ca\\\/#\\\/schema\\\/logo\\\/image\\\/\",\"url\":\"https:\\\/\\\/eyswx3xfcyq.exactdn.com\\\/wp-content\\\/uploads\\\/2023\\\/05\\\/logo-noir.png?lossy=1&ssl=1\",\"contentUrl\":\"https:\\\/\\\/eyswx3xfcyq.exactdn.com\\\/wp-content\\\/uploads\\\/2023\\\/05\\\/logo-noir.png?lossy=1&ssl=1\",\"width\":323,\"height\":326,\"caption\":\"Le Bon Chien\"},\"image\":{\"@id\":\"https:\\\/\\\/lebonchien.ca\\\/#\\\/schema\\\/logo\\\/image\\\/\"},\"sameAs\":[\"https:\\\/\\\/www.facebook.com\\\/LeBonChienQc\",\"https:\\\/\\\/www.instagram.com\\\/boutique_le_bon_chien\\\/\"]}]}<\/script>\n<!-- \/ Yoast SEO plugin. -->","yoast_head_json":{"title":"Car basket for dogs | The Good Dog","description":"S\u00e9curitaire &amp; Confortable \ud83d\udc36\ud83d\ude97  Offrez \u00e0 votre petit chien un trajet s\u00e9curitaire et confortable avec notre panier rehausseur pour voiture. Con\u00e7u pour les chiens de moins de 25 livres, il leur permet d\u2019avoir une vue d\u00e9gag\u00e9e tout en restant bien en place gr\u00e2ce \u00e0 sa laisse de s\u00e9curit\u00e9 int\u00e9gr\u00e9e.  &nbsp;","robots":{"index":"index","follow":"follow","max-snippet":"max-snippet:-1","max-image-preview":"max-image-preview:large","max-video-preview":"max-video-preview:-1"},"canonical":"https:\/\/lebonchien.ca\/en\/product-2\/car-basket-for-dogs","og_locale":"en_US","og_type":"article","og_title":"Panier d\u2019appoint de voiture pour chiens | Le Bon Chien","og_description":"S\u00e9curitaire &amp; Confortable \ud83d\udc36\ud83d\ude97  Offrez \u00e0 votre petit chien un trajet s\u00e9curitaire et confortable avec notre panier rehausseur pour voiture. Con\u00e7u pour les chiens de moins de 25 livres, il leur permet d\u2019avoir une vue d\u00e9gag\u00e9e tout en restant bien en place gr\u00e2ce \u00e0 sa laisse de s\u00e9curit\u00e9 int\u00e9gr\u00e9e.  &nbsp;","og_url":"https:\/\/lebonchien.ca\/en\/product-2\/car-basket-for-dogs","og_site_name":"Le Bon Chien","article_publisher":"https:\/\/www.facebook.com\/LeBonChienQc","article_modified_time":"2025-03-11T17:05:05+00:00","og_image":[{"width":2000,"height":2000,"url":"https:\/\/lebonchien.ca\/wp-content\/uploads\/2023\/05\/lbc-panier-appoint-4.webp","type":"image\/webp"}],"twitter_card":"summary_large_image","twitter_misc":{"Est. reading time":"1 minute"},"schema":{"@context":"https:\/\/schema.org","@graph":[{"@type":"WebPage","@id":"https:\/\/lebonchien.ca\/produit\/panier-appoint-voiture","url":"https:\/\/lebonchien.ca\/produit\/panier-appoint-voiture","name":"Car basket for dogs | The Good Dog","isPartOf":{"@id":"https:\/\/lebonchien.ca\/#website"},"primaryImageOfPage":{"@id":"https:\/\/lebonchien.ca\/produit\/panier-appoint-voiture#primaryimage"},"image":{"@id":"https:\/\/lebonchien.ca\/produit\/panier-appoint-voiture#primaryimage"},"thumbnailUrl":"https:\/\/eyswx3xfcyq.exactdn.com\/wp-content\/uploads\/2023\/05\/lbc-panier-appoint-4.webp","datePublished":"2023-05-01T20:59:13+00:00","dateModified":"2025-03-11T17:05:05+00:00","description":"S\u00e9curitaire &amp; Confortable \ud83d\udc36\ud83d\ude97 Offrez \u00e0 votre petit chien un trajet s\u00e9curitaire et confortable avec notre panier rehausseur pour voiture. Con\u00e7u pour les chiens de moins de 25 livres, il leur permet d\u2019avoir une vue d\u00e9gag\u00e9e tout en restant bien en place gr\u00e2ce \u00e0 sa laisse de s\u00e9curit\u00e9 int\u00e9gr\u00e9e. &nbsp;","breadcrumb":{"@id":"https:\/\/lebonchien.ca\/produit\/panier-appoint-voiture#breadcrumb"},"inLanguage":"en-US","potentialAction":[{"@type":"ReadAction","target":["https:\/\/lebonchien.ca\/produit\/panier-appoint-voiture"]}]},{"@type":"ImageObject","inLanguage":"en-US","@id":"https:\/\/lebonchien.ca\/produit\/panier-appoint-voiture#primaryimage","url":"https:\/\/eyswx3xfcyq.exactdn.com\/wp-content\/uploads\/2023\/05\/lbc-panier-appoint-4.webp","contentUrl":"https:\/\/eyswx3xfcyq.exactdn.com\/wp-content\/uploads\/2023\/05\/lbc-panier-appoint-4.webp","width":2000,"height":2000},{"@type":"BreadcrumbList","@id":"https:\/\/lebonchien.ca\/produit\/panier-appoint-voiture#breadcrumb","itemListElement":[{"@type":"ListItem","position":1,"name":"Boutique","item":"https:\/\/lebonchien.ca\/boutique"},{"@type":"ListItem","position":2,"name":"Accessoires pour la voiture","item":"https:\/\/lebonchien.ca\/categorie-produit\/voiture"},{"@type":"ListItem","position":3,"name":"Paniers pour la voiture","item":"https:\/\/lebonchien.ca\/categorie-produit\/voiture\/paniers-voiture"},{"@type":"ListItem","position":4,"name":"Panier d\u2019appoint de voiture pour chiens"}]},{"@type":"WebSite","@id":"https:\/\/lebonchien.ca\/#website","url":"https:\/\/lebonchien.ca\/","name":"The Good Dog","description":"Dog accessories","publisher":{"@id":"https:\/\/lebonchien.ca\/#organization"},"alternateName":"LBC","potentialAction":[{"@type":"SearchAction","target":{"@type":"EntryPoint","urlTemplate":"https:\/\/lebonchien.ca\/?s={search_term_string}"},"query-input":{"@type":"PropertyValueSpecification","valueRequired":true,"valueName":"search_term_string"}}],"inLanguage":"en-US"},{"@type":"Organization","@id":"https:\/\/lebonchien.ca\/#organization","name":"The Good Dog","alternateName":"Le Bon Chien","url":"https:\/\/lebonchien.ca\/","logo":{"@type":"ImageObject","inLanguage":"en-US","@id":"https:\/\/lebonchien.ca\/#\/schema\/logo\/image\/","url":"https:\/\/eyswx3xfcyq.exactdn.com\/wp-content\/uploads\/2023\/05\/logo-noir.png?lossy=1&ssl=1","contentUrl":"https:\/\/eyswx3xfcyq.exactdn.com\/wp-content\/uploads\/2023\/05\/logo-noir.png?lossy=1&ssl=1","width":323,"height":326,"caption":"Le Bon Chien"},"image":{"@id":"https:\/\/lebonchien.ca\/#\/schema\/logo\/image\/"},"sameAs":["https:\/\/www.facebook.com\/LeBonChienQc","https:\/\/www.instagram.com\/boutique_le_bon_chien\/"]}]}},"_links":{"self":[{"href":"https:\/\/lebonchien.ca\/en\/wp-json\/wp\/v2\/product\/82","targetHints":{"allow":["GET"]}}],"collection":[{"href":"https:\/\/lebonchien.ca\/en\/wp-json\/wp\/v2\/product"}],"about":[{"href":"https:\/\/lebonchien.ca\/en\/wp-json\/wp\/v2\/types\/product"}],"wp:featuredmedia":[{"embeddable":true,"href":"https:\/\/lebonchien.ca\/en\/wp-json\/wp\/v2\/media\/103"}],"wp:attachment":[{"href":"https:\/\/lebonchien.ca\/en\/wp-json\/wp\/v2\/media?parent=82"}],"wp:term":[{"taxonomy":"product_brand","embeddable":true,"href":"https:\/\/lebonchien.ca\/en\/wp-json\/wp\/v2\/product_brand?post=82"},{"taxonomy":"product_cat","embeddable":true,"href":"https:\/\/lebonchien.ca\/en\/wp-json\/wp\/v2\/product_cat?post=82"},{"taxonomy":"product_tag","embeddable":true,"href":"https:\/\/lebonchien.ca\/en\/wp-json\/wp\/v2\/product_tag?post=82"}],"curies":[{"name":"wp","href":"https:\/\/api.w.org\/{rel}","templated":true}]}}